{"id":841,"date":"2014-02-09T17:40:56","date_gmt":"2014-02-09T16:40:56","guid":{"rendered":"http:\/\/ottoschaefer.de\/birds_and_nature\/?page_id=841"},"modified":"2024-01-11T13:21:41","modified_gmt":"2024-01-11T12:21:41","slug":"buecher","status":"publish","type":"page","link":"https:\/\/ottoschaefer.de\/birds_and_nature\/buecher\/","title":{"rendered":"B\u00fccher"},"content":{"rendered":"<h2>B\u00fccher f\u00fcr Fotografen und an naturwissenschaftlichen Themen Interessierte<\/h2>\n<p>Neben der Fotografie gilt mein Interesse den Naturwissenschaften, insbesondere der Physik und Astronomie. Und gerade die Physik spielt f\u00fcr uns Fotografen eine wichtige Rolle. Man denke nur an die Themen Licht und Farbe.<\/p>\n<p>Daher habe ich im folgenden eine Liste von B\u00fcchern und Dokumentationen erstellt, welche sich mit diesen Themen besch\u00e4ftigt. Ich habe alle aufgef\u00fchrten B\u00fccher und Dokumente selbst gelesen und kann sie daher uneingeschr\u00e4nkt empfehlen.<\/p>\n<p>Daneben finden sich in der Liste auch eine Reihe bemerkenswerter Bildb\u00e4nde mit eindrucksvollen Natur- und Tieraufnahmen.<\/p>\n<p>Die B\u00fccher bekommen sie im Buchhandel. Einige sind leider nur noch als Restbest\u00e4nde oder antiquarisch verf\u00fcgbar.<\/p>\n<p>Viel Spa\u00df bei der Lekt\u00fcre<\/p>\n\n<table id=\"tablepress-5\" class=\"tablepress tablepress-id-5\">\n<thead>\n<tr class=\"row-1\">\n\t<th class=\"column-1\" style=\"width:12%;\">Bild<\/th><th class=\"column-2\" style=\"width:16%;\">Titel<\/th><th class=\"column-3\" style=\"width:15%;\">Autor<\/th><th class=\"column-4\" style=\"width:35%;\">Kommentar<\/th><th class=\"column-5\" style=\"width:12%;\">ISBN<\/th><th class=\"column-6\" style=\"width:10%;\">Kategorie<\/th>\n<\/tr>\n<\/thead>\n<tbody class=\"row-striping row-hover\">\n<tr class=\"row-2\">\n\t<td class=\"column-1\"><\/td><td class=\"column-2\">Der Wolkenatlas<\/td><td class=\"column-3\">Bernhard M\u00fchr, Winfried Berberich<\/td><td class=\"column-4\">Ein sehr sch\u00f6nes Buch \u00fcber die verschiedenen Wolkenarten und deren Entstehung<\/td><td class=\"column-5\">9783934223189<\/td><td class=\"column-6\">Sachbuch<\/td>\n<\/tr>\n<tr class=\"row-3\">\n\t<td class=\"column-1\"><\/td><td class=\"column-2\">Farben: Natur, Technik Kunst<\/td><td class=\"column-3\">Norbert Welsch, Claus Chr. Liebmann<\/td><td class=\"column-4\">Nur wenige B\u00fccher besch\u00e4ftigen sich so ausgiebig mit dem Thema Farben: Angefangen von ihrer Bedeutung in der Geschichte, \u00fcber Farbpsychologie, Farbsehen bis zur technischen Verwendung. Ein sehr interessantes Buch!<\/td><td class=\"column-5\">9783827417725<\/td><td class=\"column-6\">Sachbuch<\/td>\n<\/tr>\n<tr class=\"row-4\">\n\t<td class=\"column-1\"><\/td><td class=\"column-2\">Polarlichter<\/td><td class=\"column-3\">Andreas Pfoser, Tom Eklund<\/td><td class=\"column-4\">Trotz mehrfacher Aufenthalte in Skandinavien hatte ich noch nicht das Gl\u00fcck Polarlichter zusehen. Diese Buch f\u00fchrt sehr gut in das Thema ein und gibt auch Tips zur Fotografie<\/td><td class=\"column-5\">9783938469460<\/td><td class=\"column-6\">Sachbuch<\/td>\n<\/tr>\n<tr class=\"row-5\">\n\t<td class=\"column-1\"><\/td><td class=\"column-2\">BLAU Die Farbe des Himmels<\/td><td class=\"column-3\">G\u00f6tz Hoeppe<\/td><td class=\"column-4\">Warum ist der Himmel tags\u00fcber blau? Diese Frage kann einfach oder auch sehr detailiert beantwortet werden. Das vorliegende Buch macht Letzteres und betrachtet dieses Thema sowohl aus kulturgeschichtlicher als auch naturwissenschaftlicher Sicht.<\/td><td class=\"column-5\">9783827404855<\/td><td class=\"column-6\">Sachbuch<\/td>\n<\/tr>\n<tr class=\"row-6\">\n\t<td class=\"column-1\"><\/td><td class=\"column-2\">Von Licht und Farben<\/td><td class=\"column-3\">Isaac Newton<\/td><td class=\"column-4\">Wie alles begann. Die deutsche \u00dcbersetzung Isaac Newtons Abhandlung \"Opticks\"<\/td><td class=\"column-5\">9783867636049<\/td><td class=\"column-6\">Sachbuch<\/td>\n<\/tr>\n<tr class=\"row-7\">\n\t<td class=\"column-1\"><\/td><td class=\"column-2\">Light and Color in the Outdoors<\/td><td class=\"column-3\">Marcel Minnaert<\/td><td class=\"column-4\">Eine sehr ausf\u00fchrlich Beschreibung zum Thema Licht und Fraben und damit zusammenh\u00e4ngender Ph\u00e4nomene in der Natur. Leider nur in englisch verf\u00fcgbar, aber trotzdem sehr lesenswert.<\/td><td class=\"column-5\">9780387979359<\/td><td class=\"column-6\">Sachbuch<\/td>\n<\/tr>\n<tr class=\"row-8\">\n\t<td class=\"column-1\"><\/td><td class=\"column-2\">Lichtf\u00e4nger<\/td><td class=\"column-3\">Arthur Zajonc<\/td><td class=\"column-4\">Welche Gedanken haben sich die Menschen in den letzten  drei tausend Jahren zum Thema Licht und Sehen gemacht und welche Erkenntnisse haben sie dabei gewonnen? Die Beantwortung dieser Frage ist dem Autor durchaus gelungen<\/td><td class=\"column-5\">9783772522796<\/td><td class=\"column-6\">Sachbuch<\/td>\n<\/tr>\n<tr class=\"row-9\">\n\t<td class=\"column-1\"><\/td><td class=\"column-2\">photopgraphing wildbirds<\/td><td class=\"column-3\">Chris Gomersall<\/td><td class=\"column-4\">Ist zwar schon etwas \u00e4lter, aber trotzdem eine gute Hilfe f\u00fcr Einsteiger in die Materie der Vogelfotografie. Leider nur in englischer Sprache.<\/td><td class=\"column-5\">9780715321447<\/td><td class=\"column-6\">Sachbuch<\/td>\n<\/tr>\n<tr class=\"row-10\">\n\t<td class=\"column-1\"><\/td><td class=\"column-2\">Extremadura<\/td><td class=\"column-3\">Joachim Griesinger, Manuela Seifert<\/td><td class=\"column-4\">Ein Buch \u00fcber die Extremadura, Spaniens \u00e4lteste Kulturlandschaft, welche die wenigsten von uns kennen, die aber zu fast allen Jahreszeiten vielf\u00e4ltige Motive bietet, seien es seltene Orchideen oder die ca. 80.000 Kraniche, die jedes Jahr dort \u00fcberwintern<\/td><td class=\"column-5\">9783939172208<\/td><td class=\"column-6\">Bildband<\/td>\n<\/tr>\n<tr class=\"row-11\">\n\t<td class=\"column-1\"><\/td><td class=\"column-2\">Vogelwild<\/td><td class=\"column-3\">Diverse<\/td><td class=\"column-4\">Eine faszinierende Sammlung von Bilder der bekannten finnischen Fotografen Arto Juvonen, Tomi Muukkonen, Jari Peltom\u00e4ki und Markus Varesvuo<\/td><td class=\"column-5\">9783894057923<\/td><td class=\"column-6\">Bildband<\/td>\n<\/tr>\n<tr class=\"row-12\">\n\t<td class=\"column-1\"><\/td><td class=\"column-2\">Wild Wonders of Europe<\/td><td class=\"column-3\">Diverse<\/td><td class=\"column-4\">69 Fotografen haben aus 48 L\u00e4ndern Bilder von atemberaubenden Landschaften, Flora und Fauna in diesem einmaligen Bildband zusammengetragen.<\/td><td class=\"column-5\">9783866901742<\/td><td class=\"column-6\">Bildband<\/td>\n<\/tr>\n<tr class=\"row-13\">\n\t<td class=\"column-1\"><\/td><td class=\"column-2\">Pantanal<\/td><td class=\"column-3\">Angelika Hofer, G\u00fcnter Ziesler<\/td><td class=\"column-4\">Eines meiner n\u00e4chsten Reiseziele: das gr\u00f6\u00dfte Feuchtgebiet der Erde im S\u00fcdwesten Brasiliens. Tiere, die sonst im Dschungel verborgen bleiben, kann man hier antreffen, Jaguar, Tapir, Puma und zahllose Wasserv\u00f6gel<\/td><td class=\"column-5\">9783939172154<\/td><td class=\"column-6\">Bildband<\/td>\n<\/tr>\n<tr class=\"row-14\">\n\t<td class=\"column-1\"><\/td><td class=\"column-2\">Der Bartgeier<\/td><td class=\"column-3\">Klaus Robin, J\u00fcrg Paul M\u00fcller, Thomas Pachlatko<\/td><td class=\"column-4\">Ein sehr interessantes Buch \u00fcber ein Wiederansiedelungsprojekt des Bartgeiers in den Schweizer Alpen und eines der wenigen B\u00fccher, welches sich ausschlie\u00dflich mit dem Bartgeier besch\u00e4ftigt. Leider nur noch gebraucht oder als Restbestand verf\u00fcgbar.<\/td><td class=\"column-5\">3952287407<\/td><td class=\"column-6\">Sachbuch<\/td>\n<\/tr>\n<\/tbody>\n<\/table>\n<!-- #tablepress-5 from cache -->\n<p>&nbsp;<\/p>\n","protected":false},"excerpt":{"rendered":"<p>B\u00fccher f\u00fcr Fotografen und an naturwissenschaftlichen Themen Interessierte Neben der Fotografie gilt mein Interesse den Naturwissenschaften, insbesondere der Physik und Astronomie. Und gerade die Physik spielt f\u00fcr uns Fotografen eine wichtige Rolle. Man denke nur an die Themen Licht und Farbe. Daher habe ich im folgenden eine Liste von B\u00fcchern und Dokumentationen erstellt, welche sich [&hellip;]<\/p>\n","protected":false},"author":1,"featured_media":0,"parent":0,"menu_order":0,"comment_status":"closed","ping_status":"closed","template":"","meta":{"ngg_post_thumbnail":0,"footnotes":""},"class_list":["post-841","page","type-page","status-publish","hentry","entry"],"_links":{"self":[{"href":"https:\/\/ottoschaefer.de\/birds_and_nature\/wp-json\/wp\/v2\/pages\/841","targetHints":{"allow":["GET"]}}],"collection":[{"href":"https:\/\/ottoschaefer.de\/birds_and_nature\/wp-json\/wp\/v2\/pages"}],"about":[{"href":"https:\/\/ottoschaefer.de\/birds_and_nature\/wp-json\/wp\/v2\/types\/page"}],"author":[{"embeddable":true,"href":"https:\/\/ottoschaefer.de\/birds_and_nature\/wp-json\/wp\/v2\/users\/1"}],"replies":[{"embeddable":true,"href":"https:\/\/ottoschaefer.de\/birds_and_nature\/wp-json\/wp\/v2\/comments?post=841"}],"version-history":[{"count":12,"href":"https:\/\/ottoschaefer.de\/birds_and_nature\/wp-json\/wp\/v2\/pages\/841\/revisions"}],"predecessor-version":[{"id":3366,"href":"https:\/\/ottoschaefer.de\/birds_and_nature\/wp-json\/wp\/v2\/pages\/841\/revisions\/3366"}],"wp:attachment":[{"href":"https:\/\/ottoschaefer.de\/birds_and_nature\/wp-json\/wp\/v2\/media?parent=841"}],"curies":[{"name":"wp","href":"https:\/\/api.w.org\/{rel}","templated":true}]}}