{"id":823,"date":"2014-01-15T23:13:19","date_gmt":"2014-01-15T22:13:19","guid":{"rendered":"http:\/\/ottoschaefer.de\/birds_and_nature\/?page_id=823"},"modified":"2014-01-15T23:13:19","modified_gmt":"2014-01-15T22:13:19","slug":"usa-2006","status":"publish","type":"page","link":"https:\/\/ottoschaefer.de\/birds_and_nature\/usa-2006\/","title":{"rendered":"USA 2006"},"content":{"rendered":"<h2>USA, Red Rock Canyon, Grand Canyon und Death Valley<\/h2>\n<p>Anl\u00e4\u00dflich einer Gesch\u00e4ftsreise\u00a0 nach Las Vegas, hatte ich die Gelegenheit ein paar Tage l\u00e4nger zu bleiben und besuchte den Red Rock Canyon bei Las Vegas, den Grand Canyon und das Death Valley. Den Grand Canyon kann man sich nicht vorstellen, man muss ihn gesehen haben. Und das &#8222;Tal des Todes&#8220; beeindruckt mit einer enormen Pflanzenvielfalt.<\/p>\n<p><style>\n\t#gallery_5313f5fdd80facdebd860050d0678f51 .image-wrapper {\n\t\tmargin-left: 5px;\n\t\tmargin-bottom: 5px;\n\t\tpadding: 20px;\n\t\tborder: solid 1px #CCCCCC;\n\t\tbackground-color: #FFFFFF;\n\t\tmax-width: 162px;\n\t}\n\n\t#gallery_5313f5fdd80facdebd860050d0678f51 .image-wrapper a {\n\t\twidth: 120px;\n\t\theight: 90px;\n\t}\n\n\t#gallery_5313f5fdd80facdebd860050d0678f51 .nextgen_pro_film_title {\n\t\t\t}\n\n\t#gallery_5313f5fdd80facdebd860050d0678f51 .nextgen_pro_film_description {\n\t\t\t}\n<\/style><div class=\"nextgen_pro_film\" id=\"gallery_5313f5fdd80facdebd860050d0678f51\"\n\t\tdata-gallery-id=\"USA\"><div id=\"ngg-image-0\" class=\"image-wrapper\"><a href=\"https:\/\/ottoschaefer.de\/birds_and_nature\/wp-content\/gallery\/bilder\/2006-04-23-05-usa-reise-red-rock-canyon.jpg\"\n\t\t\t\t\t\t\t\ttitle=\"\"\n\t\t\t\t\t\t\t\tdata-src=\"https:\/\/ottoschaefer.de\/birds_and_nature\/wp-content\/gallery\/bilder\/2006-04-23-05-usa-reise-red-rock-canyon.jpg\"\n\t\t\t\t\t\t\t\tdata-thumbnail=\"https:\/\/ottoschaefer.de\/birds_and_nature\/wp-content\/gallery\/bilder\/thumbs\/thumbs_2006-04-23-05-usa-reise-red-rock-canyon.jpg\"\n\t\t\t\t\t\t\t\tdata-image-id=\"395\"\n\t\t\t\t\t\t\t\tdata-title=\"2006-04-23-05-usa-reise-red-rock-canyon\"\n\t\t\t\t\t\t\t\tdata-description=\"\"\n\t\t\t\t\t\t\t\t\t\t\t\t\t\t\t\t\t\t\t\t\t\t\t\t\t\t\t\t\t\t\t\t\t\t\t\t\t\t\tclass='nextgen_pro_lightbox' data-nplmodal-gallery-id='5313f5fdd80facdebd860050d0678f51'><picture><source srcset='https:\/\/ottoschaefer.de\/birds_and_nature\/wp-content\/gallery\/bilder\/cache\/2006-04-23-05-usa-reise-red-rock-canyon.jpg-nggid03395-ngg0dyn-120x90x100-00f0w010c010r110f110r010t010.jpg'><img class=\"nextgen_pro_film_image\" title=\"2006-04-23-05-usa-reise-red-rock-canyon\" alt=\"2006-04-23-05-usa-reise-red-rock-canyon\" width=\"120\" height=\"80\" style=\"max-width:120px;max-height:80px\" src=\"https:\/\/ottoschaefer.de\/birds_and_nature\/wp-content\/gallery\/bilder\/cache\/2006-04-23-05-usa-reise-red-rock-canyon.jpg-nggid03395-ngg0dyn-120x90x100-00f0w010c010r110f110r010t010.jpg\" srcset=\"https:\/\/ottoschaefer.de\/birds_and_nature\/wp-content\/gallery\/bilder\/cache\/2006-04-23-05-usa-reise-red-rock-canyon.jpg-nggid03395-ngg0dyn-120x90x100-00f0w010c010r110f110r010t010.jpg\" \/><\/picture>\t\t\t\t\t\t\t<\/a><div class='ngg-trigger-buttons'><i class='fa ngg-trigger nextgen_pro_lightbox fa-share-square' data-nplmodal-gallery-id='5313f5fdd80facdebd860050d0678f51' data-image-id='395'><\/i><\/div>\t\t\t\t\t<\/div><div id=\"ngg-image-1\" class=\"image-wrapper\"><a href=\"https:\/\/ottoschaefer.de\/birds_and_nature\/wp-content\/gallery\/bilder\/2006-04-23-08-usa-reise-red-rock-canyon.jpg\"\n\t\t\t\t\t\t\t\ttitle=\"\"\n\t\t\t\t\t\t\t\tdata-src=\"https:\/\/ottoschaefer.de\/birds_and_nature\/wp-content\/gallery\/bilder\/2006-04-23-08-usa-reise-red-rock-canyon.jpg\"\n\t\t\t\t\t\t\t\tdata-thumbnail=\"https:\/\/ottoschaefer.de\/birds_and_nature\/wp-content\/gallery\/bilder\/thumbs\/thumbs_2006-04-23-08-usa-reise-red-rock-canyon.jpg\"\n\t\t\t\t\t\t\t\tdata-image-id=\"396\"\n\t\t\t\t\t\t\t\tdata-title=\"2006-04-23-08-usa-reise-red-rock-canyon\"\n\t\t\t\t\t\t\t\tdata-description=\"\"\n\t\t\t\t\t\t\t\t\t\t\t\t\t\t\t\t\t\t\t\t\t\t\t\t\t\t\t\t\t\t\t\t\t\t\t\t\t\t\tclass='nextgen_pro_lightbox' data-nplmodal-gallery-id='5313f5fdd80facdebd860050d0678f51'><picture><source srcset='https:\/\/ottoschaefer.de\/birds_and_nature\/wp-content\/gallery\/bilder\/cache\/2006-04-23-08-usa-reise-red-rock-canyon.jpg-nggid03396-ngg0dyn-120x90x100-00f0w010c010r110f110r010t010.jpg'><img class=\"nextgen_pro_film_image\" title=\"2006-04-23-08-usa-reise-red-rock-canyon\" alt=\"2006-04-23-08-usa-reise-red-rock-canyon\" width=\"120\" height=\"80\" style=\"max-width:120px;max-height:80px\" src=\"https:\/\/ottoschaefer.de\/birds_and_nature\/wp-content\/gallery\/bilder\/cache\/2006-04-23-08-usa-reise-red-rock-canyon.jpg-nggid03396-ngg0dyn-120x90x100-00f0w010c010r110f110r010t010.jpg\" srcset=\"https:\/\/ottoschaefer.de\/birds_and_nature\/wp-content\/gallery\/bilder\/cache\/2006-04-23-08-usa-reise-red-rock-canyon.jpg-nggid03396-ngg0dyn-120x90x100-00f0w010c010r110f110r010t010.jpg\" \/><\/picture>\t\t\t\t\t\t\t<\/a><div class='ngg-trigger-buttons'><i class='fa ngg-trigger nextgen_pro_lightbox fa-share-square' data-nplmodal-gallery-id='5313f5fdd80facdebd860050d0678f51' data-image-id='396'><\/i><\/div>\t\t\t\t\t<\/div><div id=\"ngg-image-2\" class=\"image-wrapper\"><a href=\"https:\/\/ottoschaefer.de\/birds_and_nature\/wp-content\/gallery\/bilder\/2006-04-23-10-usa-reise-red-rock-canyon.jpg\"\n\t\t\t\t\t\t\t\ttitle=\"\"\n\t\t\t\t\t\t\t\tdata-src=\"https:\/\/ottoschaefer.de\/birds_and_nature\/wp-content\/gallery\/bilder\/2006-04-23-10-usa-reise-red-rock-canyon.jpg\"\n\t\t\t\t\t\t\t\tdata-thumbnail=\"https:\/\/ottoschaefer.de\/birds_and_nature\/wp-content\/gallery\/bilder\/thumbs\/thumbs_2006-04-23-10-usa-reise-red-rock-canyon.jpg\"\n\t\t\t\t\t\t\t\tdata-image-id=\"397\"\n\t\t\t\t\t\t\t\tdata-title=\"2006-04-23-10-usa-reise-red-rock-canyon\"\n\t\t\t\t\t\t\t\tdata-description=\"\"\n\t\t\t\t\t\t\t\t\t\t\t\t\t\t\t\t\t\t\t\t\t\t\t\t\t\t\t\t\t\t\t\t\t\t\t\t\t\t\tclass='nextgen_pro_lightbox' data-nplmodal-gallery-id='5313f5fdd80facdebd860050d0678f51'><picture><source srcset='https:\/\/ottoschaefer.de\/birds_and_nature\/wp-content\/gallery\/bilder\/cache\/2006-04-23-10-usa-reise-red-rock-canyon.jpg-nggid03397-ngg0dyn-120x90x100-00f0w010c010r110f110r010t010.jpg'><img class=\"nextgen_pro_film_image\" title=\"2006-04-23-10-usa-reise-red-rock-canyon\" alt=\"2006-04-23-10-usa-reise-red-rock-canyon\" width=\"120\" height=\"80\" style=\"max-width:120px;max-height:80px\" src=\"https:\/\/ottoschaefer.de\/birds_and_nature\/wp-content\/gallery\/bilder\/cache\/2006-04-23-10-usa-reise-red-rock-canyon.jpg-nggid03397-ngg0dyn-120x90x100-00f0w010c010r110f110r010t010.jpg\" srcset=\"https:\/\/ottoschaefer.de\/birds_and_nature\/wp-content\/gallery\/bilder\/cache\/2006-04-23-10-usa-reise-red-rock-canyon.jpg-nggid03397-ngg0dyn-120x90x100-00f0w010c010r110f110r010t010.jpg\" \/><\/picture>\t\t\t\t\t\t\t<\/a><div class='ngg-trigger-buttons'><i class='fa ngg-trigger nextgen_pro_lightbox fa-share-square' data-nplmodal-gallery-id='5313f5fdd80facdebd860050d0678f51' data-image-id='397'><\/i><\/div>\t\t\t\t\t<\/div><div id=\"ngg-image-3\" class=\"image-wrapper\"><a href=\"https:\/\/ottoschaefer.de\/birds_and_nature\/wp-content\/gallery\/bilder\/2006-04-23-21-usa-reise-red-rock-canyon.jpg\"\n\t\t\t\t\t\t\t\ttitle=\"\"\n\t\t\t\t\t\t\t\tdata-src=\"https:\/\/ottoschaefer.de\/birds_and_nature\/wp-content\/gallery\/bilder\/2006-04-23-21-usa-reise-red-rock-canyon.jpg\"\n\t\t\t\t\t\t\t\tdata-thumbnail=\"https:\/\/ottoschaefer.de\/birds_and_nature\/wp-content\/gallery\/bilder\/thumbs\/thumbs_2006-04-23-21-usa-reise-red-rock-canyon.jpg\"\n\t\t\t\t\t\t\t\tdata-image-id=\"398\"\n\t\t\t\t\t\t\t\tdata-title=\"2006-04-23-21-usa-reise-red-rock-canyon\"\n\t\t\t\t\t\t\t\tdata-description=\"\"\n\t\t\t\t\t\t\t\t\t\t\t\t\t\t\t\t\t\t\t\t\t\t\t\t\t\t\t\t\t\t\t\t\t\t\t\t\t\t\tclass='nextgen_pro_lightbox' data-nplmodal-gallery-id='5313f5fdd80facdebd860050d0678f51'><picture><source srcset='https:\/\/ottoschaefer.de\/birds_and_nature\/wp-content\/gallery\/bilder\/cache\/2006-04-23-21-usa-reise-red-rock-canyon.jpg-nggid03398-ngg0dyn-120x90x100-00f0w010c010r110f110r010t010.jpg'><img class=\"nextgen_pro_film_image\" title=\"2006-04-23-21-usa-reise-red-rock-canyon\" alt=\"2006-04-23-21-usa-reise-red-rock-canyon\" width=\"120\" height=\"80\" style=\"max-width:120px;max-height:80px\" src=\"https:\/\/ottoschaefer.de\/birds_and_nature\/wp-content\/gallery\/bilder\/cache\/2006-04-23-21-usa-reise-red-rock-canyon.jpg-nggid03398-ngg0dyn-120x90x100-00f0w010c010r110f110r010t010.jpg\" srcset=\"https:\/\/ottoschaefer.de\/birds_and_nature\/wp-content\/gallery\/bilder\/cache\/2006-04-23-21-usa-reise-red-rock-canyon.jpg-nggid03398-ngg0dyn-120x90x100-00f0w010c010r110f110r010t010.jpg\" \/><\/picture>\t\t\t\t\t\t\t<\/a><div class='ngg-trigger-buttons'><i class='fa ngg-trigger nextgen_pro_lightbox fa-share-square' data-nplmodal-gallery-id='5313f5fdd80facdebd860050d0678f51' data-image-id='398'><\/i><\/div>\t\t\t\t\t<\/div><div id=\"ngg-image-4\" class=\"image-wrapper\"><a href=\"https:\/\/ottoschaefer.de\/birds_and_nature\/wp-content\/gallery\/bilder\/2006-04-23-34-usa-reise-red-rock-canyon.jpg\"\n\t\t\t\t\t\t\t\ttitle=\"\"\n\t\t\t\t\t\t\t\tdata-src=\"https:\/\/ottoschaefer.de\/birds_and_nature\/wp-content\/gallery\/bilder\/2006-04-23-34-usa-reise-red-rock-canyon.jpg\"\n\t\t\t\t\t\t\t\tdata-thumbnail=\"https:\/\/ottoschaefer.de\/birds_and_nature\/wp-content\/gallery\/bilder\/thumbs\/thumbs_2006-04-23-34-usa-reise-red-rock-canyon.jpg\"\n\t\t\t\t\t\t\t\tdata-image-id=\"399\"\n\t\t\t\t\t\t\t\tdata-title=\"2006-04-23-34-usa-reise-red-rock-canyon\"\n\t\t\t\t\t\t\t\tdata-description=\"\"\n\t\t\t\t\t\t\t\t\t\t\t\t\t\t\t\t\t\t\t\t\t\t\t\t\t\t\t\t\t\t\t\t\t\t\t\t\t\t\tclass='nextgen_pro_lightbox' data-nplmodal-gallery-id='5313f5fdd80facdebd860050d0678f51'><picture><source srcset='https:\/\/ottoschaefer.de\/birds_and_nature\/wp-content\/gallery\/bilder\/cache\/2006-04-23-34-usa-reise-red-rock-canyon.jpg-nggid03399-ngg0dyn-120x90x100-00f0w010c010r110f110r010t010.jpg'><img class=\"nextgen_pro_film_image\" title=\"2006-04-23-34-usa-reise-red-rock-canyon\" alt=\"2006-04-23-34-usa-reise-red-rock-canyon\" width=\"120\" height=\"80\" style=\"max-width:120px;max-height:80px\" src=\"https:\/\/ottoschaefer.de\/birds_and_nature\/wp-content\/gallery\/bilder\/cache\/2006-04-23-34-usa-reise-red-rock-canyon.jpg-nggid03399-ngg0dyn-120x90x100-00f0w010c010r110f110r010t010.jpg\" srcset=\"https:\/\/ottoschaefer.de\/birds_and_nature\/wp-content\/gallery\/bilder\/cache\/2006-04-23-34-usa-reise-red-rock-canyon.jpg-nggid03399-ngg0dyn-120x90x100-00f0w010c010r110f110r010t010.jpg\" \/><\/picture>\t\t\t\t\t\t\t<\/a><div class='ngg-trigger-buttons'><i class='fa ngg-trigger nextgen_pro_lightbox fa-share-square' data-nplmodal-gallery-id='5313f5fdd80facdebd860050d0678f51' data-image-id='399'><\/i><\/div>\t\t\t\t\t<\/div><div id=\"ngg-image-5\" class=\"image-wrapper\"><a href=\"https:\/\/ottoschaefer.de\/birds_and_nature\/wp-content\/gallery\/bilder\/2006-04-23-45-usa-reise-red-rock-canyon.jpg\"\n\t\t\t\t\t\t\t\ttitle=\"\"\n\t\t\t\t\t\t\t\tdata-src=\"https:\/\/ottoschaefer.de\/birds_and_nature\/wp-content\/gallery\/bilder\/2006-04-23-45-usa-reise-red-rock-canyon.jpg\"\n\t\t\t\t\t\t\t\tdata-thumbnail=\"https:\/\/ottoschaefer.de\/birds_and_nature\/wp-content\/gallery\/bilder\/thumbs\/thumbs_2006-04-23-45-usa-reise-red-rock-canyon.jpg\"\n\t\t\t\t\t\t\t\tdata-image-id=\"400\"\n\t\t\t\t\t\t\t\tdata-title=\"2006-04-23-45-usa-reise-red-rock-canyon\"\n\t\t\t\t\t\t\t\tdata-description=\"\"\n\t\t\t\t\t\t\t\t\t\t\t\t\t\t\t\t\t\t\t\t\t\t\t\t\t\t\t\t\t\t\t\t\t\t\t\t\t\t\tclass='nextgen_pro_lightbox' data-nplmodal-gallery-id='5313f5fdd80facdebd860050d0678f51'><picture><source srcset='https:\/\/ottoschaefer.de\/birds_and_nature\/wp-content\/gallery\/bilder\/cache\/2006-04-23-45-usa-reise-red-rock-canyon.jpg-nggid03400-ngg0dyn-120x90x100-00f0w010c010r110f110r010t010.jpg'><img class=\"nextgen_pro_film_image\" title=\"2006-04-23-45-usa-reise-red-rock-canyon\" alt=\"2006-04-23-45-usa-reise-red-rock-canyon\" width=\"120\" height=\"80\" style=\"max-width:120px;max-height:80px\" src=\"https:\/\/ottoschaefer.de\/birds_and_nature\/wp-content\/gallery\/bilder\/cache\/2006-04-23-45-usa-reise-red-rock-canyon.jpg-nggid03400-ngg0dyn-120x90x100-00f0w010c010r110f110r010t010.jpg\" srcset=\"https:\/\/ottoschaefer.de\/birds_and_nature\/wp-content\/gallery\/bilder\/cache\/2006-04-23-45-usa-reise-red-rock-canyon.jpg-nggid03400-ngg0dyn-120x90x100-00f0w010c010r110f110r010t010.jpg\" \/><\/picture>\t\t\t\t\t\t\t<\/a><div class='ngg-trigger-buttons'><i class='fa ngg-trigger nextgen_pro_lightbox fa-share-square' data-nplmodal-gallery-id='5313f5fdd80facdebd860050d0678f51' data-image-id='400'><\/i><\/div>\t\t\t\t\t<\/div><div id=\"ngg-image-6\" class=\"image-wrapper\"><a href=\"https:\/\/ottoschaefer.de\/birds_and_nature\/wp-content\/gallery\/bilder\/2006-04-24-13-usa-reise-grand-canyon-tour.jpg\"\n\t\t\t\t\t\t\t\ttitle=\"\"\n\t\t\t\t\t\t\t\tdata-src=\"https:\/\/ottoschaefer.de\/birds_and_nature\/wp-content\/gallery\/bilder\/2006-04-24-13-usa-reise-grand-canyon-tour.jpg\"\n\t\t\t\t\t\t\t\tdata-thumbnail=\"https:\/\/ottoschaefer.de\/birds_and_nature\/wp-content\/gallery\/bilder\/thumbs\/thumbs_2006-04-24-13-usa-reise-grand-canyon-tour.jpg\"\n\t\t\t\t\t\t\t\tdata-image-id=\"401\"\n\t\t\t\t\t\t\t\tdata-title=\"2006-04-24-13-usa-reise-grand-canyon-tour\"\n\t\t\t\t\t\t\t\tdata-description=\"\"\n\t\t\t\t\t\t\t\t\t\t\t\t\t\t\t\t\t\t\t\t\t\t\t\t\t\t\t\t\t\t\t\t\t\t\t\t\t\t\tclass='nextgen_pro_lightbox' data-nplmodal-gallery-id='5313f5fdd80facdebd860050d0678f51'><picture><source srcset='https:\/\/ottoschaefer.de\/birds_and_nature\/wp-content\/gallery\/bilder\/cache\/2006-04-24-13-usa-reise-grand-canyon-tour.jpg-nggid03401-ngg0dyn-120x90x100-00f0w010c010r110f110r010t010.jpg'><img class=\"nextgen_pro_film_image\" title=\"2006-04-24-13-usa-reise-grand-canyon-tour\" alt=\"2006-04-24-13-usa-reise-grand-canyon-tour\" width=\"60\" height=\"90\" style=\"max-width:60px;max-height:90px\" src=\"https:\/\/ottoschaefer.de\/birds_and_nature\/wp-content\/gallery\/bilder\/cache\/2006-04-24-13-usa-reise-grand-canyon-tour.jpg-nggid03401-ngg0dyn-120x90x100-00f0w010c010r110f110r010t010.jpg\" srcset=\"https:\/\/ottoschaefer.de\/birds_and_nature\/wp-content\/gallery\/bilder\/cache\/2006-04-24-13-usa-reise-grand-canyon-tour.jpg-nggid03401-ngg0dyn-120x90x100-00f0w010c010r110f110r010t010.jpg\" \/><\/picture>\t\t\t\t\t\t\t<\/a><div class='ngg-trigger-buttons'><i class='fa ngg-trigger nextgen_pro_lightbox fa-share-square' data-nplmodal-gallery-id='5313f5fdd80facdebd860050d0678f51' data-image-id='401'><\/i><\/div>\t\t\t\t\t<\/div><div id=\"ngg-image-7\" class=\"image-wrapper\"><a href=\"https:\/\/ottoschaefer.de\/birds_and_nature\/wp-content\/gallery\/bilder\/2006-04-24-32-usa-reise-grand-canyon-tour.jpg\"\n\t\t\t\t\t\t\t\ttitle=\"\"\n\t\t\t\t\t\t\t\tdata-src=\"https:\/\/ottoschaefer.de\/birds_and_nature\/wp-content\/gallery\/bilder\/2006-04-24-32-usa-reise-grand-canyon-tour.jpg\"\n\t\t\t\t\t\t\t\tdata-thumbnail=\"https:\/\/ottoschaefer.de\/birds_and_nature\/wp-content\/gallery\/bilder\/thumbs\/thumbs_2006-04-24-32-usa-reise-grand-canyon-tour.jpg\"\n\t\t\t\t\t\t\t\tdata-image-id=\"402\"\n\t\t\t\t\t\t\t\tdata-title=\"2006-04-24-32-usa-reise-grand-canyon-tour\"\n\t\t\t\t\t\t\t\tdata-description=\"\"\n\t\t\t\t\t\t\t\t\t\t\t\t\t\t\t\t\t\t\t\t\t\t\t\t\t\t\t\t\t\t\t\t\t\t\t\t\t\t\tclass='nextgen_pro_lightbox' data-nplmodal-gallery-id='5313f5fdd80facdebd860050d0678f51'><picture><source srcset='https:\/\/ottoschaefer.de\/birds_and_nature\/wp-content\/gallery\/bilder\/cache\/2006-04-24-32-usa-reise-grand-canyon-tour.jpg-nggid03402-ngg0dyn-120x90x100-00f0w010c010r110f110r010t010.jpg'><img class=\"nextgen_pro_film_image\" title=\"2006-04-24-32-usa-reise-grand-canyon-tour\" alt=\"2006-04-24-32-usa-reise-grand-canyon-tour\" width=\"120\" height=\"80\" style=\"max-width:120px;max-height:80px\" src=\"https:\/\/ottoschaefer.de\/birds_and_nature\/wp-content\/gallery\/bilder\/cache\/2006-04-24-32-usa-reise-grand-canyon-tour.jpg-nggid03402-ngg0dyn-120x90x100-00f0w010c010r110f110r010t010.jpg\" srcset=\"https:\/\/ottoschaefer.de\/birds_and_nature\/wp-content\/gallery\/bilder\/cache\/2006-04-24-32-usa-reise-grand-canyon-tour.jpg-nggid03402-ngg0dyn-120x90x100-00f0w010c010r110f110r010t010.jpg\" \/><\/picture>\t\t\t\t\t\t\t<\/a><div class='ngg-trigger-buttons'><i class='fa ngg-trigger nextgen_pro_lightbox fa-share-square' data-nplmodal-gallery-id='5313f5fdd80facdebd860050d0678f51' data-image-id='402'><\/i><\/div>\t\t\t\t\t<\/div><div id=\"ngg-image-8\" class=\"image-wrapper\"><a href=\"https:\/\/ottoschaefer.de\/birds_and_nature\/wp-content\/gallery\/bilder\/2006-04-24-34-usa-reise-grand-canyon-tour.jpg\"\n\t\t\t\t\t\t\t\ttitle=\"\"\n\t\t\t\t\t\t\t\tdata-src=\"https:\/\/ottoschaefer.de\/birds_and_nature\/wp-content\/gallery\/bilder\/2006-04-24-34-usa-reise-grand-canyon-tour.jpg\"\n\t\t\t\t\t\t\t\tdata-thumbnail=\"https:\/\/ottoschaefer.de\/birds_and_nature\/wp-content\/gallery\/bilder\/thumbs\/thumbs_2006-04-24-34-usa-reise-grand-canyon-tour.jpg\"\n\t\t\t\t\t\t\t\tdata-image-id=\"403\"\n\t\t\t\t\t\t\t\tdata-title=\"2006-04-24-34-usa-reise-grand-canyon-tour\"\n\t\t\t\t\t\t\t\tdata-description=\"\"\n\t\t\t\t\t\t\t\t\t\t\t\t\t\t\t\t\t\t\t\t\t\t\t\t\t\t\t\t\t\t\t\t\t\t\t\t\t\t\tclass='nextgen_pro_lightbox' data-nplmodal-gallery-id='5313f5fdd80facdebd860050d0678f51'><picture><source srcset='https:\/\/ottoschaefer.de\/birds_and_nature\/wp-content\/gallery\/bilder\/cache\/2006-04-24-34-usa-reise-grand-canyon-tour.jpg-nggid03403-ngg0dyn-120x90x100-00f0w010c010r110f110r010t010.jpg'><img class=\"nextgen_pro_film_image\" title=\"2006-04-24-34-usa-reise-grand-canyon-tour\" alt=\"2006-04-24-34-usa-reise-grand-canyon-tour\" width=\"60\" height=\"90\" style=\"max-width:60px;max-height:90px\" src=\"https:\/\/ottoschaefer.de\/birds_and_nature\/wp-content\/gallery\/bilder\/cache\/2006-04-24-34-usa-reise-grand-canyon-tour.jpg-nggid03403-ngg0dyn-120x90x100-00f0w010c010r110f110r010t010.jpg\" srcset=\"https:\/\/ottoschaefer.de\/birds_and_nature\/wp-content\/gallery\/bilder\/cache\/2006-04-24-34-usa-reise-grand-canyon-tour.jpg-nggid03403-ngg0dyn-120x90x100-00f0w010c010r110f110r010t010.jpg\" \/><\/picture>\t\t\t\t\t\t\t<\/a><div class='ngg-trigger-buttons'><i class='fa ngg-trigger nextgen_pro_lightbox fa-share-square' data-nplmodal-gallery-id='5313f5fdd80facdebd860050d0678f51' data-image-id='403'><\/i><\/div>\t\t\t\t\t<\/div><div id=\"ngg-image-9\" class=\"image-wrapper\"><a href=\"https:\/\/ottoschaefer.de\/birds_and_nature\/wp-content\/gallery\/bilder\/2006-04-24-52-usa-reise-grand-canyon-tour.jpg\"\n\t\t\t\t\t\t\t\ttitle=\"\"\n\t\t\t\t\t\t\t\tdata-src=\"https:\/\/ottoschaefer.de\/birds_and_nature\/wp-content\/gallery\/bilder\/2006-04-24-52-usa-reise-grand-canyon-tour.jpg\"\n\t\t\t\t\t\t\t\tdata-thumbnail=\"https:\/\/ottoschaefer.de\/birds_and_nature\/wp-content\/gallery\/bilder\/thumbs\/thumbs_2006-04-24-52-usa-reise-grand-canyon-tour.jpg\"\n\t\t\t\t\t\t\t\tdata-image-id=\"404\"\n\t\t\t\t\t\t\t\tdata-title=\"2006-04-24-52-usa-reise-grand-canyon-tour\"\n\t\t\t\t\t\t\t\tdata-description=\"\"\n\t\t\t\t\t\t\t\t\t\t\t\t\t\t\t\t\t\t\t\t\t\t\t\t\t\t\t\t\t\t\t\t\t\t\t\t\t\t\tclass='nextgen_pro_lightbox' data-nplmodal-gallery-id='5313f5fdd80facdebd860050d0678f51'><picture><source srcset='https:\/\/ottoschaefer.de\/birds_and_nature\/wp-content\/gallery\/bilder\/cache\/2006-04-24-52-usa-reise-grand-canyon-tour.jpg-nggid03404-ngg0dyn-120x90x100-00f0w010c010r110f110r010t010.jpg'><img class=\"nextgen_pro_film_image\" title=\"2006-04-24-52-usa-reise-grand-canyon-tour\" alt=\"2006-04-24-52-usa-reise-grand-canyon-tour\" width=\"120\" height=\"80\" style=\"max-width:120px;max-height:80px\" src=\"https:\/\/ottoschaefer.de\/birds_and_nature\/wp-content\/gallery\/bilder\/cache\/2006-04-24-52-usa-reise-grand-canyon-tour.jpg-nggid03404-ngg0dyn-120x90x100-00f0w010c010r110f110r010t010.jpg\" srcset=\"https:\/\/ottoschaefer.de\/birds_and_nature\/wp-content\/gallery\/bilder\/cache\/2006-04-24-52-usa-reise-grand-canyon-tour.jpg-nggid03404-ngg0dyn-120x90x100-00f0w010c010r110f110r010t010.jpg\" \/><\/picture>\t\t\t\t\t\t\t<\/a><div class='ngg-trigger-buttons'><i class='fa ngg-trigger nextgen_pro_lightbox fa-share-square' data-nplmodal-gallery-id='5313f5fdd80facdebd860050d0678f51' data-image-id='404'><\/i><\/div>\t\t\t\t\t<\/div><\/div><div class='ngg-navigation'><span class='current'>1<\/span><a class='page-numbers' data-pageid='2' href='https:\/\/ottoschaefer.de\/birds_and_nature\/usa-2006\/nggallery\/page\/2'>2<\/a><a class='page-numbers' data-pageid='3' href='https:\/\/ottoschaefer.de\/birds_and_nature\/usa-2006\/nggallery\/page\/3'>3<\/a><a class='prev' href='https:\/\/ottoschaefer.de\/birds_and_nature\/usa-2006\/nggallery\/page\/2' data-pageid=\"2\">&#9658;<\/a><\/div>\n<\/p>\n","protected":false},"excerpt":{"rendered":"<p>USA, Red Rock Canyon, Grand Canyon und Death Valley Anl\u00e4\u00dflich einer Gesch\u00e4ftsreise\u00a0 nach Las Vegas, hatte ich die Gelegenheit ein paar Tage l\u00e4nger zu bleiben und besuchte den Red Rock Canyon bei Las Vegas, den Grand Canyon und das Death Valley. Den Grand Canyon kann man sich nicht vorstellen, man muss ihn gesehen haben. Und [&hellip;]<\/p>\n","protected":false},"author":1,"featured_media":0,"parent":0,"menu_order":0,"comment_status":"closed","ping_status":"closed","template":"","meta":{"ngg_post_thumbnail":0,"footnotes":""},"class_list":["post-823","page","type-page","status-publish","hentry","entry"],"_links":{"self":[{"href":"https:\/\/ottoschaefer.de\/birds_and_nature\/wp-json\/wp\/v2\/pages\/823","targetHints":{"allow":["GET"]}}],"collection":[{"href":"https:\/\/ottoschaefer.de\/birds_and_nature\/wp-json\/wp\/v2\/pages"}],"about":[{"href":"https:\/\/ottoschaefer.de\/birds_and_nature\/wp-json\/wp\/v2\/types\/page"}],"author":[{"embeddable":true,"href":"https:\/\/ottoschaefer.de\/birds_and_nature\/wp-json\/wp\/v2\/users\/1"}],"replies":[{"embeddable":true,"href":"https:\/\/ottoschaefer.de\/birds_and_nature\/wp-json\/wp\/v2\/comments?post=823"}],"version-history":[{"count":2,"href":"https:\/\/ottoschaefer.de\/birds_and_nature\/wp-json\/wp\/v2\/pages\/823\/revisions"}],"predecessor-version":[{"id":826,"href":"https:\/\/ottoschaefer.de\/birds_and_nature\/wp-json\/wp\/v2\/pages\/823\/revisions\/826"}],"wp:attachment":[{"href":"https:\/\/ottoschaefer.de\/birds_and_nature\/wp-json\/wp\/v2\/media?parent=823"}],"curies":[{"name":"wp","href":"https:\/\/api.w.org\/{rel}","templated":true}]}}