{"id":646,"date":"2014-01-14T11:30:15","date_gmt":"2014-01-14T10:30:15","guid":{"rendered":"http:\/\/ottoschaefer.de\/birds_and_nature\/?page_id=646"},"modified":"2023-01-27T18:08:09","modified_gmt":"2023-01-27T17:08:09","slug":"ballonfahrt","status":"publish","type":"page","link":"https:\/\/ottoschaefer.de\/birds_and_nature\/ballonfahrt\/","title":{"rendered":"Ballonfahrt"},"content":{"rendered":"<h2>Alpen\u00fcberquerung mit einem Hei\u00dfluftballon<\/h2>\n<p>Eines der letzten Abenteuer der Luftfahrt ist die \u00dcberquerung der Alpen in einem Hei\u00dfluftballon. Da die n\u00f6tigen Wetterbedingungen nur im Winter von November bis M\u00e4rz und da auch nur an wenigen Tagen gegeben sind, war es f\u00fcr mich ein Gl\u00fccksfall, dass ich nur 2 Monate nach meiner Buchung den Anruf bekam &#8222;Los gehts&#8220;. Aber das Wetter am fr\u00fchen Morgen des 14. Dezember 2007 war alles andere als vielversprechend: es schneite kr\u00e4ftig an unserem Treffpunkt mit den anderen Ballonfahrern s\u00fcdlich des Chiemsee. Da aber unser Pilot J\u00fcrgen als Berufspilot auf einer Boeing 737 Zugang zu aktuellen Wetterinformationen hatte, fanden wir zwischen Kufstein und Kiefersfelden einen Startplatz. Um 9:20 konnten wir abheben und nach Durchsto\u00dfen einer d\u00fcnnen Wolkendecke lagen die Alpen vor und unter uns. Mit einer durchschnittlichen Geschwindigkeit von 77 km\/h (max. 127 km\/h) und in einer max. H\u00f6he von 5048 m MSL erreichten wir nach 3 h 50 min unseren Landeplatz s\u00fcdlich des Gardasee. F\u00fcr die Italiener, die unserer Landung sahen und nicht glauben wollten von wo wir kamen, bis sie die Schneereste in unserem Korb sahen, ein einmaliges Erlebnis. Das war es f\u00fcr uns aber auch.<\/p>\n<p><style>\n\t#gallery_d4f1a544b85c2b42de055b8c6912fc5a .image-wrapper {\n\t\tmargin-left: 5px;\n\t\tmargin-bottom: 5px;\n\t\tpadding: 20px;\n\t\tborder: solid 1px #CCCCCC;\n\t\tbackground-color: #FFFFFF;\n\t\tmax-width: 162px;\n\t}\n\n\t#gallery_d4f1a544b85c2b42de055b8c6912fc5a .image-wrapper a {\n\t\twidth: 120px;\n\t\theight: 90px;\n\t}\n\n\t#gallery_d4f1a544b85c2b42de055b8c6912fc5a .nextgen_pro_film_title {\n\t\t\t}\n\n\t#gallery_d4f1a544b85c2b42de055b8c6912fc5a .nextgen_pro_film_description {\n\t\t\t}\n<\/style><div class=\"nextgen_pro_film\" id=\"gallery_d4f1a544b85c2b42de055b8c6912fc5a\"\n\t\tdata-gallery-id=\"Ballonfahrt\"><div id=\"ngg-image-0\" class=\"image-wrapper\"><a href=\"https:\/\/ottoschaefer.de\/birds_and_nature\/wp-content\/gallery\/bilder\/2007-12-14-01-ballonfahrt.jpg\"\n\t\t\t\t\t\t\t\ttitle=\"\"\n\t\t\t\t\t\t\t\tdata-src=\"https:\/\/ottoschaefer.de\/birds_and_nature\/wp-content\/gallery\/bilder\/2007-12-14-01-ballonfahrt.jpg\"\n\t\t\t\t\t\t\t\tdata-thumbnail=\"https:\/\/ottoschaefer.de\/birds_and_nature\/wp-content\/gallery\/bilder\/thumbs\/thumbs_2007-12-14-01-ballonfahrt.jpg\"\n\t\t\t\t\t\t\t\tdata-image-id=\"317\"\n\t\t\t\t\t\t\t\tdata-title=\"Route\"\n\t\t\t\t\t\t\t\tdata-description=\"\"\n\t\t\t\t\t\t\t\t\t\t\t\t\t\t\t\t\t\t\t\t\t\t\t\t\t\t\t\t\t\t\t\t\t\t\t\t\t\t\tclass='nextgen_pro_lightbox' data-nplmodal-gallery-id='d4f1a544b85c2b42de055b8c6912fc5a'><picture><source srcset='https:\/\/ottoschaefer.de\/birds_and_nature\/wp-content\/gallery\/bilder\/cache\/2007-12-14-01-ballonfahrt.jpg-nggid03317-ngg0dyn-120x90x100-00f0w010c010r110f110r010t010.jpg'><img class=\"nextgen_pro_film_image\" title=\"Route\" alt=\"Route\" width=\"89\" height=\"90\" style=\"max-width:89px;max-height:90px\" src=\"https:\/\/ottoschaefer.de\/birds_and_nature\/wp-content\/gallery\/bilder\/cache\/2007-12-14-01-ballonfahrt.jpg-nggid03317-ngg0dyn-120x90x100-00f0w010c010r110f110r010t010.jpg\" srcset=\"https:\/\/ottoschaefer.de\/birds_and_nature\/wp-content\/gallery\/bilder\/cache\/2007-12-14-01-ballonfahrt.jpg-nggid03317-ngg0dyn-120x90x100-00f0w010c010r110f110r010t010.jpg\" \/><\/picture>\t\t\t\t\t\t\t<\/a><div class='ngg-trigger-buttons'><i class='fa ngg-trigger nextgen_pro_lightbox fa-share-square' data-nplmodal-gallery-id='d4f1a544b85c2b42de055b8c6912fc5a' data-image-id='317'><\/i><\/div>\t\t\t\t\t<\/div><div id=\"ngg-image-1\" class=\"image-wrapper\"><a href=\"https:\/\/ottoschaefer.de\/birds_and_nature\/wp-content\/gallery\/bilder\/2007-12-14-02-ballonfahrt.jpg\"\n\t\t\t\t\t\t\t\ttitle=\"\"\n\t\t\t\t\t\t\t\tdata-src=\"https:\/\/ottoschaefer.de\/birds_and_nature\/wp-content\/gallery\/bilder\/2007-12-14-02-ballonfahrt.jpg\"\n\t\t\t\t\t\t\t\tdata-thumbnail=\"https:\/\/ottoschaefer.de\/birds_and_nature\/wp-content\/gallery\/bilder\/thumbs\/thumbs_2007-12-14-02-ballonfahrt.jpg\"\n\t\t\t\t\t\t\t\tdata-image-id=\"318\"\n\t\t\t\t\t\t\t\tdata-title=\"Startplatz\"\n\t\t\t\t\t\t\t\tdata-description=\"\"\n\t\t\t\t\t\t\t\t\t\t\t\t\t\t\t\t\t\t\t\t\t\t\t\t\t\t\t\t\t\t\t\t\t\t\t\t\t\t\tclass='nextgen_pro_lightbox' data-nplmodal-gallery-id='d4f1a544b85c2b42de055b8c6912fc5a'><picture><source srcset='https:\/\/ottoschaefer.de\/birds_and_nature\/wp-content\/gallery\/bilder\/cache\/2007-12-14-02-ballonfahrt.jpg-nggid03318-ngg0dyn-120x90x100-00f0w010c010r110f110r010t010.jpg'><img class=\"nextgen_pro_film_image\" title=\"Startplatz\" alt=\"Startplatz\" width=\"118\" height=\"90\" style=\"max-width:118px;max-height:90px\" src=\"https:\/\/ottoschaefer.de\/birds_and_nature\/wp-content\/gallery\/bilder\/cache\/2007-12-14-02-ballonfahrt.jpg-nggid03318-ngg0dyn-120x90x100-00f0w010c010r110f110r010t010.jpg\" srcset=\"https:\/\/ottoschaefer.de\/birds_and_nature\/wp-content\/gallery\/bilder\/cache\/2007-12-14-02-ballonfahrt.jpg-nggid03318-ngg0dyn-120x90x100-00f0w010c010r110f110r010t010.jpg\" \/><\/picture>\t\t\t\t\t\t\t<\/a><div class='ngg-trigger-buttons'><i class='fa ngg-trigger nextgen_pro_lightbox fa-share-square' data-nplmodal-gallery-id='d4f1a544b85c2b42de055b8c6912fc5a' data-image-id='318'><\/i><\/div>\t\t\t\t\t<\/div><div id=\"ngg-image-2\" class=\"image-wrapper\"><a href=\"https:\/\/ottoschaefer.de\/birds_and_nature\/wp-content\/gallery\/bilder\/2007-12-14-03-ballonfahrt.jpg\"\n\t\t\t\t\t\t\t\ttitle=\"\"\n\t\t\t\t\t\t\t\tdata-src=\"https:\/\/ottoschaefer.de\/birds_and_nature\/wp-content\/gallery\/bilder\/2007-12-14-03-ballonfahrt.jpg\"\n\t\t\t\t\t\t\t\tdata-thumbnail=\"https:\/\/ottoschaefer.de\/birds_and_nature\/wp-content\/gallery\/bilder\/thumbs\/thumbs_2007-12-14-03-ballonfahrt.jpg\"\n\t\t\t\t\t\t\t\tdata-image-id=\"319\"\n\t\t\t\t\t\t\t\tdata-title=\"Startvorbereitung\"\n\t\t\t\t\t\t\t\tdata-description=\"\"\n\t\t\t\t\t\t\t\t\t\t\t\t\t\t\t\t\t\t\t\t\t\t\t\t\t\t\t\t\t\t\t\t\t\t\t\t\t\t\tclass='nextgen_pro_lightbox' data-nplmodal-gallery-id='d4f1a544b85c2b42de055b8c6912fc5a'><picture><source srcset='https:\/\/ottoschaefer.de\/birds_and_nature\/wp-content\/gallery\/bilder\/cache\/2007-12-14-03-ballonfahrt.jpg-nggid03319-ngg0dyn-120x90x100-00f0w010c010r110f110r010t010.jpg'><img class=\"nextgen_pro_film_image\" title=\"Startvorbereitung\" alt=\"Startvorbereitung\" width=\"120\" height=\"80\" style=\"max-width:120px;max-height:80px\" src=\"https:\/\/ottoschaefer.de\/birds_and_nature\/wp-content\/gallery\/bilder\/cache\/2007-12-14-03-ballonfahrt.jpg-nggid03319-ngg0dyn-120x90x100-00f0w010c010r110f110r010t010.jpg\" srcset=\"https:\/\/ottoschaefer.de\/birds_and_nature\/wp-content\/gallery\/bilder\/cache\/2007-12-14-03-ballonfahrt.jpg-nggid03319-ngg0dyn-120x90x100-00f0w010c010r110f110r010t010.jpg\" \/><\/picture>\t\t\t\t\t\t\t<\/a><div class='ngg-trigger-buttons'><i class='fa ngg-trigger nextgen_pro_lightbox fa-share-square' data-nplmodal-gallery-id='d4f1a544b85c2b42de055b8c6912fc5a' data-image-id='319'><\/i><\/div>\t\t\t\t\t<\/div><div id=\"ngg-image-3\" class=\"image-wrapper\"><a href=\"https:\/\/ottoschaefer.de\/birds_and_nature\/wp-content\/gallery\/bilder\/2007-12-14-04-ballonfahrt.jpg\"\n\t\t\t\t\t\t\t\ttitle=\"\"\n\t\t\t\t\t\t\t\tdata-src=\"https:\/\/ottoschaefer.de\/birds_and_nature\/wp-content\/gallery\/bilder\/2007-12-14-04-ballonfahrt.jpg\"\n\t\t\t\t\t\t\t\tdata-thumbnail=\"https:\/\/ottoschaefer.de\/birds_and_nature\/wp-content\/gallery\/bilder\/thumbs\/thumbs_2007-12-14-04-ballonfahrt.jpg\"\n\t\t\t\t\t\t\t\tdata-image-id=\"320\"\n\t\t\t\t\t\t\t\tdata-title=\"\u00dcber den Wolken\"\n\t\t\t\t\t\t\t\tdata-description=\"\"\n\t\t\t\t\t\t\t\t\t\t\t\t\t\t\t\t\t\t\t\t\t\t\t\t\t\t\t\t\t\t\t\t\t\t\t\t\t\t\tclass='nextgen_pro_lightbox' data-nplmodal-gallery-id='d4f1a544b85c2b42de055b8c6912fc5a'><picture><source srcset='https:\/\/ottoschaefer.de\/birds_and_nature\/wp-content\/gallery\/bilder\/cache\/2007-12-14-04-ballonfahrt.jpg-nggid03320-ngg0dyn-120x90x100-00f0w010c010r110f110r010t010.jpg'><img class=\"nextgen_pro_film_image\" title=\"\u00dcber den Wolken\" alt=\"\u00dcber den Wolken\" width=\"120\" height=\"80\" style=\"max-width:120px;max-height:80px\" src=\"https:\/\/ottoschaefer.de\/birds_and_nature\/wp-content\/gallery\/bilder\/cache\/2007-12-14-04-ballonfahrt.jpg-nggid03320-ngg0dyn-120x90x100-00f0w010c010r110f110r010t010.jpg\" srcset=\"https:\/\/ottoschaefer.de\/birds_and_nature\/wp-content\/gallery\/bilder\/cache\/2007-12-14-04-ballonfahrt.jpg-nggid03320-ngg0dyn-120x90x100-00f0w010c010r110f110r010t010.jpg\" \/><\/picture>\t\t\t\t\t\t\t<\/a><div class='ngg-trigger-buttons'><i class='fa ngg-trigger nextgen_pro_lightbox fa-share-square' data-nplmodal-gallery-id='d4f1a544b85c2b42de055b8c6912fc5a' data-image-id='320'><\/i><\/div>\t\t\t\t\t<\/div><div id=\"ngg-image-4\" class=\"image-wrapper\"><a href=\"https:\/\/ottoschaefer.de\/birds_and_nature\/wp-content\/gallery\/bilder\/2007-12-14-10-ballonfahrt.jpg\"\n\t\t\t\t\t\t\t\ttitle=\"\"\n\t\t\t\t\t\t\t\tdata-src=\"https:\/\/ottoschaefer.de\/birds_and_nature\/wp-content\/gallery\/bilder\/2007-12-14-10-ballonfahrt.jpg\"\n\t\t\t\t\t\t\t\tdata-thumbnail=\"https:\/\/ottoschaefer.de\/birds_and_nature\/wp-content\/gallery\/bilder\/thumbs\/thumbs_2007-12-14-10-ballonfahrt.jpg\"\n\t\t\t\t\t\t\t\tdata-image-id=\"321\"\n\t\t\t\t\t\t\t\tdata-title=\"Ballonfahrt\"\n\t\t\t\t\t\t\t\tdata-description=\"\"\n\t\t\t\t\t\t\t\t\t\t\t\t\t\t\t\t\t\t\t\t\t\t\t\t\t\t\t\t\t\t\t\t\t\t\t\t\t\t\tclass='nextgen_pro_lightbox' data-nplmodal-gallery-id='d4f1a544b85c2b42de055b8c6912fc5a'><picture><source srcset='https:\/\/ottoschaefer.de\/birds_and_nature\/wp-content\/gallery\/bilder\/cache\/2007-12-14-10-ballonfahrt.jpg-nggid03321-ngg0dyn-120x90x100-00f0w010c010r110f110r010t010.jpg'><img class=\"nextgen_pro_film_image\" title=\"Ballonfahrt\" alt=\"Ballonfahrt\" width=\"120\" height=\"80\" style=\"max-width:120px;max-height:80px\" src=\"https:\/\/ottoschaefer.de\/birds_and_nature\/wp-content\/gallery\/bilder\/cache\/2007-12-14-10-ballonfahrt.jpg-nggid03321-ngg0dyn-120x90x100-00f0w010c010r110f110r010t010.jpg\" srcset=\"https:\/\/ottoschaefer.de\/birds_and_nature\/wp-content\/gallery\/bilder\/cache\/2007-12-14-10-ballonfahrt.jpg-nggid03321-ngg0dyn-120x90x100-00f0w010c010r110f110r010t010.jpg\" \/><\/picture>\t\t\t\t\t\t\t<\/a><div class='ngg-trigger-buttons'><i class='fa ngg-trigger nextgen_pro_lightbox fa-share-square' data-nplmodal-gallery-id='d4f1a544b85c2b42de055b8c6912fc5a' data-image-id='321'><\/i><\/div>\t\t\t\t\t<\/div><div id=\"ngg-image-5\" class=\"image-wrapper\"><a href=\"https:\/\/ottoschaefer.de\/birds_and_nature\/wp-content\/gallery\/bilder\/2007-12-14-12-ballonfahrt.jpg\"\n\t\t\t\t\t\t\t\ttitle=\"\"\n\t\t\t\t\t\t\t\tdata-src=\"https:\/\/ottoschaefer.de\/birds_and_nature\/wp-content\/gallery\/bilder\/2007-12-14-12-ballonfahrt.jpg\"\n\t\t\t\t\t\t\t\tdata-thumbnail=\"https:\/\/ottoschaefer.de\/birds_and_nature\/wp-content\/gallery\/bilder\/thumbs\/thumbs_2007-12-14-12-ballonfahrt.jpg\"\n\t\t\t\t\t\t\t\tdata-image-id=\"322\"\n\t\t\t\t\t\t\t\tdata-title=\"Ballonfahrt\"\n\t\t\t\t\t\t\t\tdata-description=\"\"\n\t\t\t\t\t\t\t\t\t\t\t\t\t\t\t\t\t\t\t\t\t\t\t\t\t\t\t\t\t\t\t\t\t\t\t\t\t\t\tclass='nextgen_pro_lightbox' data-nplmodal-gallery-id='d4f1a544b85c2b42de055b8c6912fc5a'><picture><source srcset='https:\/\/ottoschaefer.de\/birds_and_nature\/wp-content\/gallery\/bilder\/cache\/2007-12-14-12-ballonfahrt.jpg-nggid03322-ngg0dyn-120x90x100-00f0w010c010r110f110r010t010.jpg'><img class=\"nextgen_pro_film_image\" title=\"Ballonfahrt\" alt=\"Ballonfahrt\" width=\"120\" height=\"80\" style=\"max-width:120px;max-height:80px\" src=\"https:\/\/ottoschaefer.de\/birds_and_nature\/wp-content\/gallery\/bilder\/cache\/2007-12-14-12-ballonfahrt.jpg-nggid03322-ngg0dyn-120x90x100-00f0w010c010r110f110r010t010.jpg\" srcset=\"https:\/\/ottoschaefer.de\/birds_and_nature\/wp-content\/gallery\/bilder\/cache\/2007-12-14-12-ballonfahrt.jpg-nggid03322-ngg0dyn-120x90x100-00f0w010c010r110f110r010t010.jpg\" \/><\/picture>\t\t\t\t\t\t\t<\/a><div class='ngg-trigger-buttons'><i class='fa ngg-trigger nextgen_pro_lightbox fa-share-square' data-nplmodal-gallery-id='d4f1a544b85c2b42de055b8c6912fc5a' data-image-id='322'><\/i><\/div>\t\t\t\t\t<\/div><div id=\"ngg-image-6\" class=\"image-wrapper\"><a href=\"https:\/\/ottoschaefer.de\/birds_and_nature\/wp-content\/gallery\/bilder\/2007-12-14-13-ballonfahrt.jpg\"\n\t\t\t\t\t\t\t\ttitle=\"\"\n\t\t\t\t\t\t\t\tdata-src=\"https:\/\/ottoschaefer.de\/birds_and_nature\/wp-content\/gallery\/bilder\/2007-12-14-13-ballonfahrt.jpg\"\n\t\t\t\t\t\t\t\tdata-thumbnail=\"https:\/\/ottoschaefer.de\/birds_and_nature\/wp-content\/gallery\/bilder\/thumbs\/thumbs_2007-12-14-13-ballonfahrt.jpg\"\n\t\t\t\t\t\t\t\tdata-image-id=\"323\"\n\t\t\t\t\t\t\t\tdata-title=\"Ballonfahrt\"\n\t\t\t\t\t\t\t\tdata-description=\"\"\n\t\t\t\t\t\t\t\t\t\t\t\t\t\t\t\t\t\t\t\t\t\t\t\t\t\t\t\t\t\t\t\t\t\t\t\t\t\t\tclass='nextgen_pro_lightbox' data-nplmodal-gallery-id='d4f1a544b85c2b42de055b8c6912fc5a'><picture><source srcset='https:\/\/ottoschaefer.de\/birds_and_nature\/wp-content\/gallery\/bilder\/cache\/2007-12-14-13-ballonfahrt.jpg-nggid03323-ngg0dyn-120x90x100-00f0w010c010r110f110r010t010.jpg'><img class=\"nextgen_pro_film_image\" title=\"Ballonfahrt\" alt=\"Ballonfahrt\" width=\"120\" height=\"80\" style=\"max-width:120px;max-height:80px\" src=\"https:\/\/ottoschaefer.de\/birds_and_nature\/wp-content\/gallery\/bilder\/cache\/2007-12-14-13-ballonfahrt.jpg-nggid03323-ngg0dyn-120x90x100-00f0w010c010r110f110r010t010.jpg\" srcset=\"https:\/\/ottoschaefer.de\/birds_and_nature\/wp-content\/gallery\/bilder\/cache\/2007-12-14-13-ballonfahrt.jpg-nggid03323-ngg0dyn-120x90x100-00f0w010c010r110f110r010t010.jpg\" \/><\/picture>\t\t\t\t\t\t\t<\/a><div class='ngg-trigger-buttons'><i class='fa ngg-trigger nextgen_pro_lightbox fa-share-square' data-nplmodal-gallery-id='d4f1a544b85c2b42de055b8c6912fc5a' data-image-id='323'><\/i><\/div>\t\t\t\t\t<\/div><div id=\"ngg-image-7\" class=\"image-wrapper\"><a href=\"https:\/\/ottoschaefer.de\/birds_and_nature\/wp-content\/gallery\/bilder\/2007-12-14-20-ballonfahrt.jpg\"\n\t\t\t\t\t\t\t\ttitle=\"\"\n\t\t\t\t\t\t\t\tdata-src=\"https:\/\/ottoschaefer.de\/birds_and_nature\/wp-content\/gallery\/bilder\/2007-12-14-20-ballonfahrt.jpg\"\n\t\t\t\t\t\t\t\tdata-thumbnail=\"https:\/\/ottoschaefer.de\/birds_and_nature\/wp-content\/gallery\/bilder\/thumbs\/thumbs_2007-12-14-20-ballonfahrt.jpg\"\n\t\t\t\t\t\t\t\tdata-image-id=\"324\"\n\t\t\t\t\t\t\t\tdata-title=\"Alpenpanorama\"\n\t\t\t\t\t\t\t\tdata-description=\"\"\n\t\t\t\t\t\t\t\t\t\t\t\t\t\t\t\t\t\t\t\t\t\t\t\t\t\t\t\t\t\t\t\t\t\t\t\t\t\t\tclass='nextgen_pro_lightbox' data-nplmodal-gallery-id='d4f1a544b85c2b42de055b8c6912fc5a'><picture><source srcset='https:\/\/ottoschaefer.de\/birds_and_nature\/wp-content\/gallery\/bilder\/cache\/2007-12-14-20-ballonfahrt.jpg-nggid03324-ngg0dyn-120x90x100-00f0w010c010r110f110r010t010.jpg'><img class=\"nextgen_pro_film_image\" title=\"Alpenpanorama\" alt=\"Alpenpanorama\" width=\"120\" height=\"80\" style=\"max-width:120px;max-height:80px\" src=\"https:\/\/ottoschaefer.de\/birds_and_nature\/wp-content\/gallery\/bilder\/cache\/2007-12-14-20-ballonfahrt.jpg-nggid03324-ngg0dyn-120x90x100-00f0w010c010r110f110r010t010.jpg\" srcset=\"https:\/\/ottoschaefer.de\/birds_and_nature\/wp-content\/gallery\/bilder\/cache\/2007-12-14-20-ballonfahrt.jpg-nggid03324-ngg0dyn-120x90x100-00f0w010c010r110f110r010t010.jpg\" \/><\/picture>\t\t\t\t\t\t\t<\/a><div class='ngg-trigger-buttons'><i class='fa ngg-trigger nextgen_pro_lightbox fa-share-square' data-nplmodal-gallery-id='d4f1a544b85c2b42de055b8c6912fc5a' data-image-id='324'><\/i><\/div>\t\t\t\t\t<\/div><div id=\"ngg-image-8\" class=\"image-wrapper\"><a href=\"https:\/\/ottoschaefer.de\/birds_and_nature\/wp-content\/gallery\/bilder\/2007-12-14-22-ballonfahrt.jpg\"\n\t\t\t\t\t\t\t\ttitle=\"\"\n\t\t\t\t\t\t\t\tdata-src=\"https:\/\/ottoschaefer.de\/birds_and_nature\/wp-content\/gallery\/bilder\/2007-12-14-22-ballonfahrt.jpg\"\n\t\t\t\t\t\t\t\tdata-thumbnail=\"https:\/\/ottoschaefer.de\/birds_and_nature\/wp-content\/gallery\/bilder\/thumbs\/thumbs_2007-12-14-22-ballonfahrt.jpg\"\n\t\t\t\t\t\t\t\tdata-image-id=\"325\"\n\t\t\t\t\t\t\t\tdata-title=\"Ballonfahrt\"\n\t\t\t\t\t\t\t\tdata-description=\"\"\n\t\t\t\t\t\t\t\t\t\t\t\t\t\t\t\t\t\t\t\t\t\t\t\t\t\t\t\t\t\t\t\t\t\t\t\t\t\t\tclass='nextgen_pro_lightbox' data-nplmodal-gallery-id='d4f1a544b85c2b42de055b8c6912fc5a'><picture><source srcset='https:\/\/ottoschaefer.de\/birds_and_nature\/wp-content\/gallery\/bilder\/cache\/2007-12-14-22-ballonfahrt.jpg-nggid03325-ngg0dyn-120x90x100-00f0w010c010r110f110r010t010.jpg'><img class=\"nextgen_pro_film_image\" title=\"Ballonfahrt\" alt=\"Ballonfahrt\" width=\"120\" height=\"80\" style=\"max-width:120px;max-height:80px\" src=\"https:\/\/ottoschaefer.de\/birds_and_nature\/wp-content\/gallery\/bilder\/cache\/2007-12-14-22-ballonfahrt.jpg-nggid03325-ngg0dyn-120x90x100-00f0w010c010r110f110r010t010.jpg\" srcset=\"https:\/\/ottoschaefer.de\/birds_and_nature\/wp-content\/gallery\/bilder\/cache\/2007-12-14-22-ballonfahrt.jpg-nggid03325-ngg0dyn-120x90x100-00f0w010c010r110f110r010t010.jpg\" \/><\/picture>\t\t\t\t\t\t\t<\/a><div class='ngg-trigger-buttons'><i class='fa ngg-trigger nextgen_pro_lightbox fa-share-square' data-nplmodal-gallery-id='d4f1a544b85c2b42de055b8c6912fc5a' data-image-id='325'><\/i><\/div>\t\t\t\t\t<\/div><div id=\"ngg-image-9\" class=\"image-wrapper\"><a href=\"https:\/\/ottoschaefer.de\/birds_and_nature\/wp-content\/gallery\/bilder\/2007-12-14-24-ballonfahrt.jpg\"\n\t\t\t\t\t\t\t\ttitle=\"\"\n\t\t\t\t\t\t\t\tdata-src=\"https:\/\/ottoschaefer.de\/birds_and_nature\/wp-content\/gallery\/bilder\/2007-12-14-24-ballonfahrt.jpg\"\n\t\t\t\t\t\t\t\tdata-thumbnail=\"https:\/\/ottoschaefer.de\/birds_and_nature\/wp-content\/gallery\/bilder\/thumbs\/thumbs_2007-12-14-24-ballonfahrt.jpg\"\n\t\t\t\t\t\t\t\tdata-image-id=\"326\"\n\t\t\t\t\t\t\t\tdata-title=\"Ballonfahrt\"\n\t\t\t\t\t\t\t\tdata-description=\"\"\n\t\t\t\t\t\t\t\t\t\t\t\t\t\t\t\t\t\t\t\t\t\t\t\t\t\t\t\t\t\t\t\t\t\t\t\t\t\t\tclass='nextgen_pro_lightbox' data-nplmodal-gallery-id='d4f1a544b85c2b42de055b8c6912fc5a'><picture><source srcset='https:\/\/ottoschaefer.de\/birds_and_nature\/wp-content\/gallery\/bilder\/cache\/2007-12-14-24-ballonfahrt.jpg-nggid03326-ngg0dyn-120x90x100-00f0w010c010r110f110r010t010.jpg'><img class=\"nextgen_pro_film_image\" title=\"Ballonfahrt\" alt=\"Ballonfahrt\" width=\"120\" height=\"80\" style=\"max-width:120px;max-height:80px\" src=\"https:\/\/ottoschaefer.de\/birds_and_nature\/wp-content\/gallery\/bilder\/cache\/2007-12-14-24-ballonfahrt.jpg-nggid03326-ngg0dyn-120x90x100-00f0w010c010r110f110r010t010.jpg\" srcset=\"https:\/\/ottoschaefer.de\/birds_and_nature\/wp-content\/gallery\/bilder\/cache\/2007-12-14-24-ballonfahrt.jpg-nggid03326-ngg0dyn-120x90x100-00f0w010c010r110f110r010t010.jpg\" \/><\/picture>\t\t\t\t\t\t\t<\/a><div class='ngg-trigger-buttons'><i class='fa ngg-trigger nextgen_pro_lightbox fa-share-square' data-nplmodal-gallery-id='d4f1a544b85c2b42de055b8c6912fc5a' data-image-id='326'><\/i><\/div>\t\t\t\t\t<\/div><\/div><div class='ngg-navigation'><span class='current'>1<\/span><a class='page-numbers' data-pageid='2' href='https:\/\/ottoschaefer.de\/birds_and_nature\/ballonfahrt\/nggallery\/page\/2'>2<\/a><a class='page-numbers' data-pageid='3' href='https:\/\/ottoschaefer.de\/birds_and_nature\/ballonfahrt\/nggallery\/page\/3'>3<\/a><a class='prev' href='https:\/\/ottoschaefer.de\/birds_and_nature\/ballonfahrt\/nggallery\/page\/2' data-pageid=\"2\">&#9658;<\/a><\/div>\n<\/p>\n","protected":false},"excerpt":{"rendered":"<p>Alpen\u00fcberquerung mit einem Hei\u00dfluftballon Eines der letzten Abenteuer der Luftfahrt ist die \u00dcberquerung der Alpen in einem Hei\u00dfluftballon. Da die n\u00f6tigen Wetterbedingungen nur im Winter von November bis M\u00e4rz und da auch nur an wenigen Tagen gegeben sind, war es f\u00fcr mich ein Gl\u00fccksfall, dass ich nur 2 Monate nach meiner Buchung den Anruf bekam [&hellip;]<\/p>\n","protected":false},"author":1,"featured_media":0,"parent":0,"menu_order":0,"comment_status":"closed","ping_status":"closed","template":"","meta":{"ngg_post_thumbnail":0,"footnotes":""},"class_list":["post-646","page","type-page","status-publish","hentry","entry"],"_links":{"self":[{"href":"https:\/\/ottoschaefer.de\/birds_and_nature\/wp-json\/wp\/v2\/pages\/646","targetHints":{"allow":["GET"]}}],"collection":[{"href":"https:\/\/ottoschaefer.de\/birds_and_nature\/wp-json\/wp\/v2\/pages"}],"about":[{"href":"https:\/\/ottoschaefer.de\/birds_and_nature\/wp-json\/wp\/v2\/types\/page"}],"author":[{"embeddable":true,"href":"https:\/\/ottoschaefer.de\/birds_and_nature\/wp-json\/wp\/v2\/users\/1"}],"replies":[{"embeddable":true,"href":"https:\/\/ottoschaefer.de\/birds_and_nature\/wp-json\/wp\/v2\/comments?post=646"}],"version-history":[{"count":5,"href":"https:\/\/ottoschaefer.de\/birds_and_nature\/wp-json\/wp\/v2\/pages\/646\/revisions"}],"predecessor-version":[{"id":3195,"href":"https:\/\/ottoschaefer.de\/birds_and_nature\/wp-json\/wp\/v2\/pages\/646\/revisions\/3195"}],"wp:attachment":[{"href":"https:\/\/ottoschaefer.de\/birds_and_nature\/wp-json\/wp\/v2\/media?parent=646"}],"curies":[{"name":"wp","href":"https:\/\/api.w.org\/{rel}","templated":true}]}}