{"id":637,"date":"2014-01-12T16:46:16","date_gmt":"2014-01-12T15:46:16","guid":{"rendered":"http:\/\/ottoschaefer.de\/birds_and_nature\/?page_id=637"},"modified":"2014-10-05T15:47:26","modified_gmt":"2014-10-05T14:47:26","slug":"serena-2008","status":"publish","type":"page","link":"https:\/\/ottoschaefer.de\/birds_and_nature\/serena-2008\/","title":{"rendered":"Serena 2008"},"content":{"rendered":"<h2>Extremadura &#8211; Serena<\/h2>\n<p>Meine erste ausschlie\u00dfliche Fotoreise, der nach einige folgen sollten. Ziel der Reise ist die Serena, in Gebiet in der Extremadura in S\u00fcspanien. Hauptort und Ausgangspunkt der Touren dort ist Castuera. Fotografisches Thema: Kranich die dort \u00fcberwintern und tags\u00fcber in die Steineichenw\u00e4lder zur Nahrungsaufname fliegen. Daneben gibt es aber noch viel anderes zu entdecken.<\/p>\n<p><style>\n\t#gallery_596e80914a0b62156cb723196355d4e9 .image-wrapper {\n\t\tmargin-left: 5px;\n\t\tmargin-bottom: 5px;\n\t\tpadding: 20px;\n\t\tborder: solid 1px #CCCCCC;\n\t\tbackground-color: #FFFFFF;\n\t\tmax-width: 162px;\n\t}\n\n\t#gallery_596e80914a0b62156cb723196355d4e9 .image-wrapper a {\n\t\twidth: 120px;\n\t\theight: 90px;\n\t}\n\n\t#gallery_596e80914a0b62156cb723196355d4e9 .nextgen_pro_film_title {\n\t\t\t}\n\n\t#gallery_596e80914a0b62156cb723196355d4e9 .nextgen_pro_film_description {\n\t\t\t}\n<\/style><div class=\"nextgen_pro_film\" id=\"gallery_596e80914a0b62156cb723196355d4e9\"\n\t\tdata-gallery-id=\"ES2008\"><div id=\"ngg-image-0\" class=\"image-wrapper\"><a href=\"https:\/\/ottoschaefer.de\/birds_and_nature\/wp-content\/gallery\/bilder\/2008-01-28-14-extremadura.jpg\"\n\t\t\t\t\t\t\t\ttitle=\"Ankunft\"\n\t\t\t\t\t\t\t\tdata-src=\"https:\/\/ottoschaefer.de\/birds_and_nature\/wp-content\/gallery\/bilder\/2008-01-28-14-extremadura.jpg\"\n\t\t\t\t\t\t\t\tdata-thumbnail=\"https:\/\/ottoschaefer.de\/birds_and_nature\/wp-content\/gallery\/bilder\/thumbs\/thumbs_2008-01-28-14-extremadura.jpg\"\n\t\t\t\t\t\t\t\tdata-image-id=\"258\"\n\t\t\t\t\t\t\t\tdata-title=\"2008-01-28-14-extremadura\"\n\t\t\t\t\t\t\t\tdata-description=\"Ankunft\"\n\t\t\t\t\t\t\t\t\t\t\t\t\t\t\t\t\t\t\t\t\t\t\t\t\t\t\t\t\t\t\t\t\t\t\t\t\t\t\tclass='nextgen_pro_lightbox' data-nplmodal-gallery-id='596e80914a0b62156cb723196355d4e9'><picture><source srcset='https:\/\/ottoschaefer.de\/birds_and_nature\/wp-content\/gallery\/bilder\/cache\/2008-01-28-14-extremadura.jpg-nggid03258-ngg0dyn-120x90x100-00f0w010c010r110f110r010t010.jpg'><img class=\"nextgen_pro_film_image\" title=\"2008-01-28-14-extremadura\" alt=\"2008-01-28-14-extremadura\" width=\"120\" height=\"80\" style=\"max-width:120px;max-height:80px\" src=\"https:\/\/ottoschaefer.de\/birds_and_nature\/wp-content\/gallery\/bilder\/cache\/2008-01-28-14-extremadura.jpg-nggid03258-ngg0dyn-120x90x100-00f0w010c010r110f110r010t010.jpg\" srcset=\"https:\/\/ottoschaefer.de\/birds_and_nature\/wp-content\/gallery\/bilder\/cache\/2008-01-28-14-extremadura.jpg-nggid03258-ngg0dyn-120x90x100-00f0w010c010r110f110r010t010.jpg\" \/><\/picture>\t\t\t\t\t\t\t<\/a><div class='ngg-trigger-buttons'><i class='fa ngg-trigger nextgen_pro_lightbox fa-share-square' data-nplmodal-gallery-id='596e80914a0b62156cb723196355d4e9' data-image-id='258'><\/i><\/div>\t\t\t\t\t<\/div><div id=\"ngg-image-1\" class=\"image-wrapper\"><a href=\"https:\/\/ottoschaefer.de\/birds_and_nature\/wp-content\/gallery\/bilder\/2008-01-28-18-extremadura.jpg\"\n\t\t\t\t\t\t\t\ttitle=\"Steineichen im Morgengrauen\"\n\t\t\t\t\t\t\t\tdata-src=\"https:\/\/ottoschaefer.de\/birds_and_nature\/wp-content\/gallery\/bilder\/2008-01-28-18-extremadura.jpg\"\n\t\t\t\t\t\t\t\tdata-thumbnail=\"https:\/\/ottoschaefer.de\/birds_and_nature\/wp-content\/gallery\/bilder\/thumbs\/thumbs_2008-01-28-18-extremadura.jpg\"\n\t\t\t\t\t\t\t\tdata-image-id=\"259\"\n\t\t\t\t\t\t\t\tdata-title=\"2008-01-28-18-extremadura\"\n\t\t\t\t\t\t\t\tdata-description=\"Steineichen im Morgengrauen\"\n\t\t\t\t\t\t\t\t\t\t\t\t\t\t\t\t\t\t\t\t\t\t\t\t\t\t\t\t\t\t\t\t\t\t\t\t\t\t\tclass='nextgen_pro_lightbox' data-nplmodal-gallery-id='596e80914a0b62156cb723196355d4e9'><picture><source srcset='https:\/\/ottoschaefer.de\/birds_and_nature\/wp-content\/gallery\/bilder\/cache\/2008-01-28-18-extremadura.jpg-nggid03259-ngg0dyn-120x90x100-00f0w010c010r110f110r010t010.jpg'><img class=\"nextgen_pro_film_image\" title=\"2008-01-28-18-extremadura\" alt=\"2008-01-28-18-extremadura\" width=\"120\" height=\"83\" style=\"max-width:120px;max-height:83px\" src=\"https:\/\/ottoschaefer.de\/birds_and_nature\/wp-content\/gallery\/bilder\/cache\/2008-01-28-18-extremadura.jpg-nggid03259-ngg0dyn-120x90x100-00f0w010c010r110f110r010t010.jpg\" srcset=\"https:\/\/ottoschaefer.de\/birds_and_nature\/wp-content\/gallery\/bilder\/cache\/2008-01-28-18-extremadura.jpg-nggid03259-ngg0dyn-120x90x100-00f0w010c010r110f110r010t010.jpg\" \/><\/picture>\t\t\t\t\t\t\t<\/a><div class='ngg-trigger-buttons'><i class='fa ngg-trigger nextgen_pro_lightbox fa-share-square' data-nplmodal-gallery-id='596e80914a0b62156cb723196355d4e9' data-image-id='259'><\/i><\/div>\t\t\t\t\t<\/div><div id=\"ngg-image-2\" class=\"image-wrapper\"><a href=\"https:\/\/ottoschaefer.de\/birds_and_nature\/wp-content\/gallery\/bilder\/2008-01-28-23-extremadura.jpg\"\n\t\t\t\t\t\t\t\ttitle=\"Ankunft\"\n\t\t\t\t\t\t\t\tdata-src=\"https:\/\/ottoschaefer.de\/birds_and_nature\/wp-content\/gallery\/bilder\/2008-01-28-23-extremadura.jpg\"\n\t\t\t\t\t\t\t\tdata-thumbnail=\"https:\/\/ottoschaefer.de\/birds_and_nature\/wp-content\/gallery\/bilder\/thumbs\/thumbs_2008-01-28-23-extremadura.jpg\"\n\t\t\t\t\t\t\t\tdata-image-id=\"260\"\n\t\t\t\t\t\t\t\tdata-title=\"2008-01-28-23-extremadura\"\n\t\t\t\t\t\t\t\tdata-description=\"Ankunft\"\n\t\t\t\t\t\t\t\t\t\t\t\t\t\t\t\t\t\t\t\t\t\t\t\t\t\t\t\t\t\t\t\t\t\t\t\t\t\t\tclass='nextgen_pro_lightbox' data-nplmodal-gallery-id='596e80914a0b62156cb723196355d4e9'><picture><source srcset='https:\/\/ottoschaefer.de\/birds_and_nature\/wp-content\/gallery\/bilder\/cache\/2008-01-28-23-extremadura.jpg-nggid03260-ngg0dyn-120x90x100-00f0w010c010r110f110r010t010.jpg'><img class=\"nextgen_pro_film_image\" title=\"2008-01-28-23-extremadura\" alt=\"2008-01-28-23-extremadura\" width=\"120\" height=\"80\" style=\"max-width:120px;max-height:80px\" src=\"https:\/\/ottoschaefer.de\/birds_and_nature\/wp-content\/gallery\/bilder\/cache\/2008-01-28-23-extremadura.jpg-nggid03260-ngg0dyn-120x90x100-00f0w010c010r110f110r010t010.jpg\" srcset=\"https:\/\/ottoschaefer.de\/birds_and_nature\/wp-content\/gallery\/bilder\/cache\/2008-01-28-23-extremadura.jpg-nggid03260-ngg0dyn-120x90x100-00f0w010c010r110f110r010t010.jpg\" \/><\/picture>\t\t\t\t\t\t\t<\/a><div class='ngg-trigger-buttons'><i class='fa ngg-trigger nextgen_pro_lightbox fa-share-square' data-nplmodal-gallery-id='596e80914a0b62156cb723196355d4e9' data-image-id='260'><\/i><\/div>\t\t\t\t\t<\/div><div id=\"ngg-image-3\" class=\"image-wrapper\"><a href=\"https:\/\/ottoschaefer.de\/birds_and_nature\/wp-content\/gallery\/bilder\/2008-01-28-40-extremadura.jpg\"\n\t\t\t\t\t\t\t\ttitle=\"Der Strochenbaum\"\n\t\t\t\t\t\t\t\tdata-src=\"https:\/\/ottoschaefer.de\/birds_and_nature\/wp-content\/gallery\/bilder\/2008-01-28-40-extremadura.jpg\"\n\t\t\t\t\t\t\t\tdata-thumbnail=\"https:\/\/ottoschaefer.de\/birds_and_nature\/wp-content\/gallery\/bilder\/thumbs\/thumbs_2008-01-28-40-extremadura.jpg\"\n\t\t\t\t\t\t\t\tdata-image-id=\"261\"\n\t\t\t\t\t\t\t\tdata-title=\"2008-01-28-40-extremadura\"\n\t\t\t\t\t\t\t\tdata-description=\"Der Strochenbaum\"\n\t\t\t\t\t\t\t\t\t\t\t\t\t\t\t\t\t\t\t\t\t\t\t\t\t\t\t\t\t\t\t\t\t\t\t\t\t\t\tclass='nextgen_pro_lightbox' data-nplmodal-gallery-id='596e80914a0b62156cb723196355d4e9'><picture><source srcset='https:\/\/ottoschaefer.de\/birds_and_nature\/wp-content\/gallery\/bilder\/cache\/2008-01-28-40-extremadura.jpg-nggid03261-ngg0dyn-120x90x100-00f0w010c010r110f110r010t010.jpg'><img class=\"nextgen_pro_film_image\" title=\"2008-01-28-40-extremadura\" alt=\"2008-01-28-40-extremadura\" width=\"120\" height=\"80\" style=\"max-width:120px;max-height:80px\" src=\"https:\/\/ottoschaefer.de\/birds_and_nature\/wp-content\/gallery\/bilder\/cache\/2008-01-28-40-extremadura.jpg-nggid03261-ngg0dyn-120x90x100-00f0w010c010r110f110r010t010.jpg\" srcset=\"https:\/\/ottoschaefer.de\/birds_and_nature\/wp-content\/gallery\/bilder\/cache\/2008-01-28-40-extremadura.jpg-nggid03261-ngg0dyn-120x90x100-00f0w010c010r110f110r010t010.jpg\" \/><\/picture>\t\t\t\t\t\t\t<\/a><div class='ngg-trigger-buttons'><i class='fa ngg-trigger nextgen_pro_lightbox fa-share-square' data-nplmodal-gallery-id='596e80914a0b62156cb723196355d4e9' data-image-id='261'><\/i><\/div>\t\t\t\t\t<\/div><div id=\"ngg-image-4\" class=\"image-wrapper\"><a href=\"https:\/\/ottoschaefer.de\/birds_and_nature\/wp-content\/gallery\/bilder\/2008-01-28-45-extremadura.jpg\"\n\t\t\t\t\t\t\t\ttitle=\"Der Strochenbaum\"\n\t\t\t\t\t\t\t\tdata-src=\"https:\/\/ottoschaefer.de\/birds_and_nature\/wp-content\/gallery\/bilder\/2008-01-28-45-extremadura.jpg\"\n\t\t\t\t\t\t\t\tdata-thumbnail=\"https:\/\/ottoschaefer.de\/birds_and_nature\/wp-content\/gallery\/bilder\/thumbs\/thumbs_2008-01-28-45-extremadura.jpg\"\n\t\t\t\t\t\t\t\tdata-image-id=\"262\"\n\t\t\t\t\t\t\t\tdata-title=\"2008-01-28-45-extremadura\"\n\t\t\t\t\t\t\t\tdata-description=\"Der Strochenbaum\"\n\t\t\t\t\t\t\t\t\t\t\t\t\t\t\t\t\t\t\t\t\t\t\t\t\t\t\t\t\t\t\t\t\t\t\t\t\t\t\tclass='nextgen_pro_lightbox' data-nplmodal-gallery-id='596e80914a0b62156cb723196355d4e9'><picture><source srcset='https:\/\/ottoschaefer.de\/birds_and_nature\/wp-content\/gallery\/bilder\/cache\/2008-01-28-45-extremadura.jpg-nggid03262-ngg0dyn-120x90x100-00f0w010c010r110f110r010t010.jpg'><img class=\"nextgen_pro_film_image\" title=\"2008-01-28-45-extremadura\" alt=\"2008-01-28-45-extremadura\" width=\"120\" height=\"80\" style=\"max-width:120px;max-height:80px\" src=\"https:\/\/ottoschaefer.de\/birds_and_nature\/wp-content\/gallery\/bilder\/cache\/2008-01-28-45-extremadura.jpg-nggid03262-ngg0dyn-120x90x100-00f0w010c010r110f110r010t010.jpg\" srcset=\"https:\/\/ottoschaefer.de\/birds_and_nature\/wp-content\/gallery\/bilder\/cache\/2008-01-28-45-extremadura.jpg-nggid03262-ngg0dyn-120x90x100-00f0w010c010r110f110r010t010.jpg\" \/><\/picture>\t\t\t\t\t\t\t<\/a><div class='ngg-trigger-buttons'><i class='fa ngg-trigger nextgen_pro_lightbox fa-share-square' data-nplmodal-gallery-id='596e80914a0b62156cb723196355d4e9' data-image-id='262'><\/i><\/div>\t\t\t\t\t<\/div><div id=\"ngg-image-5\" class=\"image-wrapper\"><a href=\"https:\/\/ottoschaefer.de\/birds_and_nature\/wp-content\/gallery\/bilder\/2008-01-28-46-extremadura.jpg\"\n\t\t\t\t\t\t\t\ttitle=\"Der Strochenbaum\"\n\t\t\t\t\t\t\t\tdata-src=\"https:\/\/ottoschaefer.de\/birds_and_nature\/wp-content\/gallery\/bilder\/2008-01-28-46-extremadura.jpg\"\n\t\t\t\t\t\t\t\tdata-thumbnail=\"https:\/\/ottoschaefer.de\/birds_and_nature\/wp-content\/gallery\/bilder\/thumbs\/thumbs_2008-01-28-46-extremadura.jpg\"\n\t\t\t\t\t\t\t\tdata-image-id=\"263\"\n\t\t\t\t\t\t\t\tdata-title=\"2008-01-28-46-extremadura\"\n\t\t\t\t\t\t\t\tdata-description=\"Der Strochenbaum\"\n\t\t\t\t\t\t\t\t\t\t\t\t\t\t\t\t\t\t\t\t\t\t\t\t\t\t\t\t\t\t\t\t\t\t\t\t\t\t\tclass='nextgen_pro_lightbox' data-nplmodal-gallery-id='596e80914a0b62156cb723196355d4e9'><picture><source srcset='https:\/\/ottoschaefer.de\/birds_and_nature\/wp-content\/gallery\/bilder\/cache\/2008-01-28-46-extremadura.jpg-nggid03263-ngg0dyn-120x90x100-00f0w010c010r110f110r010t010.jpg'><img class=\"nextgen_pro_film_image\" title=\"2008-01-28-46-extremadura\" alt=\"2008-01-28-46-extremadura\" width=\"60\" height=\"90\" style=\"max-width:60px;max-height:90px\" src=\"https:\/\/ottoschaefer.de\/birds_and_nature\/wp-content\/gallery\/bilder\/cache\/2008-01-28-46-extremadura.jpg-nggid03263-ngg0dyn-120x90x100-00f0w010c010r110f110r010t010.jpg\" srcset=\"https:\/\/ottoschaefer.de\/birds_and_nature\/wp-content\/gallery\/bilder\/cache\/2008-01-28-46-extremadura.jpg-nggid03263-ngg0dyn-120x90x100-00f0w010c010r110f110r010t010.jpg\" \/><\/picture>\t\t\t\t\t\t\t<\/a><div class='ngg-trigger-buttons'><i class='fa ngg-trigger nextgen_pro_lightbox fa-share-square' data-nplmodal-gallery-id='596e80914a0b62156cb723196355d4e9' data-image-id='263'><\/i><\/div>\t\t\t\t\t<\/div><div id=\"ngg-image-6\" class=\"image-wrapper\"><a href=\"https:\/\/ottoschaefer.de\/birds_and_nature\/wp-content\/gallery\/bilder\/2008-02-01-04-extremadura.jpg\"\n\t\t\t\t\t\t\t\ttitle=\"Kraniche im Morgengrauen\"\n\t\t\t\t\t\t\t\tdata-src=\"https:\/\/ottoschaefer.de\/birds_and_nature\/wp-content\/gallery\/bilder\/2008-02-01-04-extremadura.jpg\"\n\t\t\t\t\t\t\t\tdata-thumbnail=\"https:\/\/ottoschaefer.de\/birds_and_nature\/wp-content\/gallery\/bilder\/thumbs\/thumbs_2008-02-01-04-extremadura.jpg\"\n\t\t\t\t\t\t\t\tdata-image-id=\"264\"\n\t\t\t\t\t\t\t\tdata-title=\"2008-02-01-04-extremadura\"\n\t\t\t\t\t\t\t\tdata-description=\"Kraniche im Morgengrauen\"\n\t\t\t\t\t\t\t\t\t\t\t\t\t\t\t\t\t\t\t\t\t\t\t\t\t\t\t\t\t\t\t\t\t\t\t\t\t\t\tclass='nextgen_pro_lightbox' data-nplmodal-gallery-id='596e80914a0b62156cb723196355d4e9'><picture><source srcset='https:\/\/ottoschaefer.de\/birds_and_nature\/wp-content\/gallery\/bilder\/cache\/2008-02-01-04-extremadura.jpg-nggid03264-ngg0dyn-120x90x100-00f0w010c010r110f110r010t010.jpg'><img class=\"nextgen_pro_film_image\" title=\"2008-02-01-04-extremadura\" alt=\"2008-02-01-04-extremadura\" width=\"120\" height=\"80\" style=\"max-width:120px;max-height:80px\" src=\"https:\/\/ottoschaefer.de\/birds_and_nature\/wp-content\/gallery\/bilder\/cache\/2008-02-01-04-extremadura.jpg-nggid03264-ngg0dyn-120x90x100-00f0w010c010r110f110r010t010.jpg\" srcset=\"https:\/\/ottoschaefer.de\/birds_and_nature\/wp-content\/gallery\/bilder\/cache\/2008-02-01-04-extremadura.jpg-nggid03264-ngg0dyn-120x90x100-00f0w010c010r110f110r010t010.jpg\" \/><\/picture>\t\t\t\t\t\t\t<\/a><div class='ngg-trigger-buttons'><i class='fa ngg-trigger nextgen_pro_lightbox fa-share-square' data-nplmodal-gallery-id='596e80914a0b62156cb723196355d4e9' data-image-id='264'><\/i><\/div>\t\t\t\t\t<\/div><div id=\"ngg-image-7\" class=\"image-wrapper\"><a href=\"https:\/\/ottoschaefer.de\/birds_and_nature\/wp-content\/gallery\/bilder\/2008-02-01-08-extremadura.jpg\"\n\t\t\t\t\t\t\t\ttitle=\"Kraniche im Morgengrauen\"\n\t\t\t\t\t\t\t\tdata-src=\"https:\/\/ottoschaefer.de\/birds_and_nature\/wp-content\/gallery\/bilder\/2008-02-01-08-extremadura.jpg\"\n\t\t\t\t\t\t\t\tdata-thumbnail=\"https:\/\/ottoschaefer.de\/birds_and_nature\/wp-content\/gallery\/bilder\/thumbs\/thumbs_2008-02-01-08-extremadura.jpg\"\n\t\t\t\t\t\t\t\tdata-image-id=\"265\"\n\t\t\t\t\t\t\t\tdata-title=\"2008-02-01-08-extremadura\"\n\t\t\t\t\t\t\t\tdata-description=\"Kraniche im Morgengrauen\"\n\t\t\t\t\t\t\t\t\t\t\t\t\t\t\t\t\t\t\t\t\t\t\t\t\t\t\t\t\t\t\t\t\t\t\t\t\t\t\tclass='nextgen_pro_lightbox' data-nplmodal-gallery-id='596e80914a0b62156cb723196355d4e9'><picture><source srcset='https:\/\/ottoschaefer.de\/birds_and_nature\/wp-content\/gallery\/bilder\/cache\/2008-02-01-08-extremadura.jpg-nggid03265-ngg0dyn-120x90x100-00f0w010c010r110f110r010t010.jpg'><img class=\"nextgen_pro_film_image\" title=\"2008-02-01-08-extremadura\" alt=\"2008-02-01-08-extremadura\" width=\"120\" height=\"80\" style=\"max-width:120px;max-height:80px\" src=\"https:\/\/ottoschaefer.de\/birds_and_nature\/wp-content\/gallery\/bilder\/cache\/2008-02-01-08-extremadura.jpg-nggid03265-ngg0dyn-120x90x100-00f0w010c010r110f110r010t010.jpg\" srcset=\"https:\/\/ottoschaefer.de\/birds_and_nature\/wp-content\/gallery\/bilder\/cache\/2008-02-01-08-extremadura.jpg-nggid03265-ngg0dyn-120x90x100-00f0w010c010r110f110r010t010.jpg\" \/><\/picture>\t\t\t\t\t\t\t<\/a><div class='ngg-trigger-buttons'><i class='fa ngg-trigger nextgen_pro_lightbox fa-share-square' data-nplmodal-gallery-id='596e80914a0b62156cb723196355d4e9' data-image-id='265'><\/i><\/div>\t\t\t\t\t<\/div><div id=\"ngg-image-8\" class=\"image-wrapper\"><a href=\"https:\/\/ottoschaefer.de\/birds_and_nature\/wp-content\/gallery\/bilder\/2008-02-01-49-extremadura.jpg\"\n\t\t\t\t\t\t\t\ttitle=\"Heimflug\"\n\t\t\t\t\t\t\t\tdata-src=\"https:\/\/ottoschaefer.de\/birds_and_nature\/wp-content\/gallery\/bilder\/2008-02-01-49-extremadura.jpg\"\n\t\t\t\t\t\t\t\tdata-thumbnail=\"https:\/\/ottoschaefer.de\/birds_and_nature\/wp-content\/gallery\/bilder\/thumbs\/thumbs_2008-02-01-49-extremadura.jpg\"\n\t\t\t\t\t\t\t\tdata-image-id=\"266\"\n\t\t\t\t\t\t\t\tdata-title=\"2008-02-01-49-extremadura\"\n\t\t\t\t\t\t\t\tdata-description=\"Heimflug\"\n\t\t\t\t\t\t\t\t\t\t\t\t\t\t\t\t\t\t\t\t\t\t\t\t\t\t\t\t\t\t\t\t\t\t\t\t\t\t\tclass='nextgen_pro_lightbox' data-nplmodal-gallery-id='596e80914a0b62156cb723196355d4e9'><picture><source srcset='https:\/\/ottoschaefer.de\/birds_and_nature\/wp-content\/gallery\/bilder\/cache\/2008-02-01-49-extremadura.jpg-nggid03266-ngg0dyn-120x90x100-00f0w010c010r110f110r010t010.jpg'><img class=\"nextgen_pro_film_image\" title=\"2008-02-01-49-extremadura\" alt=\"2008-02-01-49-extremadura\" width=\"120\" height=\"80\" style=\"max-width:120px;max-height:80px\" src=\"https:\/\/ottoschaefer.de\/birds_and_nature\/wp-content\/gallery\/bilder\/cache\/2008-02-01-49-extremadura.jpg-nggid03266-ngg0dyn-120x90x100-00f0w010c010r110f110r010t010.jpg\" srcset=\"https:\/\/ottoschaefer.de\/birds_and_nature\/wp-content\/gallery\/bilder\/cache\/2008-02-01-49-extremadura.jpg-nggid03266-ngg0dyn-120x90x100-00f0w010c010r110f110r010t010.jpg\" \/><\/picture>\t\t\t\t\t\t\t<\/a><div class='ngg-trigger-buttons'><i class='fa ngg-trigger nextgen_pro_lightbox fa-share-square' data-nplmodal-gallery-id='596e80914a0b62156cb723196355d4e9' data-image-id='266'><\/i><\/div>\t\t\t\t\t<\/div><div id=\"ngg-image-9\" class=\"image-wrapper\"><a href=\"https:\/\/ottoschaefer.de\/birds_and_nature\/wp-content\/gallery\/bilder\/2008-02-01-53-extremadura.jpg\"\n\t\t\t\t\t\t\t\ttitle=\"Der Himmel brennt\"\n\t\t\t\t\t\t\t\tdata-src=\"https:\/\/ottoschaefer.de\/birds_and_nature\/wp-content\/gallery\/bilder\/2008-02-01-53-extremadura.jpg\"\n\t\t\t\t\t\t\t\tdata-thumbnail=\"https:\/\/ottoschaefer.de\/birds_and_nature\/wp-content\/gallery\/bilder\/thumbs\/thumbs_2008-02-01-53-extremadura.jpg\"\n\t\t\t\t\t\t\t\tdata-image-id=\"267\"\n\t\t\t\t\t\t\t\tdata-title=\"2008-02-01-53-extremadura\"\n\t\t\t\t\t\t\t\tdata-description=\"Der Himmel brennt\"\n\t\t\t\t\t\t\t\t\t\t\t\t\t\t\t\t\t\t\t\t\t\t\t\t\t\t\t\t\t\t\t\t\t\t\t\t\t\t\tclass='nextgen_pro_lightbox' data-nplmodal-gallery-id='596e80914a0b62156cb723196355d4e9'><picture><source srcset='https:\/\/ottoschaefer.de\/birds_and_nature\/wp-content\/gallery\/bilder\/cache\/2008-02-01-53-extremadura.jpg-nggid03267-ngg0dyn-120x90x100-00f0w010c010r110f110r010t010.jpg'><img class=\"nextgen_pro_film_image\" title=\"2008-02-01-53-extremadura\" alt=\"2008-02-01-53-extremadura\" width=\"120\" height=\"80\" style=\"max-width:120px;max-height:80px\" src=\"https:\/\/ottoschaefer.de\/birds_and_nature\/wp-content\/gallery\/bilder\/cache\/2008-02-01-53-extremadura.jpg-nggid03267-ngg0dyn-120x90x100-00f0w010c010r110f110r010t010.jpg\" srcset=\"https:\/\/ottoschaefer.de\/birds_and_nature\/wp-content\/gallery\/bilder\/cache\/2008-02-01-53-extremadura.jpg-nggid03267-ngg0dyn-120x90x100-00f0w010c010r110f110r010t010.jpg\" \/><\/picture>\t\t\t\t\t\t\t<\/a><div class='ngg-trigger-buttons'><i class='fa ngg-trigger nextgen_pro_lightbox fa-share-square' data-nplmodal-gallery-id='596e80914a0b62156cb723196355d4e9' data-image-id='267'><\/i><\/div>\t\t\t\t\t<\/div><\/div><div class='ngg-navigation'><span class='current'>1<\/span><a class='page-numbers' data-pageid='2' href='https:\/\/ottoschaefer.de\/birds_and_nature\/serena-2008\/nggallery\/page\/2'>2<\/a><a class='prev' href='https:\/\/ottoschaefer.de\/birds_and_nature\/serena-2008\/nggallery\/page\/2' data-pageid=\"2\">&#9658;<\/a><\/div>\n<\/p>\n","protected":false},"excerpt":{"rendered":"<p>Extremadura &#8211; Serena Meine erste ausschlie\u00dfliche Fotoreise, der nach einige folgen sollten. Ziel der Reise ist die Serena, in Gebiet in der Extremadura in S\u00fcspanien. Hauptort und Ausgangspunkt der Touren dort ist Castuera. Fotografisches Thema: Kranich die dort \u00fcberwintern und tags\u00fcber in die Steineichenw\u00e4lder zur Nahrungsaufname fliegen. Daneben gibt es aber noch viel anderes zu [&hellip;]<\/p>\n","protected":false},"author":1,"featured_media":0,"parent":0,"menu_order":0,"comment_status":"closed","ping_status":"closed","template":"template-page-no-title.php","meta":{"ngg_post_thumbnail":0,"footnotes":""},"class_list":["post-637","page","type-page","status-publish","hentry","entry"],"_links":{"self":[{"href":"https:\/\/ottoschaefer.de\/birds_and_nature\/wp-json\/wp\/v2\/pages\/637","targetHints":{"allow":["GET"]}}],"collection":[{"href":"https:\/\/ottoschaefer.de\/birds_and_nature\/wp-json\/wp\/v2\/pages"}],"about":[{"href":"https:\/\/ottoschaefer.de\/birds_and_nature\/wp-json\/wp\/v2\/types\/page"}],"author":[{"embeddable":true,"href":"https:\/\/ottoschaefer.de\/birds_and_nature\/wp-json\/wp\/v2\/users\/1"}],"replies":[{"embeddable":true,"href":"https:\/\/ottoschaefer.de\/birds_and_nature\/wp-json\/wp\/v2\/comments?post=637"}],"version-history":[{"count":1,"href":"https:\/\/ottoschaefer.de\/birds_and_nature\/wp-json\/wp\/v2\/pages\/637\/revisions"}],"predecessor-version":[{"id":640,"href":"https:\/\/ottoschaefer.de\/birds_and_nature\/wp-json\/wp\/v2\/pages\/637\/revisions\/640"}],"wp:attachment":[{"href":"https:\/\/ottoschaefer.de\/birds_and_nature\/wp-json\/wp\/v2\/media?parent=637"}],"curies":[{"name":"wp","href":"https:\/\/api.w.org\/{rel}","templated":true}]}}