{"id":574,"date":"2014-01-12T14:08:53","date_gmt":"2014-01-12T13:08:53","guid":{"rendered":"http:\/\/ottoschaefer.de\/birds_and_nature\/?page_id=574"},"modified":"2014-10-05T15:47:26","modified_gmt":"2014-10-05T14:47:26","slug":"gallocanta-2009","status":"publish","type":"page","link":"https:\/\/ottoschaefer.de\/birds_and_nature\/gallocanta-2009\/","title":{"rendered":"Gallocanta 2009"},"content":{"rendered":"<h2>Laguna de Gallocanta<\/h2>\n<p>Meine zweite Reise zu den Kranichen f\u00fchrte mich zur Laguna de Gallocanta im Nordosten Spaniens. Dieser etwa 1000 m hoch gelegene Salzsee ist bei den Kranichen ein beliebter \u00dcberwinterungsplatz und sehr gut geeignet um Kraniche aus der N\u00e4he zu beobachten. Der See wird von ihnen zum \u00dcbernachten genutzt, und da sie mit Maisk\u00f6rnern angef\u00fcttert werden, bleibt ein Teil der V\u00f6gel am Schlafplatz und in der N\u00e4he der Beobachtungsh\u00fctten.<\/p>\n<p><style>\n\t#gallery_b6b355fb5841a97dedd532d447dc04ca .image-wrapper {\n\t\tmargin-left: 5px;\n\t\tmargin-bottom: 5px;\n\t\tpadding: 20px;\n\t\tborder: solid 1px #CCCCCC;\n\t\tbackground-color: #FFFFFF;\n\t\tmax-width: 162px;\n\t}\n\n\t#gallery_b6b355fb5841a97dedd532d447dc04ca .image-wrapper a {\n\t\twidth: 120px;\n\t\theight: 80px;\n\t}\n\n\t#gallery_b6b355fb5841a97dedd532d447dc04ca .nextgen_pro_film_title {\n\t\t\t}\n\n\t#gallery_b6b355fb5841a97dedd532d447dc04ca .nextgen_pro_film_description {\n\t\t\t}\n<\/style><div class=\"nextgen_pro_film\" id=\"gallery_b6b355fb5841a97dedd532d447dc04ca\"\n\t\tdata-gallery-id=\"Gallocanta\"><div id=\"ngg-image-0\" class=\"image-wrapper\"><a href=\"https:\/\/ottoschaefer.de\/birds_and_nature\/wp-content\/gallery\/bilder\/2009-02-02-062-laguna-de-gallocanta.jpg\"\n\t\t\t\t\t\t\t\ttitle=\"Laguna de Gallocanta\"\n\t\t\t\t\t\t\t\tdata-src=\"https:\/\/ottoschaefer.de\/birds_and_nature\/wp-content\/gallery\/bilder\/2009-02-02-062-laguna-de-gallocanta.jpg\"\n\t\t\t\t\t\t\t\tdata-thumbnail=\"https:\/\/ottoschaefer.de\/birds_and_nature\/wp-content\/gallery\/bilder\/thumbs\/thumbs_2009-02-02-062-laguna-de-gallocanta.jpg\"\n\t\t\t\t\t\t\t\tdata-image-id=\"205\"\n\t\t\t\t\t\t\t\tdata-title=\"2009-02-02-062-laguna-de-gallocanta\"\n\t\t\t\t\t\t\t\tdata-description=\"Laguna de Gallocanta\"\n\t\t\t\t\t\t\t\t\t\t\t\t\t\t\t\t\t\t\t\t\t\t\t\t\t\t\t\t\t\t\t\t\t\t\t\t\t\t\tclass='nextgen_pro_lightbox' data-nplmodal-gallery-id='b6b355fb5841a97dedd532d447dc04ca'><picture><source srcset='https:\/\/ottoschaefer.de\/birds_and_nature\/wp-content\/gallery\/bilder\/cache\/2009-02-02-062-laguna-de-gallocanta.jpg-nggid03205-ngg0dyn-120x90x100-00f0w010c010r110f110r010t010.jpg'><img class=\"nextgen_pro_film_image\" title=\"2009-02-02-062-laguna-de-gallocanta\" alt=\"2009-02-02-062-laguna-de-gallocanta\" width=\"120\" height=\"80\" style=\"max-width:120px;max-height:80px\" src=\"https:\/\/ottoschaefer.de\/birds_and_nature\/wp-content\/gallery\/bilder\/cache\/2009-02-02-062-laguna-de-gallocanta.jpg-nggid03205-ngg0dyn-120x90x100-00f0w010c010r110f110r010t010.jpg\" srcset=\"https:\/\/ottoschaefer.de\/birds_and_nature\/wp-content\/gallery\/bilder\/cache\/2009-02-02-062-laguna-de-gallocanta.jpg-nggid03205-ngg0dyn-120x90x100-00f0w010c010r110f110r010t010.jpg\" \/><\/picture>\t\t\t\t\t\t\t<\/a><div class='ngg-trigger-buttons'><i class='fa ngg-trigger nextgen_pro_lightbox fa-share-square' data-nplmodal-gallery-id='b6b355fb5841a97dedd532d447dc04ca' data-image-id='205'><\/i><\/div>\t\t\t\t\t<\/div><div id=\"ngg-image-1\" class=\"image-wrapper\"><a href=\"https:\/\/ottoschaefer.de\/birds_and_nature\/wp-content\/gallery\/bilder\/2009-02-02-063-laguna-de-gallocanta.jpg\"\n\t\t\t\t\t\t\t\ttitle=\"Laguna de Gallocanta\"\n\t\t\t\t\t\t\t\tdata-src=\"https:\/\/ottoschaefer.de\/birds_and_nature\/wp-content\/gallery\/bilder\/2009-02-02-063-laguna-de-gallocanta.jpg\"\n\t\t\t\t\t\t\t\tdata-thumbnail=\"https:\/\/ottoschaefer.de\/birds_and_nature\/wp-content\/gallery\/bilder\/thumbs\/thumbs_2009-02-02-063-laguna-de-gallocanta.jpg\"\n\t\t\t\t\t\t\t\tdata-image-id=\"206\"\n\t\t\t\t\t\t\t\tdata-title=\"2009-02-02-063-laguna-de-gallocanta\"\n\t\t\t\t\t\t\t\tdata-description=\"Laguna de Gallocanta\"\n\t\t\t\t\t\t\t\t\t\t\t\t\t\t\t\t\t\t\t\t\t\t\t\t\t\t\t\t\t\t\t\t\t\t\t\t\t\t\tclass='nextgen_pro_lightbox' data-nplmodal-gallery-id='b6b355fb5841a97dedd532d447dc04ca'><picture><source srcset='https:\/\/ottoschaefer.de\/birds_and_nature\/wp-content\/gallery\/bilder\/cache\/2009-02-02-063-laguna-de-gallocanta.jpg-nggid03206-ngg0dyn-120x90x100-00f0w010c010r110f110r010t010.jpg'><img class=\"nextgen_pro_film_image\" title=\"2009-02-02-063-laguna-de-gallocanta\" alt=\"2009-02-02-063-laguna-de-gallocanta\" width=\"120\" height=\"80\" style=\"max-width:120px;max-height:80px\" src=\"https:\/\/ottoschaefer.de\/birds_and_nature\/wp-content\/gallery\/bilder\/cache\/2009-02-02-063-laguna-de-gallocanta.jpg-nggid03206-ngg0dyn-120x90x100-00f0w010c010r110f110r010t010.jpg\" srcset=\"https:\/\/ottoschaefer.de\/birds_and_nature\/wp-content\/gallery\/bilder\/cache\/2009-02-02-063-laguna-de-gallocanta.jpg-nggid03206-ngg0dyn-120x90x100-00f0w010c010r110f110r010t010.jpg\" \/><\/picture>\t\t\t\t\t\t\t<\/a><div class='ngg-trigger-buttons'><i class='fa ngg-trigger nextgen_pro_lightbox fa-share-square' data-nplmodal-gallery-id='b6b355fb5841a97dedd532d447dc04ca' data-image-id='206'><\/i><\/div>\t\t\t\t\t<\/div><div id=\"ngg-image-2\" class=\"image-wrapper\"><a href=\"https:\/\/ottoschaefer.de\/birds_and_nature\/wp-content\/gallery\/bilder\/2009-02-02-064-laguna-de-gallocanta.jpg\"\n\t\t\t\t\t\t\t\ttitle=\"Laguna de Gallocanta\"\n\t\t\t\t\t\t\t\tdata-src=\"https:\/\/ottoschaefer.de\/birds_and_nature\/wp-content\/gallery\/bilder\/2009-02-02-064-laguna-de-gallocanta.jpg\"\n\t\t\t\t\t\t\t\tdata-thumbnail=\"https:\/\/ottoschaefer.de\/birds_and_nature\/wp-content\/gallery\/bilder\/thumbs\/thumbs_2009-02-02-064-laguna-de-gallocanta.jpg\"\n\t\t\t\t\t\t\t\tdata-image-id=\"207\"\n\t\t\t\t\t\t\t\tdata-title=\"2009-02-02-064-laguna-de-gallocanta\"\n\t\t\t\t\t\t\t\tdata-description=\"Laguna de Gallocanta\"\n\t\t\t\t\t\t\t\t\t\t\t\t\t\t\t\t\t\t\t\t\t\t\t\t\t\t\t\t\t\t\t\t\t\t\t\t\t\t\tclass='nextgen_pro_lightbox' data-nplmodal-gallery-id='b6b355fb5841a97dedd532d447dc04ca'><picture><source srcset='https:\/\/ottoschaefer.de\/birds_and_nature\/wp-content\/gallery\/bilder\/cache\/2009-02-02-064-laguna-de-gallocanta.jpg-nggid03207-ngg0dyn-120x90x100-00f0w010c010r110f110r010t010.jpg'><img class=\"nextgen_pro_film_image\" title=\"2009-02-02-064-laguna-de-gallocanta\" alt=\"2009-02-02-064-laguna-de-gallocanta\" width=\"120\" height=\"80\" style=\"max-width:120px;max-height:80px\" src=\"https:\/\/ottoschaefer.de\/birds_and_nature\/wp-content\/gallery\/bilder\/cache\/2009-02-02-064-laguna-de-gallocanta.jpg-nggid03207-ngg0dyn-120x90x100-00f0w010c010r110f110r010t010.jpg\" srcset=\"https:\/\/ottoschaefer.de\/birds_and_nature\/wp-content\/gallery\/bilder\/cache\/2009-02-02-064-laguna-de-gallocanta.jpg-nggid03207-ngg0dyn-120x90x100-00f0w010c010r110f110r010t010.jpg\" \/><\/picture>\t\t\t\t\t\t\t<\/a><div class='ngg-trigger-buttons'><i class='fa ngg-trigger nextgen_pro_lightbox fa-share-square' data-nplmodal-gallery-id='b6b355fb5841a97dedd532d447dc04ca' data-image-id='207'><\/i><\/div>\t\t\t\t\t<\/div><div id=\"ngg-image-3\" class=\"image-wrapper\"><a href=\"https:\/\/ottoschaefer.de\/birds_and_nature\/wp-content\/gallery\/bilder\/2009-02-03-002-laguna-de-gallocanta.jpg\"\n\t\t\t\t\t\t\t\ttitle=\"Laguna de Gallocanta\"\n\t\t\t\t\t\t\t\tdata-src=\"https:\/\/ottoschaefer.de\/birds_and_nature\/wp-content\/gallery\/bilder\/2009-02-03-002-laguna-de-gallocanta.jpg\"\n\t\t\t\t\t\t\t\tdata-thumbnail=\"https:\/\/ottoschaefer.de\/birds_and_nature\/wp-content\/gallery\/bilder\/thumbs\/thumbs_2009-02-03-002-laguna-de-gallocanta.jpg\"\n\t\t\t\t\t\t\t\tdata-image-id=\"208\"\n\t\t\t\t\t\t\t\tdata-title=\"2009-02-03-002-laguna-de-gallocanta\"\n\t\t\t\t\t\t\t\tdata-description=\"Laguna de Gallocanta\"\n\t\t\t\t\t\t\t\t\t\t\t\t\t\t\t\t\t\t\t\t\t\t\t\t\t\t\t\t\t\t\t\t\t\t\t\t\t\t\tclass='nextgen_pro_lightbox' data-nplmodal-gallery-id='b6b355fb5841a97dedd532d447dc04ca'><picture><source srcset='https:\/\/ottoschaefer.de\/birds_and_nature\/wp-content\/gallery\/bilder\/cache\/2009-02-03-002-laguna-de-gallocanta.jpg-nggid03208-ngg0dyn-120x90x100-00f0w010c010r110f110r010t010.jpg'><img class=\"nextgen_pro_film_image\" title=\"2009-02-03-002-laguna-de-gallocanta\" alt=\"2009-02-03-002-laguna-de-gallocanta\" width=\"120\" height=\"80\" style=\"max-width:120px;max-height:80px\" src=\"https:\/\/ottoschaefer.de\/birds_and_nature\/wp-content\/gallery\/bilder\/cache\/2009-02-03-002-laguna-de-gallocanta.jpg-nggid03208-ngg0dyn-120x90x100-00f0w010c010r110f110r010t010.jpg\" srcset=\"https:\/\/ottoschaefer.de\/birds_and_nature\/wp-content\/gallery\/bilder\/cache\/2009-02-03-002-laguna-de-gallocanta.jpg-nggid03208-ngg0dyn-120x90x100-00f0w010c010r110f110r010t010.jpg\" \/><\/picture>\t\t\t\t\t\t\t<\/a><div class='ngg-trigger-buttons'><i class='fa ngg-trigger nextgen_pro_lightbox fa-share-square' data-nplmodal-gallery-id='b6b355fb5841a97dedd532d447dc04ca' data-image-id='208'><\/i><\/div>\t\t\t\t\t<\/div><div id=\"ngg-image-4\" class=\"image-wrapper\"><a href=\"https:\/\/ottoschaefer.de\/birds_and_nature\/wp-content\/gallery\/bilder\/2009-02-03-004-laguna-de-gallocanta.jpg\"\n\t\t\t\t\t\t\t\ttitle=\"\"\n\t\t\t\t\t\t\t\tdata-src=\"https:\/\/ottoschaefer.de\/birds_and_nature\/wp-content\/gallery\/bilder\/2009-02-03-004-laguna-de-gallocanta.jpg\"\n\t\t\t\t\t\t\t\tdata-thumbnail=\"https:\/\/ottoschaefer.de\/birds_and_nature\/wp-content\/gallery\/bilder\/thumbs\/thumbs_2009-02-03-004-laguna-de-gallocanta.jpg\"\n\t\t\t\t\t\t\t\tdata-image-id=\"209\"\n\t\t\t\t\t\t\t\tdata-title=\"2009-02-03-004-laguna-de-gallocanta\"\n\t\t\t\t\t\t\t\tdata-description=\"\"\n\t\t\t\t\t\t\t\t\t\t\t\t\t\t\t\t\t\t\t\t\t\t\t\t\t\t\t\t\t\t\t\t\t\t\t\t\t\t\tclass='nextgen_pro_lightbox' data-nplmodal-gallery-id='b6b355fb5841a97dedd532d447dc04ca'><picture><source srcset='https:\/\/ottoschaefer.de\/birds_and_nature\/wp-content\/gallery\/bilder\/cache\/2009-02-03-004-laguna-de-gallocanta.jpg-nggid03209-ngg0dyn-120x90x100-00f0w010c010r110f110r010t010.jpg'><img class=\"nextgen_pro_film_image\" title=\"2009-02-03-004-laguna-de-gallocanta\" alt=\"2009-02-03-004-laguna-de-gallocanta\" width=\"120\" height=\"80\" style=\"max-width:120px;max-height:80px\" src=\"https:\/\/ottoschaefer.de\/birds_and_nature\/wp-content\/gallery\/bilder\/cache\/2009-02-03-004-laguna-de-gallocanta.jpg-nggid03209-ngg0dyn-120x90x100-00f0w010c010r110f110r010t010.jpg\" srcset=\"https:\/\/ottoschaefer.de\/birds_and_nature\/wp-content\/gallery\/bilder\/cache\/2009-02-03-004-laguna-de-gallocanta.jpg-nggid03209-ngg0dyn-120x90x100-00f0w010c010r110f110r010t010.jpg\" \/><\/picture>\t\t\t\t\t\t\t<\/a><div class='ngg-trigger-buttons'><i class='fa ngg-trigger nextgen_pro_lightbox fa-share-square' data-nplmodal-gallery-id='b6b355fb5841a97dedd532d447dc04ca' data-image-id='209'><\/i><\/div>\t\t\t\t\t<\/div><div id=\"ngg-image-5\" class=\"image-wrapper\"><a href=\"https:\/\/ottoschaefer.de\/birds_and_nature\/wp-content\/gallery\/bilder\/2009-02-03-006-laguna-de-gallocanta.jpg\"\n\t\t\t\t\t\t\t\ttitle=\"Laguna de Gallocanta\"\n\t\t\t\t\t\t\t\tdata-src=\"https:\/\/ottoschaefer.de\/birds_and_nature\/wp-content\/gallery\/bilder\/2009-02-03-006-laguna-de-gallocanta.jpg\"\n\t\t\t\t\t\t\t\tdata-thumbnail=\"https:\/\/ottoschaefer.de\/birds_and_nature\/wp-content\/gallery\/bilder\/thumbs\/thumbs_2009-02-03-006-laguna-de-gallocanta.jpg\"\n\t\t\t\t\t\t\t\tdata-image-id=\"210\"\n\t\t\t\t\t\t\t\tdata-title=\"2009-02-03-006-laguna-de-gallocanta\"\n\t\t\t\t\t\t\t\tdata-description=\"Laguna de Gallocanta\"\n\t\t\t\t\t\t\t\t\t\t\t\t\t\t\t\t\t\t\t\t\t\t\t\t\t\t\t\t\t\t\t\t\t\t\t\t\t\t\tclass='nextgen_pro_lightbox' data-nplmodal-gallery-id='b6b355fb5841a97dedd532d447dc04ca'><picture><source srcset='https:\/\/ottoschaefer.de\/birds_and_nature\/wp-content\/gallery\/bilder\/cache\/2009-02-03-006-laguna-de-gallocanta.jpg-nggid03210-ngg0dyn-120x90x100-00f0w010c010r110f110r010t010.jpg'><img class=\"nextgen_pro_film_image\" title=\"2009-02-03-006-laguna-de-gallocanta\" alt=\"2009-02-03-006-laguna-de-gallocanta\" width=\"120\" height=\"80\" style=\"max-width:120px;max-height:80px\" src=\"https:\/\/ottoschaefer.de\/birds_and_nature\/wp-content\/gallery\/bilder\/cache\/2009-02-03-006-laguna-de-gallocanta.jpg-nggid03210-ngg0dyn-120x90x100-00f0w010c010r110f110r010t010.jpg\" srcset=\"https:\/\/ottoschaefer.de\/birds_and_nature\/wp-content\/gallery\/bilder\/cache\/2009-02-03-006-laguna-de-gallocanta.jpg-nggid03210-ngg0dyn-120x90x100-00f0w010c010r110f110r010t010.jpg\" \/><\/picture>\t\t\t\t\t\t\t<\/a><div class='ngg-trigger-buttons'><i class='fa ngg-trigger nextgen_pro_lightbox fa-share-square' data-nplmodal-gallery-id='b6b355fb5841a97dedd532d447dc04ca' data-image-id='210'><\/i><\/div>\t\t\t\t\t<\/div><div id=\"ngg-image-6\" class=\"image-wrapper\"><a href=\"https:\/\/ottoschaefer.de\/birds_and_nature\/wp-content\/gallery\/bilder\/2009-02-03-021-laguna-de-gallocanta.jpg\"\n\t\t\t\t\t\t\t\ttitle=\"Laguna de Gallocanta\"\n\t\t\t\t\t\t\t\tdata-src=\"https:\/\/ottoschaefer.de\/birds_and_nature\/wp-content\/gallery\/bilder\/2009-02-03-021-laguna-de-gallocanta.jpg\"\n\t\t\t\t\t\t\t\tdata-thumbnail=\"https:\/\/ottoschaefer.de\/birds_and_nature\/wp-content\/gallery\/bilder\/thumbs\/thumbs_2009-02-03-021-laguna-de-gallocanta.jpg\"\n\t\t\t\t\t\t\t\tdata-image-id=\"211\"\n\t\t\t\t\t\t\t\tdata-title=\"2009-02-03-021-laguna-de-gallocanta\"\n\t\t\t\t\t\t\t\tdata-description=\"Laguna de Gallocanta\"\n\t\t\t\t\t\t\t\t\t\t\t\t\t\t\t\t\t\t\t\t\t\t\t\t\t\t\t\t\t\t\t\t\t\t\t\t\t\t\tclass='nextgen_pro_lightbox' data-nplmodal-gallery-id='b6b355fb5841a97dedd532d447dc04ca'><picture><source srcset='https:\/\/ottoschaefer.de\/birds_and_nature\/wp-content\/gallery\/bilder\/cache\/2009-02-03-021-laguna-de-gallocanta.jpg-nggid03211-ngg0dyn-120x90x100-00f0w010c010r110f110r010t010.jpg'><img class=\"nextgen_pro_film_image\" title=\"2009-02-03-021-laguna-de-gallocanta\" alt=\"2009-02-03-021-laguna-de-gallocanta\" width=\"120\" height=\"80\" style=\"max-width:120px;max-height:80px\" src=\"https:\/\/ottoschaefer.de\/birds_and_nature\/wp-content\/gallery\/bilder\/cache\/2009-02-03-021-laguna-de-gallocanta.jpg-nggid03211-ngg0dyn-120x90x100-00f0w010c010r110f110r010t010.jpg\" srcset=\"https:\/\/ottoschaefer.de\/birds_and_nature\/wp-content\/gallery\/bilder\/cache\/2009-02-03-021-laguna-de-gallocanta.jpg-nggid03211-ngg0dyn-120x90x100-00f0w010c010r110f110r010t010.jpg\" \/><\/picture>\t\t\t\t\t\t\t<\/a><div class='ngg-trigger-buttons'><i class='fa ngg-trigger nextgen_pro_lightbox fa-share-square' data-nplmodal-gallery-id='b6b355fb5841a97dedd532d447dc04ca' data-image-id='211'><\/i><\/div>\t\t\t\t\t<\/div><div id=\"ngg-image-7\" class=\"image-wrapper\"><a href=\"https:\/\/ottoschaefer.de\/birds_and_nature\/wp-content\/gallery\/bilder\/2009-02-03-024-laguna-de-gallocanta.jpg\"\n\t\t\t\t\t\t\t\ttitle=\"Laguna de Gallocanta\"\n\t\t\t\t\t\t\t\tdata-src=\"https:\/\/ottoschaefer.de\/birds_and_nature\/wp-content\/gallery\/bilder\/2009-02-03-024-laguna-de-gallocanta.jpg\"\n\t\t\t\t\t\t\t\tdata-thumbnail=\"https:\/\/ottoschaefer.de\/birds_and_nature\/wp-content\/gallery\/bilder\/thumbs\/thumbs_2009-02-03-024-laguna-de-gallocanta.jpg\"\n\t\t\t\t\t\t\t\tdata-image-id=\"212\"\n\t\t\t\t\t\t\t\tdata-title=\"2009-02-03-024-laguna-de-gallocanta\"\n\t\t\t\t\t\t\t\tdata-description=\"Laguna de Gallocanta\"\n\t\t\t\t\t\t\t\t\t\t\t\t\t\t\t\t\t\t\t\t\t\t\t\t\t\t\t\t\t\t\t\t\t\t\t\t\t\t\tclass='nextgen_pro_lightbox' data-nplmodal-gallery-id='b6b355fb5841a97dedd532d447dc04ca'><picture><source srcset='https:\/\/ottoschaefer.de\/birds_and_nature\/wp-content\/gallery\/bilder\/cache\/2009-02-03-024-laguna-de-gallocanta.jpg-nggid03212-ngg0dyn-120x90x100-00f0w010c010r110f110r010t010.jpg'><img class=\"nextgen_pro_film_image\" title=\"2009-02-03-024-laguna-de-gallocanta\" alt=\"2009-02-03-024-laguna-de-gallocanta\" width=\"120\" height=\"80\" style=\"max-width:120px;max-height:80px\" src=\"https:\/\/ottoschaefer.de\/birds_and_nature\/wp-content\/gallery\/bilder\/cache\/2009-02-03-024-laguna-de-gallocanta.jpg-nggid03212-ngg0dyn-120x90x100-00f0w010c010r110f110r010t010.jpg\" srcset=\"https:\/\/ottoschaefer.de\/birds_and_nature\/wp-content\/gallery\/bilder\/cache\/2009-02-03-024-laguna-de-gallocanta.jpg-nggid03212-ngg0dyn-120x90x100-00f0w010c010r110f110r010t010.jpg\" \/><\/picture>\t\t\t\t\t\t\t<\/a><div class='ngg-trigger-buttons'><i class='fa ngg-trigger nextgen_pro_lightbox fa-share-square' data-nplmodal-gallery-id='b6b355fb5841a97dedd532d447dc04ca' data-image-id='212'><\/i><\/div>\t\t\t\t\t<\/div><div id=\"ngg-image-8\" class=\"image-wrapper\"><a href=\"https:\/\/ottoschaefer.de\/birds_and_nature\/wp-content\/gallery\/bilder\/2009-02-03-027-laguna-de-gallocanta.jpg\"\n\t\t\t\t\t\t\t\ttitle=\"Laguna de Gallocanta\"\n\t\t\t\t\t\t\t\tdata-src=\"https:\/\/ottoschaefer.de\/birds_and_nature\/wp-content\/gallery\/bilder\/2009-02-03-027-laguna-de-gallocanta.jpg\"\n\t\t\t\t\t\t\t\tdata-thumbnail=\"https:\/\/ottoschaefer.de\/birds_and_nature\/wp-content\/gallery\/bilder\/thumbs\/thumbs_2009-02-03-027-laguna-de-gallocanta.jpg\"\n\t\t\t\t\t\t\t\tdata-image-id=\"213\"\n\t\t\t\t\t\t\t\tdata-title=\"2009-02-03-027-laguna-de-gallocanta\"\n\t\t\t\t\t\t\t\tdata-description=\"Laguna de Gallocanta\"\n\t\t\t\t\t\t\t\t\t\t\t\t\t\t\t\t\t\t\t\t\t\t\t\t\t\t\t\t\t\t\t\t\t\t\t\t\t\t\tclass='nextgen_pro_lightbox' data-nplmodal-gallery-id='b6b355fb5841a97dedd532d447dc04ca'><picture><source srcset='https:\/\/ottoschaefer.de\/birds_and_nature\/wp-content\/gallery\/bilder\/cache\/2009-02-03-027-laguna-de-gallocanta.jpg-nggid03213-ngg0dyn-120x90x100-00f0w010c010r110f110r010t010.jpg'><img class=\"nextgen_pro_film_image\" title=\"2009-02-03-027-laguna-de-gallocanta\" alt=\"2009-02-03-027-laguna-de-gallocanta\" width=\"120\" height=\"80\" style=\"max-width:120px;max-height:80px\" src=\"https:\/\/ottoschaefer.de\/birds_and_nature\/wp-content\/gallery\/bilder\/cache\/2009-02-03-027-laguna-de-gallocanta.jpg-nggid03213-ngg0dyn-120x90x100-00f0w010c010r110f110r010t010.jpg\" srcset=\"https:\/\/ottoschaefer.de\/birds_and_nature\/wp-content\/gallery\/bilder\/cache\/2009-02-03-027-laguna-de-gallocanta.jpg-nggid03213-ngg0dyn-120x90x100-00f0w010c010r110f110r010t010.jpg\" \/><\/picture>\t\t\t\t\t\t\t<\/a><div class='ngg-trigger-buttons'><i class='fa ngg-trigger nextgen_pro_lightbox fa-share-square' data-nplmodal-gallery-id='b6b355fb5841a97dedd532d447dc04ca' data-image-id='213'><\/i><\/div>\t\t\t\t\t<\/div><div id=\"ngg-image-9\" class=\"image-wrapper\"><a href=\"https:\/\/ottoschaefer.de\/birds_and_nature\/wp-content\/gallery\/bilder\/2009-02-03-054-laguna-de-gallocanta.jpg\"\n\t\t\t\t\t\t\t\ttitle=\"Laguna de Gallocanta\"\n\t\t\t\t\t\t\t\tdata-src=\"https:\/\/ottoschaefer.de\/birds_and_nature\/wp-content\/gallery\/bilder\/2009-02-03-054-laguna-de-gallocanta.jpg\"\n\t\t\t\t\t\t\t\tdata-thumbnail=\"https:\/\/ottoschaefer.de\/birds_and_nature\/wp-content\/gallery\/bilder\/thumbs\/thumbs_2009-02-03-054-laguna-de-gallocanta.jpg\"\n\t\t\t\t\t\t\t\tdata-image-id=\"214\"\n\t\t\t\t\t\t\t\tdata-title=\"2009-02-03-054-laguna-de-gallocanta\"\n\t\t\t\t\t\t\t\tdata-description=\"Laguna de Gallocanta\"\n\t\t\t\t\t\t\t\t\t\t\t\t\t\t\t\t\t\t\t\t\t\t\t\t\t\t\t\t\t\t\t\t\t\t\t\t\t\t\tclass='nextgen_pro_lightbox' data-nplmodal-gallery-id='b6b355fb5841a97dedd532d447dc04ca'><picture><source srcset='https:\/\/ottoschaefer.de\/birds_and_nature\/wp-content\/gallery\/bilder\/cache\/2009-02-03-054-laguna-de-gallocanta.jpg-nggid03214-ngg0dyn-120x90x100-00f0w010c010r110f110r010t010.jpg'><img class=\"nextgen_pro_film_image\" title=\"2009-02-03-054-laguna-de-gallocanta\" alt=\"2009-02-03-054-laguna-de-gallocanta\" width=\"120\" height=\"80\" style=\"max-width:120px;max-height:80px\" src=\"https:\/\/ottoschaefer.de\/birds_and_nature\/wp-content\/gallery\/bilder\/cache\/2009-02-03-054-laguna-de-gallocanta.jpg-nggid03214-ngg0dyn-120x90x100-00f0w010c010r110f110r010t010.jpg\" srcset=\"https:\/\/ottoschaefer.de\/birds_and_nature\/wp-content\/gallery\/bilder\/cache\/2009-02-03-054-laguna-de-gallocanta.jpg-nggid03214-ngg0dyn-120x90x100-00f0w010c010r110f110r010t010.jpg\" \/><\/picture>\t\t\t\t\t\t\t<\/a><div class='ngg-trigger-buttons'><i class='fa ngg-trigger nextgen_pro_lightbox fa-share-square' data-nplmodal-gallery-id='b6b355fb5841a97dedd532d447dc04ca' data-image-id='214'><\/i><\/div>\t\t\t\t\t<\/div><\/div><div class='ngg-navigation'><span class='current'>1<\/span><a class='page-numbers' data-pageid='2' href='https:\/\/ottoschaefer.de\/birds_and_nature\/gallocanta-2009\/nggallery\/page\/2'>2<\/a><a class='page-numbers' data-pageid='3' href='https:\/\/ottoschaefer.de\/birds_and_nature\/gallocanta-2009\/nggallery\/page\/3'>3<\/a><a class='prev' href='https:\/\/ottoschaefer.de\/birds_and_nature\/gallocanta-2009\/nggallery\/page\/2' data-pageid=\"2\">&#9658;<\/a><\/div>\n<\/p>\n","protected":false},"excerpt":{"rendered":"<p>Laguna de Gallocanta Meine zweite Reise zu den Kranichen f\u00fchrte mich zur Laguna de Gallocanta im Nordosten Spaniens. Dieser etwa 1000 m hoch gelegene Salzsee ist bei den Kranichen ein beliebter \u00dcberwinterungsplatz und sehr gut geeignet um Kraniche aus der N\u00e4he zu beobachten. Der See wird von ihnen zum \u00dcbernachten genutzt, und da sie mit [&hellip;]<\/p>\n","protected":false},"author":1,"featured_media":0,"parent":0,"menu_order":0,"comment_status":"closed","ping_status":"closed","template":"template-page-no-title.php","meta":{"ngg_post_thumbnail":0,"footnotes":""},"class_list":["post-574","page","type-page","status-publish","hentry","entry"],"_links":{"self":[{"href":"https:\/\/ottoschaefer.de\/birds_and_nature\/wp-json\/wp\/v2\/pages\/574","targetHints":{"allow":["GET"]}}],"collection":[{"href":"https:\/\/ottoschaefer.de\/birds_and_nature\/wp-json\/wp\/v2\/pages"}],"about":[{"href":"https:\/\/ottoschaefer.de\/birds_and_nature\/wp-json\/wp\/v2\/types\/page"}],"author":[{"embeddable":true,"href":"https:\/\/ottoschaefer.de\/birds_and_nature\/wp-json\/wp\/v2\/users\/1"}],"replies":[{"embeddable":true,"href":"https:\/\/ottoschaefer.de\/birds_and_nature\/wp-json\/wp\/v2\/comments?post=574"}],"version-history":[{"count":3,"href":"https:\/\/ottoschaefer.de\/birds_and_nature\/wp-json\/wp\/v2\/pages\/574\/revisions"}],"predecessor-version":[{"id":778,"href":"https:\/\/ottoschaefer.de\/birds_and_nature\/wp-json\/wp\/v2\/pages\/574\/revisions\/778"}],"wp:attachment":[{"href":"https:\/\/ottoschaefer.de\/birds_and_nature\/wp-json\/wp\/v2\/media?parent=574"}],"curies":[{"name":"wp","href":"https:\/\/api.w.org\/{rel}","templated":true}]}}