{"id":378,"date":"2023-03-12T19:20:30","date_gmt":"2023-03-12T18:20:30","guid":{"rendered":"http:\/\/ottoschaefer.de\/birds_and_nature\/?page_id=378"},"modified":"2023-03-12T19:20:31","modified_gmt":"2023-03-12T18:20:31","slug":"zeitraffer-timelapse","status":"publish","type":"page","link":"https:\/\/ottoschaefer.de\/birds_and_nature\/zeitraffer-timelapse\/","title":{"rendered":"Zeitraffer &#8211; Timelapse"},"content":{"rendered":"<p>Vor ein paar Jahren begann ich mich mit dem Thema Zeitraffer zu besch\u00e4ftigen. Anf\u00e4nglich verwendete ich das, was Kamera und vorhandene Software hergaben. Im Laufe der Zeit erg\u00e4nzte ich meine Ausr\u00fcstung um spezielle Software, LRTimelpase, und diverse Hardware. Hier ein paar Ergebnisse.<\/p>\n<p>&nbsp;<\/p>\n<table style=\"width: 100%; border-collapse: collapse;\" cellpadding=\"5\">\n<tbody>\n<tr>\n<td style=\"width: 50%; text-align: center;\"><strong>Polarlichter \u00fcber dem Tjongsfjord<\/strong><\/td>\n<td style=\"width: 50%; text-align: center;\"><strong>Polarlichter \u00fcber dem Tjongsfjord<\/strong><\/td>\n<\/tr>\n<tr>\n<td style=\"width: 50%;\"><div style=\"width: 1200px;\" class=\"wp-video\"><video class=\"wp-video-shortcode\" id=\"video-378-1\" width=\"1200\" height=\"800\" preload=\"metadata\" controls=\"controls\"><source type=\"video\/mp4\" src=\"https:\/\/ottoschaefer.de\/birds_and_nature\/wp-content\/uploads\/2023\/03\/Norwegen03_h264-420_Rec.2020L_1080p_29.97_MQ_mb05.mp4?_=1\" \/><a href=\"https:\/\/ottoschaefer.de\/birds_and_nature\/wp-content\/uploads\/2023\/03\/Norwegen03_h264-420_Rec.2020L_1080p_29.97_MQ_mb05.mp4\">https:\/\/ottoschaefer.de\/birds_and_nature\/wp-content\/uploads\/2023\/03\/Norwegen03_h264-420_Rec.2020L_1080p_29.97_MQ_mb05.mp4<\/a><\/video><\/div><\/td>\n<td style=\"width: 50%;\"><div style=\"width: 1200px;\" class=\"wp-video\"><video class=\"wp-video-shortcode\" id=\"video-378-2\" width=\"1200\" height=\"800\" preload=\"metadata\" controls=\"controls\"><source type=\"video\/mp4\" src=\"https:\/\/ottoschaefer.de\/birds_and_nature\/wp-content\/uploads\/2023\/03\/Norwegen02_h264-420_Rec.2020L_1080p_29.97_MQ_mb05.mp4?_=2\" \/><a href=\"https:\/\/ottoschaefer.de\/birds_and_nature\/wp-content\/uploads\/2023\/03\/Norwegen02_h264-420_Rec.2020L_1080p_29.97_MQ_mb05.mp4\">https:\/\/ottoschaefer.de\/birds_and_nature\/wp-content\/uploads\/2023\/03\/Norwegen02_h264-420_Rec.2020L_1080p_29.97_MQ_mb05.mp4<\/a><\/video><\/div><\/td>\n<\/tr>\n<\/tbody>\n<\/table>\n<table style=\"width: 100%; border-collapse: collapse;\" cellpadding=\"5\">\n<tbody>\n<tr>\n<td style=\"width: 50%; text-align: center;\"><strong>Das Wasser geht im Tjongsfjord<br \/>\n<\/strong><\/td>\n<td style=\"width: 50%; text-align: center;\"><strong>Im Luberon<\/strong><\/td>\n<\/tr>\n<tr>\n<td style=\"width: 50%;\"><div style=\"width: 1200px;\" class=\"wp-video\"><video class=\"wp-video-shortcode\" id=\"video-378-3\" width=\"1200\" height=\"800\" preload=\"metadata\" controls=\"controls\"><source type=\"video\/mp4\" src=\"https:\/\/ottoschaefer.de\/birds_and_nature\/wp-content\/uploads\/2023\/03\/Norwegen01_h264-420_Rec.2020L_1080p_29.97_MQ_mb05.mp4?_=3\" \/><a href=\"https:\/\/ottoschaefer.de\/birds_and_nature\/wp-content\/uploads\/2023\/03\/Norwegen01_h264-420_Rec.2020L_1080p_29.97_MQ_mb05.mp4\">https:\/\/ottoschaefer.de\/birds_and_nature\/wp-content\/uploads\/2023\/03\/Norwegen01_h264-420_Rec.2020L_1080p_29.97_MQ_mb05.mp4<\/a><\/video><\/div><\/td>\n<td style=\"width: 50%;\"><div style=\"width: 1200px;\" class=\"wp-video\"><video class=\"wp-video-shortcode\" id=\"video-378-4\" width=\"1200\" height=\"800\" preload=\"metadata\" controls=\"controls\"><source type=\"video\/mp4\" src=\"https:\/\/ottoschaefer.de\/birds_and_nature\/wp-content\/uploads\/2023\/03\/Provence_h264-420_Rec.2020L_1080p_29.97_MQ_mb05.mp4?_=4\" \/><a href=\"https:\/\/ottoschaefer.de\/birds_and_nature\/wp-content\/uploads\/2023\/03\/Provence_h264-420_Rec.2020L_1080p_29.97_MQ_mb05.mp4\">https:\/\/ottoschaefer.de\/birds_and_nature\/wp-content\/uploads\/2023\/03\/Provence_h264-420_Rec.2020L_1080p_29.97_MQ_mb05.mp4<\/a><\/video><\/div><\/td>\n<\/tr>\n<\/tbody>\n<\/table>\n<table style=\"width: 100%; border-collapse: collapse;\" cellpadding=\"5\">\n<tbody>\n<tr>\n<td style=\"width: 50%; text-align: center;\"><strong>Nachthimmel \u00fcber dem M\u00fchlthal<\/strong><\/td>\n<td style=\"width: 50%; text-align: center;\"><strong>Ardnamurchan<\/strong><\/td>\n<\/tr>\n<tr>\n<td style=\"width: 50%;\"><div style=\"width: 1200px;\" class=\"wp-video\"><video class=\"wp-video-shortcode\" id=\"video-378-5\" width=\"1200\" height=\"675\" preload=\"metadata\" controls=\"controls\"><source type=\"video\/mp4\" src=\"https:\/\/ottoschaefer.de\/birds_and_nature\/wp-content\/uploads\/2017\/05\/Nachthimmel.mp4?_=5\" \/><a href=\"https:\/\/ottoschaefer.de\/birds_and_nature\/wp-content\/uploads\/2017\/05\/Nachthimmel.mp4\">https:\/\/ottoschaefer.de\/birds_and_nature\/wp-content\/uploads\/2017\/05\/Nachthimmel.mp4<\/a><\/video><\/div><\/td>\n<td style=\"width: 50%;\"><div style=\"width: 1200px;\" class=\"wp-video\"><video class=\"wp-video-shortcode\" id=\"video-378-6\" width=\"1200\" height=\"675\" preload=\"metadata\" controls=\"controls\"><source type=\"video\/mp4\" src=\"https:\/\/ottoschaefer.de\/birds_and_nature\/wp-content\/uploads\/2023\/03\/Ardnamurchan_FullHD.mp4?_=6\" \/><a href=\"https:\/\/ottoschaefer.de\/birds_and_nature\/wp-content\/uploads\/2023\/03\/Ardnamurchan_FullHD.mp4\">https:\/\/ottoschaefer.de\/birds_and_nature\/wp-content\/uploads\/2023\/03\/Ardnamurchan_FullHD.mp4<\/a><\/video><\/div><\/td>\n<\/tr>\n<\/tbody>\n<\/table>\n<p>&nbsp;<\/p>\n<p>&nbsp;<\/p>\n","protected":false},"excerpt":{"rendered":"<p>Vor ein paar Jahren begann ich mich mit dem Thema Zeitraffer zu besch\u00e4ftigen. Anf\u00e4nglich verwendete ich das, was Kamera und vorhandene Software hergaben. Im Laufe der Zeit erg\u00e4nzte ich meine Ausr\u00fcstung um spezielle Software, LRTimelpase, und diverse Hardware. Hier ein paar Ergebnisse. &nbsp; Polarlichter \u00fcber dem Tjongsfjord Polarlichter \u00fcber dem Tjongsfjord Das Wasser geht im [&hellip;]<\/p>\n","protected":false},"author":1,"featured_media":0,"parent":0,"menu_order":0,"comment_status":"closed","ping_status":"closed","template":"","meta":{"ngg_post_thumbnail":0,"footnotes":""},"class_list":["post-378","page","type-page","status-publish","hentry","entry"],"_links":{"self":[{"href":"https:\/\/ottoschaefer.de\/birds_and_nature\/wp-json\/wp\/v2\/pages\/378","targetHints":{"allow":["GET"]}}],"collection":[{"href":"https:\/\/ottoschaefer.de\/birds_and_nature\/wp-json\/wp\/v2\/pages"}],"about":[{"href":"https:\/\/ottoschaefer.de\/birds_and_nature\/wp-json\/wp\/v2\/types\/page"}],"author":[{"embeddable":true,"href":"https:\/\/ottoschaefer.de\/birds_and_nature\/wp-json\/wp\/v2\/users\/1"}],"replies":[{"embeddable":true,"href":"https:\/\/ottoschaefer.de\/birds_and_nature\/wp-json\/wp\/v2\/comments?post=378"}],"version-history":[{"count":34,"href":"https:\/\/ottoschaefer.de\/birds_and_nature\/wp-json\/wp\/v2\/pages\/378\/revisions"}],"predecessor-version":[{"id":3265,"href":"https:\/\/ottoschaefer.de\/birds_and_nature\/wp-json\/wp\/v2\/pages\/378\/revisions\/3265"}],"wp:attachment":[{"href":"https:\/\/ottoschaefer.de\/birds_and_nature\/wp-json\/wp\/v2\/media?parent=378"}],"curies":[{"name":"wp","href":"https:\/\/api.w.org\/{rel}","templated":true}]}}