{"id":3378,"date":"2024-01-13T15:04:55","date_gmt":"2024-01-13T14:04:55","guid":{"rendered":"https:\/\/ottoschaefer.de\/birds_and_nature\/?page_id=3378"},"modified":"2025-07-10T11:01:58","modified_gmt":"2025-07-10T10:01:58","slug":"ausruestung-2","status":"publish","type":"page","link":"https:\/\/ottoschaefer.de\/birds_and_nature\/ausruestung-2\/","title":{"rendered":"Kameras und Zubeh\u00f6r"},"content":{"rendered":"\n<h2>Was ich drau\u00dfen so verwende<\/h2>\n<p>Wie ich bereits geschrieben habe, ist es egal mit welcher Kameramarke man fotografiert, da jede von den bekannten Marken technisch excellent ist, und die Bilder macht immernoch der Fotograf.<br>Trotzdem m\u00f6chte ich im folgenden beschreiben, welches Equipment ich beim Fotografieren verwende..<\/p>\n<h3>Kameras und Objektive<\/h3>\n<p>Seit ich fotografiere verwende ich Kameras der Marke Canon. Warum? Das sind ganz banale historisch Gr\u00fcnde. Der damalige (1970iger Jahre) Fotoh\u00e4ndler war ein Bekannter der Familie und auf Canon spezialisiert. W\u00e4re es eine andere Marke gewesen, w\u00fcrde ich heute mit XYZ fotografieren.<\/p>\n<p>Aktuell verwende ich eine EOS 6D Mark II und eine EOS R. Dazu habe ich einen ganzen Satz Objektive, die einen Brennweitenbereich von 8 &#8211; 600 mm abdecken. Darunter sind auch 3 Fremdobjektive von Sigma, Tamron und Zeiss. Warum Fremdobjektive? Zum einen aus Kostengr\u00fcnden (OK, au\u00dfer dem Zeiss) und weil es von Canon nichts ad\u00e4quates gab. Die Qualit\u00e4t steht den Originalobjektiven in nichts nach.<\/p>\n<p>Dazu kamen im Laufe der Zeit noch weitere &#8222;Aufnahmeger\u00e4te&#8220;. So eine Actioncam Hero3, die ich nur noch verwende, wenn ich die H\u00e4nde frei haben muss. Dann kam eine kleine kompakte Sony RX100M3 dazu. Ich wollte eine m\u00f6glichst kleine Kamera, wenn ich nicht mit gro\u00dfem Gep\u00e4ck unterwegs sein wollte. Sie sollte eine sehr guter Optik haben und die M\u00f6glichkeit RAW-Dateien zu erstellen.<\/p>\n<p>Dann kam eine DJI Osmo f\u00fcr Videoschnipsel dazu, sp\u00e4ter eine Drohne DJI Mavic 2 Pro (war ein Geschenk). Sie erlaubt Perspektiven, wie sie fr\u00fcher nur mit extrem Aufwand m\u00f6glichen waren. Leider ist in Deutschland der Einsatz von Drohnen an interessanten Pl\u00e4tzen nur noch sehr bedingt bis gar nicht m\u00f6glich, dank Idioten, die damit nur Unsinn getrieben haben.<\/p>\n<p>Die letzte &#8222;Kamera&#8220; war ein iPhone der (fast) neuesten Generation. Es macht excellente Bilder und Videos, auch im RAW-Format. Die Qualit\u00e4t ist in Standardsituationen den gro\u00dfen Kameras ebenb\u00fcrtig. Sie ist aktuell mein bevorzugter Begleiter bei Bergwanderungen, wo man froh ist um jedes Kilo, das man nicht schleppen muss. Sie wird die Sony wohl abl\u00f6sen.<\/p>\n<p>Nicht vergessen m\u00f6chte ich nat\u00fcrlich meine \u00fcber 40 Jahre alten Canons EF, A-1 und F1n, mit denen ich \u00f6fter mal analog fotografiere.<\/p>\n<h3>Zubeh\u00f6r<\/h3>\n<p>Unentbehrlich f\u00fcr jeden Fotografen und kann ganze Schr\u00e4nke f\u00fcllen. \u00c4hnlich ist es auch bei mir, deswegen spare ich mir eine detailierte Aufstellung. Eines der wichtigsten Zubeh\u00f6rteile ist der\/die Fotorucksack\/Fototasche. Nachdem ich im Laufe der Zeit mehrere davon verschlissen hatte und mit keinem richtig zufrieden war, bin ich 2014 bei einem R\u00fccksack von <a href=\"https:\/\/www.koenig-photobags.de\"><span style=\"color: #3366ff;\"><strong>K\u00f6nig Photobags<\/strong><\/span><\/a> h\u00e4ngengeblieben. Er ist individuell konfigurierbar und unverw\u00fcstlich. Da ich seit einiger Zeit sehr viele Bergwanderungen mache kam noch ein <span style=\"color: #3366ff;\"><strong><a style=\"color: #3366ff;\" href=\"https:\/\/thinktankphoto.de\/de\/kollektionen\/rotation\">ThinkTank Rotation<\/a><\/strong><\/span> hinzu, der als Tagesrucksack dient und eine kleine Kameraausr\u00fcstung aufnehmen kann, auf die man Zugriff hat, ohne den Rucksack abnehmen zu m\u00fcssen.<\/p>\n<p>Dann sind da noch mehrere Stative (klein und gro\u00df) mit verschiedenen K\u00f6pfen f\u00fcr verschiedene Aufnahmezwecke, Filter, vor allem Graufilter unterschiedlicher Dichte z.B. f\u00fcr Zeitrafferaufnahmen, Intervalltimer, speziell der <span style=\"color: #3366ff;\"><a style=\"color: #3366ff;\" href=\"https:\/\/lrtimelapse.com\/de\/lrtpt\/\"><strong>LRT PRO Timer<\/strong><\/a><\/span>, usw. usw.<\/p>\n<p>Ein sehr spezielles Equipment ist mein Slider, mit dem sich die Kamera w\u00e4hrend Zeitrafferaufnahmen automatisiert bewegen l\u00e4sst.<\/p>\n<p>Warum soviel unterschiedliches Zeugs f\u00fcr unterschiedliche Themen? Sollte man sich nicht auf ein Thema konzentrieren. Ja, nat\u00fcrlich, aber ich habe klein angefangen, und im Laufe der Zeit haben sich die Interessen verschoben und man m\u00f6chte auch mal andere Dinge ausprobieren. Und so wurde die Ausr\u00fcstung in den vergangenen Jahren immer umfangreicher.<\/p>\n","protected":false},"excerpt":{"rendered":"<p>Was ich drau\u00dfen so verwende Wie ich bereits geschrieben habe, ist es egal mit welcher Kameramarke man fotografiert, da jede von den bekannten Marken technisch excellent ist, und die Bilder macht immernoch der Fotograf.Trotzdem m\u00f6chte ich im folgenden beschreiben, welches Equipment ich beim Fotografieren verwende.. Kameras und Objektive Seit ich fotografiere verwende ich Kameras der [&hellip;]<\/p>\n","protected":false},"author":1,"featured_media":0,"parent":0,"menu_order":0,"comment_status":"closed","ping_status":"closed","template":"","meta":{"ngg_post_thumbnail":0,"footnotes":""},"class_list":["post-3378","page","type-page","status-publish","hentry","entry"],"_links":{"self":[{"href":"https:\/\/ottoschaefer.de\/birds_and_nature\/wp-json\/wp\/v2\/pages\/3378","targetHints":{"allow":["GET"]}}],"collection":[{"href":"https:\/\/ottoschaefer.de\/birds_and_nature\/wp-json\/wp\/v2\/pages"}],"about":[{"href":"https:\/\/ottoschaefer.de\/birds_and_nature\/wp-json\/wp\/v2\/types\/page"}],"author":[{"embeddable":true,"href":"https:\/\/ottoschaefer.de\/birds_and_nature\/wp-json\/wp\/v2\/users\/1"}],"replies":[{"embeddable":true,"href":"https:\/\/ottoschaefer.de\/birds_and_nature\/wp-json\/wp\/v2\/comments?post=3378"}],"version-history":[{"count":13,"href":"https:\/\/ottoschaefer.de\/birds_and_nature\/wp-json\/wp\/v2\/pages\/3378\/revisions"}],"predecessor-version":[{"id":3551,"href":"https:\/\/ottoschaefer.de\/birds_and_nature\/wp-json\/wp\/v2\/pages\/3378\/revisions\/3551"}],"wp:attachment":[{"href":"https:\/\/ottoschaefer.de\/birds_and_nature\/wp-json\/wp\/v2\/media?parent=3378"}],"curies":[{"name":"wp","href":"https:\/\/api.w.org\/{rel}","templated":true}]}}