{"id":331,"date":"2014-01-07T21:45:52","date_gmt":"2014-01-07T19:45:52","guid":{"rendered":"http:\/\/ottoschaefer.de\/birds_and_nature\/?page_id=331"},"modified":"2014-10-05T15:47:26","modified_gmt":"2014-10-05T14:47:26","slug":"norwegen-2011","status":"publish","type":"page","link":"https:\/\/ottoschaefer.de\/birds_and_nature\/norwegen-2011\/","title":{"rendered":"Norwegen 2011"},"content":{"rendered":"<h2>Norwegen, Februar 2011<\/h2>\n<p>Meine erste Reise \u00fcber Joachem Griesinger zu Ole Martin Dahl. Schwerpunkt waren Seeadler, Steinadler und Waldv\u00f6gel. Gl\u00fccklicherweise konnte Ole bereits am ersten Tag auf Grund des guten Wetters mit uns in den Fijord hinausfahren, um Seeadler zu fotografieren. Und dieser Tag war sehr erfolgreich.<\/p>\n<p><style>\n\t#gallery_bf99fc7c010e0939d314669795c61b99 .image-wrapper {\n\t\tmargin-left: 5px;\n\t\tmargin-bottom: 5px;\n\t\tpadding: 20px;\n\t\tborder: solid 1px #CCCCCC;\n\t\tbackground-color: #FFFFFF;\n\t\tmax-width: 162px;\n\t}\n\n\t#gallery_bf99fc7c010e0939d314669795c61b99 .image-wrapper a {\n\t\twidth: 120px;\n\t\theight: 80px;\n\t}\n\n\t#gallery_bf99fc7c010e0939d314669795c61b99 .nextgen_pro_film_title {\n\t\t\t}\n\n\t#gallery_bf99fc7c010e0939d314669795c61b99 .nextgen_pro_film_description {\n\t\t\t}\n<\/style><div class=\"nextgen_pro_film\" id=\"gallery_bf99fc7c010e0939d314669795c61b99\"\n\t\tdata-gallery-id=\"NO2011\"><div id=\"ngg-image-0\" class=\"image-wrapper\"><a href=\"https:\/\/ottoschaefer.de\/birds_and_nature\/wp-content\/gallery\/bilder\/2011-02-26-04-norwegen.jpg\"\n\t\t\t\t\t\t\t\ttitle=\"Eiderenten\"\n\t\t\t\t\t\t\t\tdata-src=\"https:\/\/ottoschaefer.de\/birds_and_nature\/wp-content\/gallery\/bilder\/2011-02-26-04-norwegen.jpg\"\n\t\t\t\t\t\t\t\tdata-thumbnail=\"https:\/\/ottoschaefer.de\/birds_and_nature\/wp-content\/gallery\/bilder\/thumbs\/thumbs_2011-02-26-04-norwegen.jpg\"\n\t\t\t\t\t\t\t\tdata-image-id=\"82\"\n\t\t\t\t\t\t\t\tdata-title=\"2011-02-26-04-norwegen\"\n\t\t\t\t\t\t\t\tdata-description=\"Eiderenten\"\n\t\t\t\t\t\t\t\t\t\t\t\t\t\t\t\t\t\t\t\t\t\t\t\t\t\t\t\t\t\t\t\t\t\t\t\t\t\t\tclass='nextgen_pro_lightbox' data-nplmodal-gallery-id='bf99fc7c010e0939d314669795c61b99'><picture><source srcset='https:\/\/ottoschaefer.de\/birds_and_nature\/wp-content\/gallery\/bilder\/cache\/2011-02-26-04-norwegen.jpg-nggid0282-ngg0dyn-120x90x100-00f0w010c010r110f110r010t010.jpg'><img class=\"nextgen_pro_film_image\" title=\"2011-02-26-04-norwegen\" alt=\"2011-02-26-04-norwegen\" width=\"120\" height=\"80\" style=\"max-width:120px;max-height:80px\" src=\"https:\/\/ottoschaefer.de\/birds_and_nature\/wp-content\/gallery\/bilder\/cache\/2011-02-26-04-norwegen.jpg-nggid0282-ngg0dyn-120x90x100-00f0w010c010r110f110r010t010.jpg\" srcset=\"https:\/\/ottoschaefer.de\/birds_and_nature\/wp-content\/gallery\/bilder\/cache\/2011-02-26-04-norwegen.jpg-nggid0282-ngg0dyn-120x90x100-00f0w010c010r110f110r010t010.jpg\" \/><\/picture>\t\t\t\t\t\t\t<\/a><div class='ngg-trigger-buttons'><i class='fa ngg-trigger nextgen_pro_lightbox fa-share-square' data-nplmodal-gallery-id='bf99fc7c010e0939d314669795c61b99' data-image-id='82'><\/i><\/div>\t\t\t\t\t<\/div><div id=\"ngg-image-1\" class=\"image-wrapper\"><a href=\"https:\/\/ottoschaefer.de\/birds_and_nature\/wp-content\/gallery\/bilder\/2011-02-26-10-norwegen.jpg\"\n\t\t\t\t\t\t\t\ttitle=\"Eiderenten\"\n\t\t\t\t\t\t\t\tdata-src=\"https:\/\/ottoschaefer.de\/birds_and_nature\/wp-content\/gallery\/bilder\/2011-02-26-10-norwegen.jpg\"\n\t\t\t\t\t\t\t\tdata-thumbnail=\"https:\/\/ottoschaefer.de\/birds_and_nature\/wp-content\/gallery\/bilder\/thumbs\/thumbs_2011-02-26-10-norwegen.jpg\"\n\t\t\t\t\t\t\t\tdata-image-id=\"83\"\n\t\t\t\t\t\t\t\tdata-title=\"2011-02-26-10-norwegen\"\n\t\t\t\t\t\t\t\tdata-description=\"Eiderenten\"\n\t\t\t\t\t\t\t\t\t\t\t\t\t\t\t\t\t\t\t\t\t\t\t\t\t\t\t\t\t\t\t\t\t\t\t\t\t\t\tclass='nextgen_pro_lightbox' data-nplmodal-gallery-id='bf99fc7c010e0939d314669795c61b99'><picture><source srcset='https:\/\/ottoschaefer.de\/birds_and_nature\/wp-content\/gallery\/bilder\/cache\/2011-02-26-10-norwegen.jpg-nggid0283-ngg0dyn-120x90x100-00f0w010c010r110f110r010t010.jpg'><img class=\"nextgen_pro_film_image\" title=\"2011-02-26-10-norwegen\" alt=\"2011-02-26-10-norwegen\" width=\"120\" height=\"80\" style=\"max-width:120px;max-height:80px\" src=\"https:\/\/ottoschaefer.de\/birds_and_nature\/wp-content\/gallery\/bilder\/cache\/2011-02-26-10-norwegen.jpg-nggid0283-ngg0dyn-120x90x100-00f0w010c010r110f110r010t010.jpg\" srcset=\"https:\/\/ottoschaefer.de\/birds_and_nature\/wp-content\/gallery\/bilder\/cache\/2011-02-26-10-norwegen.jpg-nggid0283-ngg0dyn-120x90x100-00f0w010c010r110f110r010t010.jpg\" \/><\/picture>\t\t\t\t\t\t\t<\/a><div class='ngg-trigger-buttons'><i class='fa ngg-trigger nextgen_pro_lightbox fa-share-square' data-nplmodal-gallery-id='bf99fc7c010e0939d314669795c61b99' data-image-id='83'><\/i><\/div>\t\t\t\t\t<\/div><div id=\"ngg-image-2\" class=\"image-wrapper\"><a href=\"https:\/\/ottoschaefer.de\/birds_and_nature\/wp-content\/gallery\/bilder\/2011-02-27-001-norwegen.jpg\"\n\t\t\t\t\t\t\t\ttitle=\"Lauvsness\"\n\t\t\t\t\t\t\t\tdata-src=\"https:\/\/ottoschaefer.de\/birds_and_nature\/wp-content\/gallery\/bilder\/2011-02-27-001-norwegen.jpg\"\n\t\t\t\t\t\t\t\tdata-thumbnail=\"https:\/\/ottoschaefer.de\/birds_and_nature\/wp-content\/gallery\/bilder\/thumbs\/thumbs_2011-02-27-001-norwegen.jpg\"\n\t\t\t\t\t\t\t\tdata-image-id=\"84\"\n\t\t\t\t\t\t\t\tdata-title=\"2011-02-27-001-norwegen\"\n\t\t\t\t\t\t\t\tdata-description=\"Lauvsness\"\n\t\t\t\t\t\t\t\t\t\t\t\t\t\t\t\t\t\t\t\t\t\t\t\t\t\t\t\t\t\t\t\t\t\t\t\t\t\t\tclass='nextgen_pro_lightbox' data-nplmodal-gallery-id='bf99fc7c010e0939d314669795c61b99'><picture><source srcset='https:\/\/ottoschaefer.de\/birds_and_nature\/wp-content\/gallery\/bilder\/cache\/2011-02-27-001-norwegen.jpg-nggid0284-ngg0dyn-120x90x100-00f0w010c010r110f110r010t010.jpg'><img class=\"nextgen_pro_film_image\" title=\"2011-02-27-001-norwegen\" alt=\"2011-02-27-001-norwegen\" width=\"120\" height=\"80\" style=\"max-width:120px;max-height:80px\" src=\"https:\/\/ottoschaefer.de\/birds_and_nature\/wp-content\/gallery\/bilder\/cache\/2011-02-27-001-norwegen.jpg-nggid0284-ngg0dyn-120x90x100-00f0w010c010r110f110r010t010.jpg\" srcset=\"https:\/\/ottoschaefer.de\/birds_and_nature\/wp-content\/gallery\/bilder\/cache\/2011-02-27-001-norwegen.jpg-nggid0284-ngg0dyn-120x90x100-00f0w010c010r110f110r010t010.jpg\" \/><\/picture>\t\t\t\t\t\t\t<\/a><div class='ngg-trigger-buttons'><i class='fa ngg-trigger nextgen_pro_lightbox fa-share-square' data-nplmodal-gallery-id='bf99fc7c010e0939d314669795c61b99' data-image-id='84'><\/i><\/div>\t\t\t\t\t<\/div><div id=\"ngg-image-3\" class=\"image-wrapper\"><a href=\"https:\/\/ottoschaefer.de\/birds_and_nature\/wp-content\/gallery\/bilder\/2011-02-27-013-norwegen.jpg\"\n\t\t\t\t\t\t\t\ttitle=\"Lauvsness\"\n\t\t\t\t\t\t\t\tdata-src=\"https:\/\/ottoschaefer.de\/birds_and_nature\/wp-content\/gallery\/bilder\/2011-02-27-013-norwegen.jpg\"\n\t\t\t\t\t\t\t\tdata-thumbnail=\"https:\/\/ottoschaefer.de\/birds_and_nature\/wp-content\/gallery\/bilder\/thumbs\/thumbs_2011-02-27-013-norwegen.jpg\"\n\t\t\t\t\t\t\t\tdata-image-id=\"85\"\n\t\t\t\t\t\t\t\tdata-title=\"2011-02-27-013-norwegen\"\n\t\t\t\t\t\t\t\tdata-description=\"Lauvsness\"\n\t\t\t\t\t\t\t\t\t\t\t\t\t\t\t\t\t\t\t\t\t\t\t\t\t\t\t\t\t\t\t\t\t\t\t\t\t\t\tclass='nextgen_pro_lightbox' data-nplmodal-gallery-id='bf99fc7c010e0939d314669795c61b99'><picture><source srcset='https:\/\/ottoschaefer.de\/birds_and_nature\/wp-content\/gallery\/bilder\/cache\/2011-02-27-013-norwegen.jpg-nggid0285-ngg0dyn-120x90x100-00f0w010c010r110f110r010t010.jpg'><img class=\"nextgen_pro_film_image\" title=\"2011-02-27-013-norwegen\" alt=\"2011-02-27-013-norwegen\" width=\"120\" height=\"80\" style=\"max-width:120px;max-height:80px\" src=\"https:\/\/ottoschaefer.de\/birds_and_nature\/wp-content\/gallery\/bilder\/cache\/2011-02-27-013-norwegen.jpg-nggid0285-ngg0dyn-120x90x100-00f0w010c010r110f110r010t010.jpg\" srcset=\"https:\/\/ottoschaefer.de\/birds_and_nature\/wp-content\/gallery\/bilder\/cache\/2011-02-27-013-norwegen.jpg-nggid0285-ngg0dyn-120x90x100-00f0w010c010r110f110r010t010.jpg\" \/><\/picture>\t\t\t\t\t\t\t<\/a><div class='ngg-trigger-buttons'><i class='fa ngg-trigger nextgen_pro_lightbox fa-share-square' data-nplmodal-gallery-id='bf99fc7c010e0939d314669795c61b99' data-image-id='85'><\/i><\/div>\t\t\t\t\t<\/div><div id=\"ngg-image-4\" class=\"image-wrapper\"><a href=\"https:\/\/ottoschaefer.de\/birds_and_nature\/wp-content\/gallery\/bilder\/2011-02-27-037-norwegen.jpg\"\n\t\t\t\t\t\t\t\ttitle=\"Seeadler\"\n\t\t\t\t\t\t\t\tdata-src=\"https:\/\/ottoschaefer.de\/birds_and_nature\/wp-content\/gallery\/bilder\/2011-02-27-037-norwegen.jpg\"\n\t\t\t\t\t\t\t\tdata-thumbnail=\"https:\/\/ottoschaefer.de\/birds_and_nature\/wp-content\/gallery\/bilder\/thumbs\/thumbs_2011-02-27-037-norwegen.jpg\"\n\t\t\t\t\t\t\t\tdata-image-id=\"86\"\n\t\t\t\t\t\t\t\tdata-title=\"2011-02-27-037-norwegen\"\n\t\t\t\t\t\t\t\tdata-description=\"Seeadler\"\n\t\t\t\t\t\t\t\t\t\t\t\t\t\t\t\t\t\t\t\t\t\t\t\t\t\t\t\t\t\t\t\t\t\t\t\t\t\t\tclass='nextgen_pro_lightbox' data-nplmodal-gallery-id='bf99fc7c010e0939d314669795c61b99'><picture><source srcset='https:\/\/ottoschaefer.de\/birds_and_nature\/wp-content\/gallery\/bilder\/cache\/2011-02-27-037-norwegen.jpg-nggid0286-ngg0dyn-120x90x100-00f0w010c010r110f110r010t010.jpg'><img class=\"nextgen_pro_film_image\" title=\"2011-02-27-037-norwegen\" alt=\"2011-02-27-037-norwegen\" width=\"120\" height=\"80\" style=\"max-width:120px;max-height:80px\" src=\"https:\/\/ottoschaefer.de\/birds_and_nature\/wp-content\/gallery\/bilder\/cache\/2011-02-27-037-norwegen.jpg-nggid0286-ngg0dyn-120x90x100-00f0w010c010r110f110r010t010.jpg\" srcset=\"https:\/\/ottoschaefer.de\/birds_and_nature\/wp-content\/gallery\/bilder\/cache\/2011-02-27-037-norwegen.jpg-nggid0286-ngg0dyn-120x90x100-00f0w010c010r110f110r010t010.jpg\" \/><\/picture>\t\t\t\t\t\t\t<\/a><div class='ngg-trigger-buttons'><i class='fa ngg-trigger nextgen_pro_lightbox fa-share-square' data-nplmodal-gallery-id='bf99fc7c010e0939d314669795c61b99' data-image-id='86'><\/i><\/div>\t\t\t\t\t<\/div><div id=\"ngg-image-5\" class=\"image-wrapper\"><a href=\"https:\/\/ottoschaefer.de\/birds_and_nature\/wp-content\/gallery\/bilder\/2011-02-27-051-norwegen.jpg\"\n\t\t\t\t\t\t\t\ttitle=\"Seeadler\"\n\t\t\t\t\t\t\t\tdata-src=\"https:\/\/ottoschaefer.de\/birds_and_nature\/wp-content\/gallery\/bilder\/2011-02-27-051-norwegen.jpg\"\n\t\t\t\t\t\t\t\tdata-thumbnail=\"https:\/\/ottoschaefer.de\/birds_and_nature\/wp-content\/gallery\/bilder\/thumbs\/thumbs_2011-02-27-051-norwegen.jpg\"\n\t\t\t\t\t\t\t\tdata-image-id=\"87\"\n\t\t\t\t\t\t\t\tdata-title=\"2011-02-27-051-norwegen\"\n\t\t\t\t\t\t\t\tdata-description=\"Seeadler\"\n\t\t\t\t\t\t\t\t\t\t\t\t\t\t\t\t\t\t\t\t\t\t\t\t\t\t\t\t\t\t\t\t\t\t\t\t\t\t\tclass='nextgen_pro_lightbox' data-nplmodal-gallery-id='bf99fc7c010e0939d314669795c61b99'><picture><source srcset='https:\/\/ottoschaefer.de\/birds_and_nature\/wp-content\/gallery\/bilder\/cache\/2011-02-27-051-norwegen.jpg-nggid0287-ngg0dyn-120x90x100-00f0w010c010r110f110r010t010.jpg'><img class=\"nextgen_pro_film_image\" title=\"2011-02-27-051-norwegen\" alt=\"2011-02-27-051-norwegen\" width=\"120\" height=\"80\" style=\"max-width:120px;max-height:80px\" src=\"https:\/\/ottoschaefer.de\/birds_and_nature\/wp-content\/gallery\/bilder\/cache\/2011-02-27-051-norwegen.jpg-nggid0287-ngg0dyn-120x90x100-00f0w010c010r110f110r010t010.jpg\" srcset=\"https:\/\/ottoschaefer.de\/birds_and_nature\/wp-content\/gallery\/bilder\/cache\/2011-02-27-051-norwegen.jpg-nggid0287-ngg0dyn-120x90x100-00f0w010c010r110f110r010t010.jpg\" \/><\/picture>\t\t\t\t\t\t\t<\/a><div class='ngg-trigger-buttons'><i class='fa ngg-trigger nextgen_pro_lightbox fa-share-square' data-nplmodal-gallery-id='bf99fc7c010e0939d314669795c61b99' data-image-id='87'><\/i><\/div>\t\t\t\t\t<\/div><div id=\"ngg-image-6\" class=\"image-wrapper\"><a href=\"https:\/\/ottoschaefer.de\/birds_and_nature\/wp-content\/gallery\/bilder\/2011-02-27-082-norwegen.jpg\"\n\t\t\t\t\t\t\t\ttitle=\"Seeadler\"\n\t\t\t\t\t\t\t\tdata-src=\"https:\/\/ottoschaefer.de\/birds_and_nature\/wp-content\/gallery\/bilder\/2011-02-27-082-norwegen.jpg\"\n\t\t\t\t\t\t\t\tdata-thumbnail=\"https:\/\/ottoschaefer.de\/birds_and_nature\/wp-content\/gallery\/bilder\/thumbs\/thumbs_2011-02-27-082-norwegen.jpg\"\n\t\t\t\t\t\t\t\tdata-image-id=\"88\"\n\t\t\t\t\t\t\t\tdata-title=\"2011-02-27-082-norwegen\"\n\t\t\t\t\t\t\t\tdata-description=\"Seeadler\"\n\t\t\t\t\t\t\t\t\t\t\t\t\t\t\t\t\t\t\t\t\t\t\t\t\t\t\t\t\t\t\t\t\t\t\t\t\t\t\tclass='nextgen_pro_lightbox' data-nplmodal-gallery-id='bf99fc7c010e0939d314669795c61b99'><picture><source srcset='https:\/\/ottoschaefer.de\/birds_and_nature\/wp-content\/gallery\/bilder\/cache\/2011-02-27-082-norwegen.jpg-nggid0288-ngg0dyn-120x90x100-00f0w010c010r110f110r010t010.jpg'><img class=\"nextgen_pro_film_image\" title=\"2011-02-27-082-norwegen\" alt=\"2011-02-27-082-norwegen\" width=\"120\" height=\"80\" style=\"max-width:120px;max-height:80px\" src=\"https:\/\/ottoschaefer.de\/birds_and_nature\/wp-content\/gallery\/bilder\/cache\/2011-02-27-082-norwegen.jpg-nggid0288-ngg0dyn-120x90x100-00f0w010c010r110f110r010t010.jpg\" srcset=\"https:\/\/ottoschaefer.de\/birds_and_nature\/wp-content\/gallery\/bilder\/cache\/2011-02-27-082-norwegen.jpg-nggid0288-ngg0dyn-120x90x100-00f0w010c010r110f110r010t010.jpg\" \/><\/picture>\t\t\t\t\t\t\t<\/a><div class='ngg-trigger-buttons'><i class='fa ngg-trigger nextgen_pro_lightbox fa-share-square' data-nplmodal-gallery-id='bf99fc7c010e0939d314669795c61b99' data-image-id='88'><\/i><\/div>\t\t\t\t\t<\/div><div id=\"ngg-image-7\" class=\"image-wrapper\"><a href=\"https:\/\/ottoschaefer.de\/birds_and_nature\/wp-content\/gallery\/bilder\/2011-02-27-106-norwegen.jpg\"\n\t\t\t\t\t\t\t\ttitle=\"Seeadler\"\n\t\t\t\t\t\t\t\tdata-src=\"https:\/\/ottoschaefer.de\/birds_and_nature\/wp-content\/gallery\/bilder\/2011-02-27-106-norwegen.jpg\"\n\t\t\t\t\t\t\t\tdata-thumbnail=\"https:\/\/ottoschaefer.de\/birds_and_nature\/wp-content\/gallery\/bilder\/thumbs\/thumbs_2011-02-27-106-norwegen.jpg\"\n\t\t\t\t\t\t\t\tdata-image-id=\"89\"\n\t\t\t\t\t\t\t\tdata-title=\"2011-02-27-106-norwegen\"\n\t\t\t\t\t\t\t\tdata-description=\"Seeadler\"\n\t\t\t\t\t\t\t\t\t\t\t\t\t\t\t\t\t\t\t\t\t\t\t\t\t\t\t\t\t\t\t\t\t\t\t\t\t\t\tclass='nextgen_pro_lightbox' data-nplmodal-gallery-id='bf99fc7c010e0939d314669795c61b99'><picture><source srcset='https:\/\/ottoschaefer.de\/birds_and_nature\/wp-content\/gallery\/bilder\/cache\/2011-02-27-106-norwegen.jpg-nggid0289-ngg0dyn-120x90x100-00f0w010c010r110f110r010t010.jpg'><img class=\"nextgen_pro_film_image\" title=\"2011-02-27-106-norwegen\" alt=\"2011-02-27-106-norwegen\" width=\"120\" height=\"80\" style=\"max-width:120px;max-height:80px\" src=\"https:\/\/ottoschaefer.de\/birds_and_nature\/wp-content\/gallery\/bilder\/cache\/2011-02-27-106-norwegen.jpg-nggid0289-ngg0dyn-120x90x100-00f0w010c010r110f110r010t010.jpg\" srcset=\"https:\/\/ottoschaefer.de\/birds_and_nature\/wp-content\/gallery\/bilder\/cache\/2011-02-27-106-norwegen.jpg-nggid0289-ngg0dyn-120x90x100-00f0w010c010r110f110r010t010.jpg\" \/><\/picture>\t\t\t\t\t\t\t<\/a><div class='ngg-trigger-buttons'><i class='fa ngg-trigger nextgen_pro_lightbox fa-share-square' data-nplmodal-gallery-id='bf99fc7c010e0939d314669795c61b99' data-image-id='89'><\/i><\/div>\t\t\t\t\t<\/div><div id=\"ngg-image-8\" class=\"image-wrapper\"><a href=\"https:\/\/ottoschaefer.de\/birds_and_nature\/wp-content\/gallery\/bilder\/2011-02-27-110-norwegen.jpg\"\n\t\t\t\t\t\t\t\ttitle=\"Seeadler\"\n\t\t\t\t\t\t\t\tdata-src=\"https:\/\/ottoschaefer.de\/birds_and_nature\/wp-content\/gallery\/bilder\/2011-02-27-110-norwegen.jpg\"\n\t\t\t\t\t\t\t\tdata-thumbnail=\"https:\/\/ottoschaefer.de\/birds_and_nature\/wp-content\/gallery\/bilder\/thumbs\/thumbs_2011-02-27-110-norwegen.jpg\"\n\t\t\t\t\t\t\t\tdata-image-id=\"90\"\n\t\t\t\t\t\t\t\tdata-title=\"2011-02-27-110-norwegen\"\n\t\t\t\t\t\t\t\tdata-description=\"Seeadler\"\n\t\t\t\t\t\t\t\t\t\t\t\t\t\t\t\t\t\t\t\t\t\t\t\t\t\t\t\t\t\t\t\t\t\t\t\t\t\t\tclass='nextgen_pro_lightbox' data-nplmodal-gallery-id='bf99fc7c010e0939d314669795c61b99'><picture><source srcset='https:\/\/ottoschaefer.de\/birds_and_nature\/wp-content\/gallery\/bilder\/cache\/2011-02-27-110-norwegen.jpg-nggid0290-ngg0dyn-120x90x100-00f0w010c010r110f110r010t010.jpg'><img class=\"nextgen_pro_film_image\" title=\"2011-02-27-110-norwegen\" alt=\"2011-02-27-110-norwegen\" width=\"120\" height=\"80\" style=\"max-width:120px;max-height:80px\" src=\"https:\/\/ottoschaefer.de\/birds_and_nature\/wp-content\/gallery\/bilder\/cache\/2011-02-27-110-norwegen.jpg-nggid0290-ngg0dyn-120x90x100-00f0w010c010r110f110r010t010.jpg\" srcset=\"https:\/\/ottoschaefer.de\/birds_and_nature\/wp-content\/gallery\/bilder\/cache\/2011-02-27-110-norwegen.jpg-nggid0290-ngg0dyn-120x90x100-00f0w010c010r110f110r010t010.jpg\" \/><\/picture>\t\t\t\t\t\t\t<\/a><div class='ngg-trigger-buttons'><i class='fa ngg-trigger nextgen_pro_lightbox fa-share-square' data-nplmodal-gallery-id='bf99fc7c010e0939d314669795c61b99' data-image-id='90'><\/i><\/div>\t\t\t\t\t<\/div><div id=\"ngg-image-9\" class=\"image-wrapper\"><a href=\"https:\/\/ottoschaefer.de\/birds_and_nature\/wp-content\/gallery\/bilder\/2011-02-27-116-norwegen.jpg\"\n\t\t\t\t\t\t\t\ttitle=\"Seeadler\"\n\t\t\t\t\t\t\t\tdata-src=\"https:\/\/ottoschaefer.de\/birds_and_nature\/wp-content\/gallery\/bilder\/2011-02-27-116-norwegen.jpg\"\n\t\t\t\t\t\t\t\tdata-thumbnail=\"https:\/\/ottoschaefer.de\/birds_and_nature\/wp-content\/gallery\/bilder\/thumbs\/thumbs_2011-02-27-116-norwegen.jpg\"\n\t\t\t\t\t\t\t\tdata-image-id=\"91\"\n\t\t\t\t\t\t\t\tdata-title=\"2011-02-27-116-norwegen\"\n\t\t\t\t\t\t\t\tdata-description=\"Seeadler\"\n\t\t\t\t\t\t\t\t\t\t\t\t\t\t\t\t\t\t\t\t\t\t\t\t\t\t\t\t\t\t\t\t\t\t\t\t\t\t\tclass='nextgen_pro_lightbox' data-nplmodal-gallery-id='bf99fc7c010e0939d314669795c61b99'><picture><source srcset='https:\/\/ottoschaefer.de\/birds_and_nature\/wp-content\/gallery\/bilder\/cache\/2011-02-27-116-norwegen.jpg-nggid0291-ngg0dyn-120x90x100-00f0w010c010r110f110r010t010.jpg'><img class=\"nextgen_pro_film_image\" title=\"2011-02-27-116-norwegen\" alt=\"2011-02-27-116-norwegen\" width=\"120\" height=\"80\" style=\"max-width:120px;max-height:80px\" src=\"https:\/\/ottoschaefer.de\/birds_and_nature\/wp-content\/gallery\/bilder\/cache\/2011-02-27-116-norwegen.jpg-nggid0291-ngg0dyn-120x90x100-00f0w010c010r110f110r010t010.jpg\" srcset=\"https:\/\/ottoschaefer.de\/birds_and_nature\/wp-content\/gallery\/bilder\/cache\/2011-02-27-116-norwegen.jpg-nggid0291-ngg0dyn-120x90x100-00f0w010c010r110f110r010t010.jpg\" \/><\/picture>\t\t\t\t\t\t\t<\/a><div class='ngg-trigger-buttons'><i class='fa ngg-trigger nextgen_pro_lightbox fa-share-square' data-nplmodal-gallery-id='bf99fc7c010e0939d314669795c61b99' data-image-id='91'><\/i><\/div>\t\t\t\t\t<\/div><\/div><div class='ngg-navigation'><span class='current'>1<\/span><a class='page-numbers' data-pageid='2' href='https:\/\/ottoschaefer.de\/birds_and_nature\/norwegen-2011\/nggallery\/page\/2'>2<\/a><a class='page-numbers' data-pageid='3' href='https:\/\/ottoschaefer.de\/birds_and_nature\/norwegen-2011\/nggallery\/page\/3'>3<\/a><a class='prev' href='https:\/\/ottoschaefer.de\/birds_and_nature\/norwegen-2011\/nggallery\/page\/2' data-pageid=\"2\">&#9658;<\/a><\/div>\n<\/p>\n","protected":false},"excerpt":{"rendered":"<p>Norwegen, Februar 2011 Meine erste Reise \u00fcber Joachem Griesinger zu Ole Martin Dahl. Schwerpunkt waren Seeadler, Steinadler und Waldv\u00f6gel. Gl\u00fccklicherweise konnte Ole bereits am ersten Tag auf Grund des guten Wetters mit uns in den Fijord hinausfahren, um Seeadler zu fotografieren. Und dieser Tag war sehr erfolgreich. 123&#9658;<\/p>\n","protected":false},"author":1,"featured_media":0,"parent":0,"menu_order":0,"comment_status":"closed","ping_status":"closed","template":"template-page-no-title.php","meta":{"ngg_post_thumbnail":0,"footnotes":""},"class_list":["post-331","page","type-page","status-publish","hentry","entry"],"_links":{"self":[{"href":"https:\/\/ottoschaefer.de\/birds_and_nature\/wp-json\/wp\/v2\/pages\/331","targetHints":{"allow":["GET"]}}],"collection":[{"href":"https:\/\/ottoschaefer.de\/birds_and_nature\/wp-json\/wp\/v2\/pages"}],"about":[{"href":"https:\/\/ottoschaefer.de\/birds_and_nature\/wp-json\/wp\/v2\/types\/page"}],"author":[{"embeddable":true,"href":"https:\/\/ottoschaefer.de\/birds_and_nature\/wp-json\/wp\/v2\/users\/1"}],"replies":[{"embeddable":true,"href":"https:\/\/ottoschaefer.de\/birds_and_nature\/wp-json\/wp\/v2\/comments?post=331"}],"version-history":[{"count":2,"href":"https:\/\/ottoschaefer.de\/birds_and_nature\/wp-json\/wp\/v2\/pages\/331\/revisions"}],"predecessor-version":[{"id":335,"href":"https:\/\/ottoschaefer.de\/birds_and_nature\/wp-json\/wp\/v2\/pages\/331\/revisions\/335"}],"wp:attachment":[{"href":"https:\/\/ottoschaefer.de\/birds_and_nature\/wp-json\/wp\/v2\/media?parent=331"}],"curies":[{"name":"wp","href":"https:\/\/api.w.org\/{rel}","templated":true}]}}