{"id":2932,"date":"2023-01-18T19:32:25","date_gmt":"2023-01-18T18:32:25","guid":{"rendered":"https:\/\/ottoschaefer.de\/birds_and_nature\/?page_id=2932"},"modified":"2023-01-18T19:32:26","modified_gmt":"2023-01-18T18:32:26","slug":"geier-in-den-pyrenaeen","status":"publish","type":"page","link":"https:\/\/ottoschaefer.de\/birds_and_nature\/geier-in-den-pyrenaeen\/","title":{"rendered":"Geier in den Pyren\u00e4en"},"content":{"rendered":"\n<p>Geier, vor allem G\u00e4nsegeier haben lange Zeit keinen besonders guten Ruf gehabt. Viele falsche Mythen, weswegen die meisten Geier bei uns ausgerottet wurden. Erst seit der Wiederansiedelung von Bartgeiern im Nationalpark Berchtesgaden sind sie ins Bewu\u00dftsein der \u00d6ffentlichkeit zur\u00fcckgekehrt. Es sind faszinierende V\u00f6gel, die einen bedeutsamen Beitrag zu einem gesunden \u00d6kosystem leisten. Meine Bilder entstanden lange vor diesem Trend in den spanischen Pyren\u00e4en.<\/p>\nngg_shortcode_0_placeholder\n\n\n","protected":false},"excerpt":{"rendered":"<p>Geier, vor allem G\u00e4nsegeier haben lange Zeit keinen besonders guten Ruf gehabt. Viele falsche Mythen, weswegen die meisten Geier bei uns ausgerottet wurden. Erst seit der Wiederansiedelung von Bartgeiern im Nationalpark Berchtesgaden sind sie ins Bewu\u00dftsein der \u00d6ffentlichkeit zur\u00fcckgekehrt. Es sind faszinierende V\u00f6gel, die einen bedeutsamen Beitrag zu einem gesunden \u00d6kosystem leisten. Meine Bilder entstanden [&hellip;]<\/p>\n","protected":false},"author":1,"featured_media":0,"parent":0,"menu_order":0,"comment_status":"closed","ping_status":"closed","template":"","meta":{"ngg_post_thumbnail":0,"footnotes":""},"class_list":["post-2932","page","type-page","status-publish","hentry","entry"],"_links":{"self":[{"href":"https:\/\/ottoschaefer.de\/birds_and_nature\/wp-json\/wp\/v2\/pages\/2932","targetHints":{"allow":["GET"]}}],"collection":[{"href":"https:\/\/ottoschaefer.de\/birds_and_nature\/wp-json\/wp\/v2\/pages"}],"about":[{"href":"https:\/\/ottoschaefer.de\/birds_and_nature\/wp-json\/wp\/v2\/types\/page"}],"author":[{"embeddable":true,"href":"https:\/\/ottoschaefer.de\/birds_and_nature\/wp-json\/wp\/v2\/users\/1"}],"replies":[{"embeddable":true,"href":"https:\/\/ottoschaefer.de\/birds_and_nature\/wp-json\/wp\/v2\/comments?post=2932"}],"version-history":[{"count":4,"href":"https:\/\/ottoschaefer.de\/birds_and_nature\/wp-json\/wp\/v2\/pages\/2932\/revisions"}],"predecessor-version":[{"id":3302,"href":"https:\/\/ottoschaefer.de\/birds_and_nature\/wp-json\/wp\/v2\/pages\/2932\/revisions\/3302"}],"wp:attachment":[{"href":"https:\/\/ottoschaefer.de\/birds_and_nature\/wp-json\/wp\/v2\/media?parent=2932"}],"curies":[{"name":"wp","href":"https:\/\/api.w.org\/{rel}","templated":true}]}}