{"id":241,"date":"2014-01-05T20:41:23","date_gmt":"2014-01-05T18:41:23","guid":{"rendered":"http:\/\/ottoschaefer.de\/birds_and_nature\/?page_id=241"},"modified":"2021-03-14T19:50:55","modified_gmt":"2021-03-14T18:50:55","slug":"norwegen-2012","status":"publish","type":"page","link":"https:\/\/ottoschaefer.de\/birds_and_nature\/norwegen-2012\/","title":{"rendered":"Norwegen 2012"},"content":{"rendered":"<h2>Norwegen, Mai 2012 bei Ole<\/h2>\n<p><img loading=\"lazy\" decoding=\"async\" style=\"margin: 5px;\" src=\"https:\/\/ottoschaefer.de\/birds_and_nature\/wp-content\/uploads\/2014\/01\/Norwegen2012.jpg\" alt=\"\" width=\"930\" height=\"829\"><\/p>\n<p>Im Mai f\u00fchrte mich und meine Mitreisenden die erste Etappe meiner zweiten Reise zu Ole Martin Dahle zuerst In die Gegend von Royrvik, etwa 220 km Luftlinie nord\u00f6stlich von Trondheim. Hier herrschte noch im Mai tiefster Winter, obwohl die Nacht mittlerweile extrem kurz ist: 23 bis 3 Uhr. Fotografisches Ziel waren Schneehuhn, Birkhuhn und Auerhahn.<br \/>\nDie zweite Etappef\u00fchrte uns dann zur\u00fcck nach Lauvsnes zu Ole&#8217;s G\u00e4stehaus, von wo wir wieder Seeadler vom Boot aus fotografierten und eine Nacht in einer Ansitzh\u00fctte verbrachten, um Birkh\u00e4hne bei der Baltz zu fotografieren.<\/p>\n<p>Das Ergebnis dieser Tour gibt es hier zu sehen:<\/p>\nngg_shortcode_0_placeholder\n","protected":false},"excerpt":{"rendered":"<p>Norwegen, Mai 2012 bei Ole Im Mai f\u00fchrte mich und meine Mitreisenden die erste Etappe meiner zweiten Reise zu Ole Martin Dahle zuerst In die Gegend von Royrvik, etwa 220 km Luftlinie nord\u00f6stlich von Trondheim. Hier herrschte noch im Mai tiefster Winter, obwohl die Nacht mittlerweile extrem kurz ist: 23 bis 3 Uhr. Fotografisches Ziel [&hellip;]<\/p>\n","protected":false},"author":1,"featured_media":0,"parent":0,"menu_order":0,"comment_status":"closed","ping_status":"closed","template":"template-page-no-title.php","meta":{"ngg_post_thumbnail":0,"footnotes":""},"class_list":["post-241","page","type-page","status-publish","hentry","entry"],"_links":{"self":[{"href":"https:\/\/ottoschaefer.de\/birds_and_nature\/wp-json\/wp\/v2\/pages\/241","targetHints":{"allow":["GET"]}}],"collection":[{"href":"https:\/\/ottoschaefer.de\/birds_and_nature\/wp-json\/wp\/v2\/pages"}],"about":[{"href":"https:\/\/ottoschaefer.de\/birds_and_nature\/wp-json\/wp\/v2\/types\/page"}],"author":[{"embeddable":true,"href":"https:\/\/ottoschaefer.de\/birds_and_nature\/wp-json\/wp\/v2\/users\/1"}],"replies":[{"embeddable":true,"href":"https:\/\/ottoschaefer.de\/birds_and_nature\/wp-json\/wp\/v2\/comments?post=241"}],"version-history":[{"count":11,"href":"https:\/\/ottoschaefer.de\/birds_and_nature\/wp-json\/wp\/v2\/pages\/241\/revisions"}],"predecessor-version":[{"id":2624,"href":"https:\/\/ottoschaefer.de\/birds_and_nature\/wp-json\/wp\/v2\/pages\/241\/revisions\/2624"}],"wp:attachment":[{"href":"https:\/\/ottoschaefer.de\/birds_and_nature\/wp-json\/wp\/v2\/media?parent=241"}],"curies":[{"name":"wp","href":"https:\/\/api.w.org\/{rel}","templated":true}]}}