{"id":1971,"date":"2016-09-26T18:16:05","date_gmt":"2016-09-26T17:16:05","guid":{"rendered":"http:\/\/ottoschaefer.de\/birds_and_nature\/?page_id=1971"},"modified":"2025-05-05T16:05:03","modified_gmt":"2025-05-05T15:05:03","slug":"sw-fotografie","status":"publish","type":"page","link":"https:\/\/ottoschaefer.de\/birds_and_nature\/sw-fotografie\/","title":{"rendered":"SW-Fotografie"},"content":{"rendered":"<p>Eigentlich ist es unverst\u00e4ndlich, dass man so wenig Schwarz-Wei\u00df-Bilder sieht. Aber auch bei mir hat es etwas gedauert bis ich mich mit dem Thema besch\u00e4ftigte. Leider muss ich sagen. Denn was man mit Farbbildern machen kann ist unglaublich. Mit der richtigen Technik (bei mir mit dem Modul &#8222;Silver Efex Pro&#8220; aus der, Nik Collection von DxO) holt man noch eine ganze Reihe von Informationen heraus, die Kontraste werden besser, eint\u00f6nig graue Wolken bekommen pl\u00f6tzlich Konturen und vieles mehr.<\/p>\n<p>Nachstehend eine Auswahl aus meinen Schwarz-Wei\u00df-Fotografien deren (farbiges) Ausgangsmaterial man in meinen anderen Galerien findet.<\/p>\n<p><style>\n\t#gallery_8a89f9d4da5581c12af114b51cf357b2 .image-wrapper {\n\t\tmargin-left: 5px;\n\t\tmargin-bottom: 5px;\n\t\tpadding: 20px;\n\t\tborder: solid 5px #707070;\n\t\tbackground-color: #FFFFFF;\n\t\tmax-width: 170px;\n\t}\n\n\t#gallery_8a89f9d4da5581c12af114b51cf357b2 .image-wrapper a {\n\t\twidth: 120px;\n\t\theight: 90px;\n\t}\n\n\t#gallery_8a89f9d4da5581c12af114b51cf357b2 .nextgen_pro_film_title {\n\t\t\t}\n\n\t#gallery_8a89f9d4da5581c12af114b51cf357b2 .nextgen_pro_film_description {\n\t\t\t}\n<\/style><div class=\"nextgen_pro_film\" id=\"gallery_8a89f9d4da5581c12af114b51cf357b2\"\n\t\tdata-gallery-id=\"3\"><div id=\"ngg-image-0\" class=\"image-wrapper\"><a href=\"https:\/\/ottoschaefer.de\/birds_and_nature\/wp-content\/gallery\/schwarz-weiss\/20160201-Cornwall_sw-13-29-30-001.jpg\"\n\t\t\t\t\t\t\t\ttitle=\"\"\n\t\t\t\t\t\t\t\tdata-src=\"https:\/\/ottoschaefer.de\/birds_and_nature\/wp-content\/gallery\/schwarz-weiss\/20160201-Cornwall_sw-13-29-30-001.jpg\"\n\t\t\t\t\t\t\t\tdata-thumbnail=\"https:\/\/ottoschaefer.de\/birds_and_nature\/wp-content\/gallery\/schwarz-weiss\/thumbs\/thumbs_20160201-Cornwall_sw-13-29-30-001.jpg\"\n\t\t\t\t\t\t\t\tdata-image-id=\"716\"\n\t\t\t\t\t\t\t\tdata-title=\"20160201 Cornwall_sw 13-29-30 001\"\n\t\t\t\t\t\t\t\tdata-description=\"\"\n\t\t\t\t\t\t\t\t\t\t\t\t\t\t\t\t\t\t\t\t\t\t\t\t\t\t\t\t\t\t\t\t\t\t\t\t\t\t\tclass='nextgen_pro_lightbox' data-nplmodal-gallery-id='8a89f9d4da5581c12af114b51cf357b2'><picture><source srcset='https:\/\/ottoschaefer.de\/birds_and_nature\/wp-content\/gallery\/schwarz-weiss\/thumbs\/thumbs_20160201-Cornwall_sw-13-29-30-001.jpg'><img class=\"nextgen_pro_film_image\" title=\"20160201 Cornwall_sw 13-29-30 001\" alt=\"20160201 Cornwall_sw 13-29-30 001\" width=\"60\" height=\"90\" style=\"max-width:60px;max-height:90px\" src=\"https:\/\/ottoschaefer.de\/birds_and_nature\/wp-content\/gallery\/schwarz-weiss\/thumbs\/thumbs_20160201-Cornwall_sw-13-29-30-001.jpg\" srcset=\"https:\/\/ottoschaefer.de\/birds_and_nature\/wp-content\/gallery\/schwarz-weiss\/thumbs\/thumbs_20160201-Cornwall_sw-13-29-30-001.jpg\" \/><\/picture>\t\t\t\t\t\t\t<\/a><div class='ngg-trigger-buttons'><i class='fa ngg-trigger nextgen_pro_lightbox fa-share-square' data-nplmodal-gallery-id='8a89f9d4da5581c12af114b51cf357b2' data-image-id='716'><\/i><\/div>\t\t\t\t\t<\/div><div id=\"ngg-image-1\" class=\"image-wrapper\"><a href=\"https:\/\/ottoschaefer.de\/birds_and_nature\/wp-content\/gallery\/schwarz-weiss\/20160201-Cornwall_sw-13-45-23-002.jpg\"\n\t\t\t\t\t\t\t\ttitle=\"\"\n\t\t\t\t\t\t\t\tdata-src=\"https:\/\/ottoschaefer.de\/birds_and_nature\/wp-content\/gallery\/schwarz-weiss\/20160201-Cornwall_sw-13-45-23-002.jpg\"\n\t\t\t\t\t\t\t\tdata-thumbnail=\"https:\/\/ottoschaefer.de\/birds_and_nature\/wp-content\/gallery\/schwarz-weiss\/thumbs\/thumbs_20160201-Cornwall_sw-13-45-23-002.jpg\"\n\t\t\t\t\t\t\t\tdata-image-id=\"717\"\n\t\t\t\t\t\t\t\tdata-title=\"20160201 Cornwall_sw 13-45-23 002\"\n\t\t\t\t\t\t\t\tdata-description=\"\"\n\t\t\t\t\t\t\t\t\t\t\t\t\t\t\t\t\t\t\t\t\t\t\t\t\t\t\t\t\t\t\t\t\t\t\t\t\t\t\tclass='nextgen_pro_lightbox' data-nplmodal-gallery-id='8a89f9d4da5581c12af114b51cf357b2'><picture><source srcset='https:\/\/ottoschaefer.de\/birds_and_nature\/wp-content\/gallery\/schwarz-weiss\/thumbs\/thumbs_20160201-Cornwall_sw-13-45-23-002.jpg'><img class=\"nextgen_pro_film_image\" title=\"20160201 Cornwall_sw 13-45-23 002\" alt=\"20160201 Cornwall_sw 13-45-23 002\" width=\"120\" height=\"80\" style=\"max-width:120px;max-height:80px\" src=\"https:\/\/ottoschaefer.de\/birds_and_nature\/wp-content\/gallery\/schwarz-weiss\/thumbs\/thumbs_20160201-Cornwall_sw-13-45-23-002.jpg\" srcset=\"https:\/\/ottoschaefer.de\/birds_and_nature\/wp-content\/gallery\/schwarz-weiss\/thumbs\/thumbs_20160201-Cornwall_sw-13-45-23-002.jpg\" \/><\/picture>\t\t\t\t\t\t\t<\/a><div class='ngg-trigger-buttons'><i class='fa ngg-trigger nextgen_pro_lightbox fa-share-square' data-nplmodal-gallery-id='8a89f9d4da5581c12af114b51cf357b2' data-image-id='717'><\/i><\/div>\t\t\t\t\t<\/div><div id=\"ngg-image-2\" class=\"image-wrapper\"><a href=\"https:\/\/ottoschaefer.de\/birds_and_nature\/wp-content\/gallery\/schwarz-weiss\/20160201-Cornwall_sw-16-27-27-003.jpg\"\n\t\t\t\t\t\t\t\ttitle=\"\"\n\t\t\t\t\t\t\t\tdata-src=\"https:\/\/ottoschaefer.de\/birds_and_nature\/wp-content\/gallery\/schwarz-weiss\/20160201-Cornwall_sw-16-27-27-003.jpg\"\n\t\t\t\t\t\t\t\tdata-thumbnail=\"https:\/\/ottoschaefer.de\/birds_and_nature\/wp-content\/gallery\/schwarz-weiss\/thumbs\/thumbs_20160201-Cornwall_sw-16-27-27-003.jpg\"\n\t\t\t\t\t\t\t\tdata-image-id=\"718\"\n\t\t\t\t\t\t\t\tdata-title=\"20160201 Cornwall_sw 16-27-27 003\"\n\t\t\t\t\t\t\t\tdata-description=\"\"\n\t\t\t\t\t\t\t\t\t\t\t\t\t\t\t\t\t\t\t\t\t\t\t\t\t\t\t\t\t\t\t\t\t\t\t\t\t\t\tclass='nextgen_pro_lightbox' data-nplmodal-gallery-id='8a89f9d4da5581c12af114b51cf357b2'><picture><source srcset='https:\/\/ottoschaefer.de\/birds_and_nature\/wp-content\/gallery\/schwarz-weiss\/thumbs\/thumbs_20160201-Cornwall_sw-16-27-27-003.jpg'><img class=\"nextgen_pro_film_image\" title=\"20160201 Cornwall_sw 16-27-27 003\" alt=\"20160201 Cornwall_sw 16-27-27 003\" width=\"120\" height=\"80\" style=\"max-width:120px;max-height:80px\" src=\"https:\/\/ottoschaefer.de\/birds_and_nature\/wp-content\/gallery\/schwarz-weiss\/thumbs\/thumbs_20160201-Cornwall_sw-16-27-27-003.jpg\" srcset=\"https:\/\/ottoschaefer.de\/birds_and_nature\/wp-content\/gallery\/schwarz-weiss\/thumbs\/thumbs_20160201-Cornwall_sw-16-27-27-003.jpg\" \/><\/picture>\t\t\t\t\t\t\t<\/a><div class='ngg-trigger-buttons'><i class='fa ngg-trigger nextgen_pro_lightbox fa-share-square' data-nplmodal-gallery-id='8a89f9d4da5581c12af114b51cf357b2' data-image-id='718'><\/i><\/div>\t\t\t\t\t<\/div><div id=\"ngg-image-3\" class=\"image-wrapper\"><a href=\"https:\/\/ottoschaefer.de\/birds_and_nature\/wp-content\/gallery\/schwarz-weiss\/20160201-Cornwall_sw-16-29-42-004.jpg\"\n\t\t\t\t\t\t\t\ttitle=\"\"\n\t\t\t\t\t\t\t\tdata-src=\"https:\/\/ottoschaefer.de\/birds_and_nature\/wp-content\/gallery\/schwarz-weiss\/20160201-Cornwall_sw-16-29-42-004.jpg\"\n\t\t\t\t\t\t\t\tdata-thumbnail=\"https:\/\/ottoschaefer.de\/birds_and_nature\/wp-content\/gallery\/schwarz-weiss\/thumbs\/thumbs_20160201-Cornwall_sw-16-29-42-004.jpg\"\n\t\t\t\t\t\t\t\tdata-image-id=\"719\"\n\t\t\t\t\t\t\t\tdata-title=\"20160201 Cornwall_sw 16-29-42 004\"\n\t\t\t\t\t\t\t\tdata-description=\"\"\n\t\t\t\t\t\t\t\t\t\t\t\t\t\t\t\t\t\t\t\t\t\t\t\t\t\t\t\t\t\t\t\t\t\t\t\t\t\t\tclass='nextgen_pro_lightbox' data-nplmodal-gallery-id='8a89f9d4da5581c12af114b51cf357b2'><picture><source srcset='https:\/\/ottoschaefer.de\/birds_and_nature\/wp-content\/gallery\/schwarz-weiss\/thumbs\/thumbs_20160201-Cornwall_sw-16-29-42-004.jpg'><img class=\"nextgen_pro_film_image\" title=\"20160201 Cornwall_sw 16-29-42 004\" alt=\"20160201 Cornwall_sw 16-29-42 004\" width=\"120\" height=\"80\" style=\"max-width:120px;max-height:80px\" src=\"https:\/\/ottoschaefer.de\/birds_and_nature\/wp-content\/gallery\/schwarz-weiss\/thumbs\/thumbs_20160201-Cornwall_sw-16-29-42-004.jpg\" srcset=\"https:\/\/ottoschaefer.de\/birds_and_nature\/wp-content\/gallery\/schwarz-weiss\/thumbs\/thumbs_20160201-Cornwall_sw-16-29-42-004.jpg\" \/><\/picture>\t\t\t\t\t\t\t<\/a><div class='ngg-trigger-buttons'><i class='fa ngg-trigger nextgen_pro_lightbox fa-share-square' data-nplmodal-gallery-id='8a89f9d4da5581c12af114b51cf357b2' data-image-id='719'><\/i><\/div>\t\t\t\t\t<\/div><div id=\"ngg-image-4\" class=\"image-wrapper\"><a href=\"https:\/\/ottoschaefer.de\/birds_and_nature\/wp-content\/gallery\/schwarz-weiss\/20160201-Cornwall_sw-17-29-54-005.jpg\"\n\t\t\t\t\t\t\t\ttitle=\"\"\n\t\t\t\t\t\t\t\tdata-src=\"https:\/\/ottoschaefer.de\/birds_and_nature\/wp-content\/gallery\/schwarz-weiss\/20160201-Cornwall_sw-17-29-54-005.jpg\"\n\t\t\t\t\t\t\t\tdata-thumbnail=\"https:\/\/ottoschaefer.de\/birds_and_nature\/wp-content\/gallery\/schwarz-weiss\/thumbs\/thumbs_20160201-Cornwall_sw-17-29-54-005.jpg\"\n\t\t\t\t\t\t\t\tdata-image-id=\"720\"\n\t\t\t\t\t\t\t\tdata-title=\"20160201 Cornwall_sw 17-29-54 005\"\n\t\t\t\t\t\t\t\tdata-description=\"\"\n\t\t\t\t\t\t\t\t\t\t\t\t\t\t\t\t\t\t\t\t\t\t\t\t\t\t\t\t\t\t\t\t\t\t\t\t\t\t\tclass='nextgen_pro_lightbox' data-nplmodal-gallery-id='8a89f9d4da5581c12af114b51cf357b2'><picture><source srcset='https:\/\/ottoschaefer.de\/birds_and_nature\/wp-content\/gallery\/schwarz-weiss\/thumbs\/thumbs_20160201-Cornwall_sw-17-29-54-005.jpg'><img class=\"nextgen_pro_film_image\" title=\"20160201 Cornwall_sw 17-29-54 005\" alt=\"20160201 Cornwall_sw 17-29-54 005\" width=\"120\" height=\"80\" style=\"max-width:120px;max-height:80px\" src=\"https:\/\/ottoschaefer.de\/birds_and_nature\/wp-content\/gallery\/schwarz-weiss\/thumbs\/thumbs_20160201-Cornwall_sw-17-29-54-005.jpg\" srcset=\"https:\/\/ottoschaefer.de\/birds_and_nature\/wp-content\/gallery\/schwarz-weiss\/thumbs\/thumbs_20160201-Cornwall_sw-17-29-54-005.jpg\" \/><\/picture>\t\t\t\t\t\t\t<\/a><div class='ngg-trigger-buttons'><i class='fa ngg-trigger nextgen_pro_lightbox fa-share-square' data-nplmodal-gallery-id='8a89f9d4da5581c12af114b51cf357b2' data-image-id='720'><\/i><\/div>\t\t\t\t\t<\/div><div id=\"ngg-image-5\" class=\"image-wrapper\"><a href=\"https:\/\/ottoschaefer.de\/birds_and_nature\/wp-content\/gallery\/schwarz-weiss\/20160201-Cornwall_sw-18-00-20-006.jpg\"\n\t\t\t\t\t\t\t\ttitle=\"\"\n\t\t\t\t\t\t\t\tdata-src=\"https:\/\/ottoschaefer.de\/birds_and_nature\/wp-content\/gallery\/schwarz-weiss\/20160201-Cornwall_sw-18-00-20-006.jpg\"\n\t\t\t\t\t\t\t\tdata-thumbnail=\"https:\/\/ottoschaefer.de\/birds_and_nature\/wp-content\/gallery\/schwarz-weiss\/thumbs\/thumbs_20160201-Cornwall_sw-18-00-20-006.jpg\"\n\t\t\t\t\t\t\t\tdata-image-id=\"721\"\n\t\t\t\t\t\t\t\tdata-title=\"20160201 Cornwall_sw 18-00-20 006\"\n\t\t\t\t\t\t\t\tdata-description=\"\"\n\t\t\t\t\t\t\t\t\t\t\t\t\t\t\t\t\t\t\t\t\t\t\t\t\t\t\t\t\t\t\t\t\t\t\t\t\t\t\tclass='nextgen_pro_lightbox' data-nplmodal-gallery-id='8a89f9d4da5581c12af114b51cf357b2'><picture><source srcset='https:\/\/ottoschaefer.de\/birds_and_nature\/wp-content\/gallery\/schwarz-weiss\/thumbs\/thumbs_20160201-Cornwall_sw-18-00-20-006.jpg'><img class=\"nextgen_pro_film_image\" title=\"20160201 Cornwall_sw 18-00-20 006\" alt=\"20160201 Cornwall_sw 18-00-20 006\" width=\"120\" height=\"80\" style=\"max-width:120px;max-height:80px\" src=\"https:\/\/ottoschaefer.de\/birds_and_nature\/wp-content\/gallery\/schwarz-weiss\/thumbs\/thumbs_20160201-Cornwall_sw-18-00-20-006.jpg\" srcset=\"https:\/\/ottoschaefer.de\/birds_and_nature\/wp-content\/gallery\/schwarz-weiss\/thumbs\/thumbs_20160201-Cornwall_sw-18-00-20-006.jpg\" \/><\/picture>\t\t\t\t\t\t\t<\/a><div class='ngg-trigger-buttons'><i class='fa ngg-trigger nextgen_pro_lightbox fa-share-square' data-nplmodal-gallery-id='8a89f9d4da5581c12af114b51cf357b2' data-image-id='721'><\/i><\/div>\t\t\t\t\t<\/div><div id=\"ngg-image-6\" class=\"image-wrapper\"><a href=\"https:\/\/ottoschaefer.de\/birds_and_nature\/wp-content\/gallery\/schwarz-weiss\/20160202-Cornwall_sw-08-41-24-001.jpg\"\n\t\t\t\t\t\t\t\ttitle=\"\"\n\t\t\t\t\t\t\t\tdata-src=\"https:\/\/ottoschaefer.de\/birds_and_nature\/wp-content\/gallery\/schwarz-weiss\/20160202-Cornwall_sw-08-41-24-001.jpg\"\n\t\t\t\t\t\t\t\tdata-thumbnail=\"https:\/\/ottoschaefer.de\/birds_and_nature\/wp-content\/gallery\/schwarz-weiss\/thumbs\/thumbs_20160202-Cornwall_sw-08-41-24-001.jpg\"\n\t\t\t\t\t\t\t\tdata-image-id=\"722\"\n\t\t\t\t\t\t\t\tdata-title=\"20160202 Cornwall_sw 08-41-24 001\"\n\t\t\t\t\t\t\t\tdata-description=\"\"\n\t\t\t\t\t\t\t\t\t\t\t\t\t\t\t\t\t\t\t\t\t\t\t\t\t\t\t\t\t\t\t\t\t\t\t\t\t\t\tclass='nextgen_pro_lightbox' data-nplmodal-gallery-id='8a89f9d4da5581c12af114b51cf357b2'><picture><source srcset='https:\/\/ottoschaefer.de\/birds_and_nature\/wp-content\/gallery\/schwarz-weiss\/thumbs\/thumbs_20160202-Cornwall_sw-08-41-24-001.jpg'><img class=\"nextgen_pro_film_image\" title=\"20160202 Cornwall_sw 08-41-24 001\" alt=\"20160202 Cornwall_sw 08-41-24 001\" width=\"120\" height=\"80\" style=\"max-width:120px;max-height:80px\" src=\"https:\/\/ottoschaefer.de\/birds_and_nature\/wp-content\/gallery\/schwarz-weiss\/thumbs\/thumbs_20160202-Cornwall_sw-08-41-24-001.jpg\" srcset=\"https:\/\/ottoschaefer.de\/birds_and_nature\/wp-content\/gallery\/schwarz-weiss\/thumbs\/thumbs_20160202-Cornwall_sw-08-41-24-001.jpg\" \/><\/picture>\t\t\t\t\t\t\t<\/a><div class='ngg-trigger-buttons'><i class='fa ngg-trigger nextgen_pro_lightbox fa-share-square' data-nplmodal-gallery-id='8a89f9d4da5581c12af114b51cf357b2' data-image-id='722'><\/i><\/div>\t\t\t\t\t<\/div><div id=\"ngg-image-7\" class=\"image-wrapper\"><a href=\"https:\/\/ottoschaefer.de\/birds_and_nature\/wp-content\/gallery\/schwarz-weiss\/20160202-Cornwall_sw-08-50-25-002.jpg\"\n\t\t\t\t\t\t\t\ttitle=\"\"\n\t\t\t\t\t\t\t\tdata-src=\"https:\/\/ottoschaefer.de\/birds_and_nature\/wp-content\/gallery\/schwarz-weiss\/20160202-Cornwall_sw-08-50-25-002.jpg\"\n\t\t\t\t\t\t\t\tdata-thumbnail=\"https:\/\/ottoschaefer.de\/birds_and_nature\/wp-content\/gallery\/schwarz-weiss\/thumbs\/thumbs_20160202-Cornwall_sw-08-50-25-002.jpg\"\n\t\t\t\t\t\t\t\tdata-image-id=\"723\"\n\t\t\t\t\t\t\t\tdata-title=\"20160202 Cornwall_sw 08-50-25 002\"\n\t\t\t\t\t\t\t\tdata-description=\"\"\n\t\t\t\t\t\t\t\t\t\t\t\t\t\t\t\t\t\t\t\t\t\t\t\t\t\t\t\t\t\t\t\t\t\t\t\t\t\t\tclass='nextgen_pro_lightbox' data-nplmodal-gallery-id='8a89f9d4da5581c12af114b51cf357b2'><picture><source srcset='https:\/\/ottoschaefer.de\/birds_and_nature\/wp-content\/gallery\/schwarz-weiss\/thumbs\/thumbs_20160202-Cornwall_sw-08-50-25-002.jpg'><img class=\"nextgen_pro_film_image\" title=\"20160202 Cornwall_sw 08-50-25 002\" alt=\"20160202 Cornwall_sw 08-50-25 002\" width=\"120\" height=\"80\" style=\"max-width:120px;max-height:80px\" src=\"https:\/\/ottoschaefer.de\/birds_and_nature\/wp-content\/gallery\/schwarz-weiss\/thumbs\/thumbs_20160202-Cornwall_sw-08-50-25-002.jpg\" srcset=\"https:\/\/ottoschaefer.de\/birds_and_nature\/wp-content\/gallery\/schwarz-weiss\/thumbs\/thumbs_20160202-Cornwall_sw-08-50-25-002.jpg\" \/><\/picture>\t\t\t\t\t\t\t<\/a><div class='ngg-trigger-buttons'><i class='fa ngg-trigger nextgen_pro_lightbox fa-share-square' data-nplmodal-gallery-id='8a89f9d4da5581c12af114b51cf357b2' data-image-id='723'><\/i><\/div>\t\t\t\t\t<\/div><div id=\"ngg-image-8\" class=\"image-wrapper\"><a href=\"https:\/\/ottoschaefer.de\/birds_and_nature\/wp-content\/gallery\/schwarz-weiss\/20160202-Cornwall_sw-12-16-46-003.jpg\"\n\t\t\t\t\t\t\t\ttitle=\"\"\n\t\t\t\t\t\t\t\tdata-src=\"https:\/\/ottoschaefer.de\/birds_and_nature\/wp-content\/gallery\/schwarz-weiss\/20160202-Cornwall_sw-12-16-46-003.jpg\"\n\t\t\t\t\t\t\t\tdata-thumbnail=\"https:\/\/ottoschaefer.de\/birds_and_nature\/wp-content\/gallery\/schwarz-weiss\/thumbs\/thumbs_20160202-Cornwall_sw-12-16-46-003.jpg\"\n\t\t\t\t\t\t\t\tdata-image-id=\"724\"\n\t\t\t\t\t\t\t\tdata-title=\"20160202 Cornwall_sw 12-16-46 003\"\n\t\t\t\t\t\t\t\tdata-description=\"\"\n\t\t\t\t\t\t\t\t\t\t\t\t\t\t\t\t\t\t\t\t\t\t\t\t\t\t\t\t\t\t\t\t\t\t\t\t\t\t\tclass='nextgen_pro_lightbox' data-nplmodal-gallery-id='8a89f9d4da5581c12af114b51cf357b2'><picture><source srcset='https:\/\/ottoschaefer.de\/birds_and_nature\/wp-content\/gallery\/schwarz-weiss\/thumbs\/thumbs_20160202-Cornwall_sw-12-16-46-003.jpg'><img class=\"nextgen_pro_film_image\" title=\"20160202 Cornwall_sw 12-16-46 003\" alt=\"20160202 Cornwall_sw 12-16-46 003\" width=\"120\" height=\"80\" style=\"max-width:120px;max-height:80px\" src=\"https:\/\/ottoschaefer.de\/birds_and_nature\/wp-content\/gallery\/schwarz-weiss\/thumbs\/thumbs_20160202-Cornwall_sw-12-16-46-003.jpg\" srcset=\"https:\/\/ottoschaefer.de\/birds_and_nature\/wp-content\/gallery\/schwarz-weiss\/thumbs\/thumbs_20160202-Cornwall_sw-12-16-46-003.jpg\" \/><\/picture>\t\t\t\t\t\t\t<\/a><div class='ngg-trigger-buttons'><i class='fa ngg-trigger nextgen_pro_lightbox fa-share-square' data-nplmodal-gallery-id='8a89f9d4da5581c12af114b51cf357b2' data-image-id='724'><\/i><\/div>\t\t\t\t\t<\/div><div id=\"ngg-image-9\" class=\"image-wrapper\"><a href=\"https:\/\/ottoschaefer.de\/birds_and_nature\/wp-content\/gallery\/schwarz-weiss\/20160202-Cornwall_sw-15-48-22-004.jpg\"\n\t\t\t\t\t\t\t\ttitle=\"\"\n\t\t\t\t\t\t\t\tdata-src=\"https:\/\/ottoschaefer.de\/birds_and_nature\/wp-content\/gallery\/schwarz-weiss\/20160202-Cornwall_sw-15-48-22-004.jpg\"\n\t\t\t\t\t\t\t\tdata-thumbnail=\"https:\/\/ottoschaefer.de\/birds_and_nature\/wp-content\/gallery\/schwarz-weiss\/thumbs\/thumbs_20160202-Cornwall_sw-15-48-22-004.jpg\"\n\t\t\t\t\t\t\t\tdata-image-id=\"725\"\n\t\t\t\t\t\t\t\tdata-title=\"20160202 Cornwall_sw 15-48-22 004\"\n\t\t\t\t\t\t\t\tdata-description=\"\"\n\t\t\t\t\t\t\t\t\t\t\t\t\t\t\t\t\t\t\t\t\t\t\t\t\t\t\t\t\t\t\t\t\t\t\t\t\t\t\tclass='nextgen_pro_lightbox' data-nplmodal-gallery-id='8a89f9d4da5581c12af114b51cf357b2'><picture><source srcset='https:\/\/ottoschaefer.de\/birds_and_nature\/wp-content\/gallery\/schwarz-weiss\/thumbs\/thumbs_20160202-Cornwall_sw-15-48-22-004.jpg'><img class=\"nextgen_pro_film_image\" title=\"20160202 Cornwall_sw 15-48-22 004\" alt=\"20160202 Cornwall_sw 15-48-22 004\" width=\"120\" height=\"80\" style=\"max-width:120px;max-height:80px\" src=\"https:\/\/ottoschaefer.de\/birds_and_nature\/wp-content\/gallery\/schwarz-weiss\/thumbs\/thumbs_20160202-Cornwall_sw-15-48-22-004.jpg\" srcset=\"https:\/\/ottoschaefer.de\/birds_and_nature\/wp-content\/gallery\/schwarz-weiss\/thumbs\/thumbs_20160202-Cornwall_sw-15-48-22-004.jpg\" \/><\/picture>\t\t\t\t\t\t\t<\/a><div class='ngg-trigger-buttons'><i class='fa ngg-trigger nextgen_pro_lightbox fa-share-square' data-nplmodal-gallery-id='8a89f9d4da5581c12af114b51cf357b2' data-image-id='725'><\/i><\/div>\t\t\t\t\t<\/div><\/div><div class='ngg-navigation'><span class='current'>1<\/span><a class='page-numbers' data-pageid='2' href='https:\/\/ottoschaefer.de\/birds_and_nature\/sw-fotografie\/nggallery\/page\/2'>2<\/a><a class='page-numbers' data-pageid='3' href='https:\/\/ottoschaefer.de\/birds_and_nature\/sw-fotografie\/nggallery\/page\/3'>3<\/a><a class='prev' href='https:\/\/ottoschaefer.de\/birds_and_nature\/sw-fotografie\/nggallery\/page\/2' data-pageid=\"2\">&#9658;<\/a><\/div>\n<\/p>\n","protected":false},"excerpt":{"rendered":"<p>Eigentlich ist es unverst\u00e4ndlich, dass man so wenig Schwarz-Wei\u00df-Bilder sieht. Aber auch bei mir hat es etwas gedauert bis ich mich mit dem Thema besch\u00e4ftigte. Leider muss ich sagen. Denn was man mit Farbbildern machen kann ist unglaublich. Mit der richtigen Technik (bei mir mit dem Modul &#8222;Silver Efex Pro&#8220; aus der, Nik Collection von [&hellip;]<\/p>\n","protected":false},"author":1,"featured_media":0,"parent":0,"menu_order":0,"comment_status":"closed","ping_status":"closed","template":"","meta":{"ngg_post_thumbnail":0,"footnotes":""},"class_list":["post-1971","page","type-page","status-publish","hentry","entry"],"_links":{"self":[{"href":"https:\/\/ottoschaefer.de\/birds_and_nature\/wp-json\/wp\/v2\/pages\/1971","targetHints":{"allow":["GET"]}}],"collection":[{"href":"https:\/\/ottoschaefer.de\/birds_and_nature\/wp-json\/wp\/v2\/pages"}],"about":[{"href":"https:\/\/ottoschaefer.de\/birds_and_nature\/wp-json\/wp\/v2\/types\/page"}],"author":[{"embeddable":true,"href":"https:\/\/ottoschaefer.de\/birds_and_nature\/wp-json\/wp\/v2\/users\/1"}],"replies":[{"embeddable":true,"href":"https:\/\/ottoschaefer.de\/birds_and_nature\/wp-json\/wp\/v2\/comments?post=1971"}],"version-history":[{"count":6,"href":"https:\/\/ottoschaefer.de\/birds_and_nature\/wp-json\/wp\/v2\/pages\/1971\/revisions"}],"predecessor-version":[{"id":3541,"href":"https:\/\/ottoschaefer.de\/birds_and_nature\/wp-json\/wp\/v2\/pages\/1971\/revisions\/3541"}],"wp:attachment":[{"href":"https:\/\/ottoschaefer.de\/birds_and_nature\/wp-json\/wp\/v2\/media?parent=1971"}],"curies":[{"name":"wp","href":"https:\/\/api.w.org\/{rel}","templated":true}]}}