{"id":193,"date":"2014-01-05T12:13:31","date_gmt":"2014-01-05T10:13:31","guid":{"rendered":"http:\/\/ottoschaefer.de\/birds_and_nature\/?page_id=193"},"modified":"2021-03-14T19:53:06","modified_gmt":"2021-03-14T18:53:06","slug":"pyrenaeen-2013","status":"publish","type":"page","link":"https:\/\/ottoschaefer.de\/birds_and_nature\/pyrenaeen-2013\/","title":{"rendered":"Pyren\u00e4en 2013"},"content":{"rendered":"<h2>Pyren\u00e4en, Januar 2013<\/h2>\n<p>Diese zweite Reise in die Pyren\u00e4en hat das Ziel Geier und Habichtsadler zu fotografieren. Die erste Etappe f\u00fchrte uns wieder zu Jordi Canut nach Buseu. Tortz der Lage in ca. 1300 m H\u00f6he ist Schnee in dieser Gegend keine Selbstverst\u00e4ndlichkeit, aber wir hatten Gl\u00fcck und wurden mit sch\u00f6nen Bildertn belohnt. Den zweiten Teil der Reise verbrachtgen wir dann in Montsonis, wo wir w\u00e4hrend unserer letzten Reise schon eine Nacht Station gemacht hatten. In den beiden unterschiedlich gelegenen Beaobachtungsh\u00fctten gelangen uns auch sehr sch\u00f6en Bilder von Habichtsadlern.<\/p>\nngg_shortcode_0_placeholder\n","protected":false},"excerpt":{"rendered":"<p>Pyren\u00e4en, Januar 2013 Diese zweite Reise in die Pyren\u00e4en hat das Ziel Geier und Habichtsadler zu fotografieren. Die erste Etappe f\u00fchrte uns wieder zu Jordi Canut nach Buseu. Tortz der Lage in ca. 1300 m H\u00f6he ist Schnee in dieser Gegend keine Selbstverst\u00e4ndlichkeit, aber wir hatten Gl\u00fcck und wurden mit sch\u00f6nen Bildertn belohnt. Den zweiten [&hellip;]<\/p>\n","protected":false},"author":1,"featured_media":0,"parent":0,"menu_order":0,"comment_status":"closed","ping_status":"closed","template":"template-page-no-title.php","meta":{"ngg_post_thumbnail":0,"footnotes":""},"class_list":["post-193","page","type-page","status-publish","hentry","entry"],"_links":{"self":[{"href":"https:\/\/ottoschaefer.de\/birds_and_nature\/wp-json\/wp\/v2\/pages\/193","targetHints":{"allow":["GET"]}}],"collection":[{"href":"https:\/\/ottoschaefer.de\/birds_and_nature\/wp-json\/wp\/v2\/pages"}],"about":[{"href":"https:\/\/ottoschaefer.de\/birds_and_nature\/wp-json\/wp\/v2\/types\/page"}],"author":[{"embeddable":true,"href":"https:\/\/ottoschaefer.de\/birds_and_nature\/wp-json\/wp\/v2\/users\/1"}],"replies":[{"embeddable":true,"href":"https:\/\/ottoschaefer.de\/birds_and_nature\/wp-json\/wp\/v2\/comments?post=193"}],"version-history":[{"count":7,"href":"https:\/\/ottoschaefer.de\/birds_and_nature\/wp-json\/wp\/v2\/pages\/193\/revisions"}],"predecessor-version":[{"id":2628,"href":"https:\/\/ottoschaefer.de\/birds_and_nature\/wp-json\/wp\/v2\/pages\/193\/revisions\/2628"}],"wp:attachment":[{"href":"https:\/\/ottoschaefer.de\/birds_and_nature\/wp-json\/wp\/v2\/media?parent=193"}],"curies":[{"name":"wp","href":"https:\/\/api.w.org\/{rel}","templated":true}]}}