{"id":1165,"date":"2014-10-04T21:46:22","date_gmt":"2014-10-04T20:46:22","guid":{"rendered":"http:\/\/ottoschaefer.de\/birds_and_nature\/?page_id=1165"},"modified":"2014-10-05T15:47:26","modified_gmt":"2014-10-05T14:47:26","slug":"antonov","status":"publish","type":"page","link":"https:\/\/ottoschaefer.de\/birds_and_nature\/antonov\/","title":{"rendered":"Antonov"},"content":{"rendered":"<h2>Rundflug mit der Antonov AN-2<\/h2>\n<p>Ein Alpenrundflug mit der Antonov AN-2 als &#8222;Copilot&#8220; vom Flugplatz Bad W\u00f6rishofen \u00fcber den Forggensee Richtung Schlo\u00df Neuschwanstein und zur\u00fcck.<\/p>\n<p><style>\n\t#gallery_e554c849446dc49fffa6c520ea49c110 .image-wrapper {\n\t\tmargin-left: 5px;\n\t\tmargin-bottom: 5px;\n\t\tpadding: 20px;\n\t\tborder: solid 1px #CCCCCC;\n\t\tbackground-color: #FFFFFF;\n\t\tmax-width: 162px;\n\t}\n\n\t#gallery_e554c849446dc49fffa6c520ea49c110 .image-wrapper a {\n\t\twidth: 120px;\n\t\theight: 79px;\n\t}\n\n\t#gallery_e554c849446dc49fffa6c520ea49c110 .nextgen_pro_film_title {\n\t\t\t}\n\n\t#gallery_e554c849446dc49fffa6c520ea49c110 .nextgen_pro_film_description {\n\t\t\t}\n<\/style><div class=\"nextgen_pro_film\" id=\"gallery_e554c849446dc49fffa6c520ea49c110\"\n\t\tdata-gallery-id=\"Antonov\"><div id=\"ngg-image-0\" class=\"image-wrapper\"><a href=\"https:\/\/ottoschaefer.de\/birds_and_nature\/wp-content\/gallery\/bilder\/20140907-Antonov-10-34-02-011.jpg\"\n\t\t\t\t\t\t\t\ttitle=\"Rundflug Antonov AN-2\"\n\t\t\t\t\t\t\t\tdata-src=\"https:\/\/ottoschaefer.de\/birds_and_nature\/wp-content\/gallery\/bilder\/20140907-Antonov-10-34-02-011.jpg\"\n\t\t\t\t\t\t\t\tdata-thumbnail=\"https:\/\/ottoschaefer.de\/birds_and_nature\/wp-content\/gallery\/bilder\/thumbs\/thumbs_20140907-Antonov-10-34-02-011.jpg\"\n\t\t\t\t\t\t\t\tdata-image-id=\"508\"\n\t\t\t\t\t\t\t\tdata-title=\"20140907 Antonov 10-34-02 011\"\n\t\t\t\t\t\t\t\tdata-description=\"Rundflug Antonov AN-2\"\n\t\t\t\t\t\t\t\t\t\t\t\t\t\t\t\t\t\t\t\t\t\t\t\t\t\t\t\t\t\t\t\t\t\t\t\t\t\t\tclass='nextgen_pro_lightbox' data-nplmodal-gallery-id='e554c849446dc49fffa6c520ea49c110'><picture><source srcset='https:\/\/ottoschaefer.de\/birds_and_nature\/wp-content\/gallery\/bilder\/thumbs\/thumbs_20140907-Antonov-10-34-02-011.jpg'><img class=\"nextgen_pro_film_image\" title=\"20140907 Antonov 10-34-02 011\" alt=\"20140907 Antonov 10-34-02 011\" width=\"120\" height=\"79\" style=\"max-width:120px;max-height:79px\" src=\"https:\/\/ottoschaefer.de\/birds_and_nature\/wp-content\/gallery\/bilder\/thumbs\/thumbs_20140907-Antonov-10-34-02-011.jpg\" srcset=\"https:\/\/ottoschaefer.de\/birds_and_nature\/wp-content\/gallery\/bilder\/thumbs\/thumbs_20140907-Antonov-10-34-02-011.jpg\" \/><\/picture>\t\t\t\t\t\t\t<\/a><div class='ngg-trigger-buttons'><i class='fa ngg-trigger nextgen_pro_lightbox fa-share-square' data-nplmodal-gallery-id='e554c849446dc49fffa6c520ea49c110' data-image-id='508'><\/i><\/div>\t\t\t\t\t<\/div><div id=\"ngg-image-1\" class=\"image-wrapper\"><a href=\"https:\/\/ottoschaefer.de\/birds_and_nature\/wp-content\/gallery\/bilder\/20140907-Antonov-10-34-54-013.jpg\"\n\t\t\t\t\t\t\t\ttitle=\"Rundflug Antonov AN-2\"\n\t\t\t\t\t\t\t\tdata-src=\"https:\/\/ottoschaefer.de\/birds_and_nature\/wp-content\/gallery\/bilder\/20140907-Antonov-10-34-54-013.jpg\"\n\t\t\t\t\t\t\t\tdata-thumbnail=\"https:\/\/ottoschaefer.de\/birds_and_nature\/wp-content\/gallery\/bilder\/thumbs\/thumbs_20140907-Antonov-10-34-54-013.jpg\"\n\t\t\t\t\t\t\t\tdata-image-id=\"509\"\n\t\t\t\t\t\t\t\tdata-title=\"20140907 Antonov 10-34-54 013\"\n\t\t\t\t\t\t\t\tdata-description=\"Rundflug Antonov AN-2\"\n\t\t\t\t\t\t\t\t\t\t\t\t\t\t\t\t\t\t\t\t\t\t\t\t\t\t\t\t\t\t\t\t\t\t\t\t\t\t\tclass='nextgen_pro_lightbox' data-nplmodal-gallery-id='e554c849446dc49fffa6c520ea49c110'><picture><source srcset='https:\/\/ottoschaefer.de\/birds_and_nature\/wp-content\/gallery\/bilder\/thumbs\/thumbs_20140907-Antonov-10-34-54-013.jpg'><img class=\"nextgen_pro_film_image\" title=\"20140907 Antonov 10-34-54 013\" alt=\"20140907 Antonov 10-34-54 013\" width=\"120\" height=\"79\" style=\"max-width:120px;max-height:79px\" src=\"https:\/\/ottoschaefer.de\/birds_and_nature\/wp-content\/gallery\/bilder\/thumbs\/thumbs_20140907-Antonov-10-34-54-013.jpg\" srcset=\"https:\/\/ottoschaefer.de\/birds_and_nature\/wp-content\/gallery\/bilder\/thumbs\/thumbs_20140907-Antonov-10-34-54-013.jpg\" \/><\/picture>\t\t\t\t\t\t\t<\/a><div class='ngg-trigger-buttons'><i class='fa ngg-trigger nextgen_pro_lightbox fa-share-square' data-nplmodal-gallery-id='e554c849446dc49fffa6c520ea49c110' data-image-id='509'><\/i><\/div>\t\t\t\t\t<\/div><div id=\"ngg-image-2\" class=\"image-wrapper\"><a href=\"https:\/\/ottoschaefer.de\/birds_and_nature\/wp-content\/gallery\/bilder\/20140907-Antonov-11-03-53-031.jpg\"\n\t\t\t\t\t\t\t\ttitle=\"Rundflug Antonov AN-2\"\n\t\t\t\t\t\t\t\tdata-src=\"https:\/\/ottoschaefer.de\/birds_and_nature\/wp-content\/gallery\/bilder\/20140907-Antonov-11-03-53-031.jpg\"\n\t\t\t\t\t\t\t\tdata-thumbnail=\"https:\/\/ottoschaefer.de\/birds_and_nature\/wp-content\/gallery\/bilder\/thumbs\/thumbs_20140907-Antonov-11-03-53-031.jpg\"\n\t\t\t\t\t\t\t\tdata-image-id=\"510\"\n\t\t\t\t\t\t\t\tdata-title=\"20140907 Antonov 11-03-53 031\"\n\t\t\t\t\t\t\t\tdata-description=\"Rundflug Antonov AN-2\"\n\t\t\t\t\t\t\t\t\t\t\t\t\t\t\t\t\t\t\t\t\t\t\t\t\t\t\t\t\t\t\t\t\t\t\t\t\t\t\tclass='nextgen_pro_lightbox' data-nplmodal-gallery-id='e554c849446dc49fffa6c520ea49c110'><picture><source srcset='https:\/\/ottoschaefer.de\/birds_and_nature\/wp-content\/gallery\/bilder\/thumbs\/thumbs_20140907-Antonov-11-03-53-031.jpg'><img class=\"nextgen_pro_film_image\" title=\"20140907 Antonov 11-03-53 031\" alt=\"20140907 Antonov 11-03-53 031\" width=\"120\" height=\"79\" style=\"max-width:120px;max-height:79px\" src=\"https:\/\/ottoschaefer.de\/birds_and_nature\/wp-content\/gallery\/bilder\/thumbs\/thumbs_20140907-Antonov-11-03-53-031.jpg\" srcset=\"https:\/\/ottoschaefer.de\/birds_and_nature\/wp-content\/gallery\/bilder\/thumbs\/thumbs_20140907-Antonov-11-03-53-031.jpg\" \/><\/picture>\t\t\t\t\t\t\t<\/a><div class='ngg-trigger-buttons'><i class='fa ngg-trigger nextgen_pro_lightbox fa-share-square' data-nplmodal-gallery-id='e554c849446dc49fffa6c520ea49c110' data-image-id='510'><\/i><\/div>\t\t\t\t\t<\/div><div id=\"ngg-image-3\" class=\"image-wrapper\"><a href=\"https:\/\/ottoschaefer.de\/birds_and_nature\/wp-content\/gallery\/bilder\/20140907-Antonov-11-07-02-033.jpg\"\n\t\t\t\t\t\t\t\ttitle=\"Rundflug Antonov AN-2\"\n\t\t\t\t\t\t\t\tdata-src=\"https:\/\/ottoschaefer.de\/birds_and_nature\/wp-content\/gallery\/bilder\/20140907-Antonov-11-07-02-033.jpg\"\n\t\t\t\t\t\t\t\tdata-thumbnail=\"https:\/\/ottoschaefer.de\/birds_and_nature\/wp-content\/gallery\/bilder\/thumbs\/thumbs_20140907-Antonov-11-07-02-033.jpg\"\n\t\t\t\t\t\t\t\tdata-image-id=\"511\"\n\t\t\t\t\t\t\t\tdata-title=\"20140907 Antonov 11-07-02 033\"\n\t\t\t\t\t\t\t\tdata-description=\"Rundflug Antonov AN-2\"\n\t\t\t\t\t\t\t\t\t\t\t\t\t\t\t\t\t\t\t\t\t\t\t\t\t\t\t\t\t\t\t\t\t\t\t\t\t\t\tclass='nextgen_pro_lightbox' data-nplmodal-gallery-id='e554c849446dc49fffa6c520ea49c110'><picture><source srcset='https:\/\/ottoschaefer.de\/birds_and_nature\/wp-content\/gallery\/bilder\/thumbs\/thumbs_20140907-Antonov-11-07-02-033.jpg'><img class=\"nextgen_pro_film_image\" title=\"20140907 Antonov 11-07-02 033\" alt=\"20140907 Antonov 11-07-02 033\" width=\"120\" height=\"79\" style=\"max-width:120px;max-height:79px\" src=\"https:\/\/ottoschaefer.de\/birds_and_nature\/wp-content\/gallery\/bilder\/thumbs\/thumbs_20140907-Antonov-11-07-02-033.jpg\" srcset=\"https:\/\/ottoschaefer.de\/birds_and_nature\/wp-content\/gallery\/bilder\/thumbs\/thumbs_20140907-Antonov-11-07-02-033.jpg\" \/><\/picture>\t\t\t\t\t\t\t<\/a><div class='ngg-trigger-buttons'><i class='fa ngg-trigger nextgen_pro_lightbox fa-share-square' data-nplmodal-gallery-id='e554c849446dc49fffa6c520ea49c110' data-image-id='511'><\/i><\/div>\t\t\t\t\t<\/div><div id=\"ngg-image-4\" class=\"image-wrapper\"><a href=\"https:\/\/ottoschaefer.de\/birds_and_nature\/wp-content\/gallery\/bilder\/20140907-Antonov-11-11-27-040.jpg\"\n\t\t\t\t\t\t\t\ttitle=\"Rundflug Antonov AN-2\"\n\t\t\t\t\t\t\t\tdata-src=\"https:\/\/ottoschaefer.de\/birds_and_nature\/wp-content\/gallery\/bilder\/20140907-Antonov-11-11-27-040.jpg\"\n\t\t\t\t\t\t\t\tdata-thumbnail=\"https:\/\/ottoschaefer.de\/birds_and_nature\/wp-content\/gallery\/bilder\/thumbs\/thumbs_20140907-Antonov-11-11-27-040.jpg\"\n\t\t\t\t\t\t\t\tdata-image-id=\"512\"\n\t\t\t\t\t\t\t\tdata-title=\"20140907 Antonov 11-11-27 040\"\n\t\t\t\t\t\t\t\tdata-description=\"Rundflug Antonov AN-2\"\n\t\t\t\t\t\t\t\t\t\t\t\t\t\t\t\t\t\t\t\t\t\t\t\t\t\t\t\t\t\t\t\t\t\t\t\t\t\t\tclass='nextgen_pro_lightbox' data-nplmodal-gallery-id='e554c849446dc49fffa6c520ea49c110'><picture><source srcset='https:\/\/ottoschaefer.de\/birds_and_nature\/wp-content\/gallery\/bilder\/thumbs\/thumbs_20140907-Antonov-11-11-27-040.jpg'><img class=\"nextgen_pro_film_image\" title=\"20140907 Antonov 11-11-27 040\" alt=\"20140907 Antonov 11-11-27 040\" width=\"120\" height=\"79\" style=\"max-width:120px;max-height:79px\" src=\"https:\/\/ottoschaefer.de\/birds_and_nature\/wp-content\/gallery\/bilder\/thumbs\/thumbs_20140907-Antonov-11-11-27-040.jpg\" srcset=\"https:\/\/ottoschaefer.de\/birds_and_nature\/wp-content\/gallery\/bilder\/thumbs\/thumbs_20140907-Antonov-11-11-27-040.jpg\" \/><\/picture>\t\t\t\t\t\t\t<\/a><div class='ngg-trigger-buttons'><i class='fa ngg-trigger nextgen_pro_lightbox fa-share-square' data-nplmodal-gallery-id='e554c849446dc49fffa6c520ea49c110' data-image-id='512'><\/i><\/div>\t\t\t\t\t<\/div><div id=\"ngg-image-5\" class=\"image-wrapper\"><a href=\"https:\/\/ottoschaefer.de\/birds_and_nature\/wp-content\/gallery\/bilder\/20140907-Antonov-11-12-33-041.jpg\"\n\t\t\t\t\t\t\t\ttitle=\"Rundflug Antonov AN-2\"\n\t\t\t\t\t\t\t\tdata-src=\"https:\/\/ottoschaefer.de\/birds_and_nature\/wp-content\/gallery\/bilder\/20140907-Antonov-11-12-33-041.jpg\"\n\t\t\t\t\t\t\t\tdata-thumbnail=\"https:\/\/ottoschaefer.de\/birds_and_nature\/wp-content\/gallery\/bilder\/thumbs\/thumbs_20140907-Antonov-11-12-33-041.jpg\"\n\t\t\t\t\t\t\t\tdata-image-id=\"513\"\n\t\t\t\t\t\t\t\tdata-title=\"20140907 Antonov 11-12-33 041\"\n\t\t\t\t\t\t\t\tdata-description=\"Rundflug Antonov AN-2\"\n\t\t\t\t\t\t\t\t\t\t\t\t\t\t\t\t\t\t\t\t\t\t\t\t\t\t\t\t\t\t\t\t\t\t\t\t\t\t\tclass='nextgen_pro_lightbox' data-nplmodal-gallery-id='e554c849446dc49fffa6c520ea49c110'><picture><source srcset='https:\/\/ottoschaefer.de\/birds_and_nature\/wp-content\/gallery\/bilder\/thumbs\/thumbs_20140907-Antonov-11-12-33-041.jpg'><img class=\"nextgen_pro_film_image\" title=\"20140907 Antonov 11-12-33 041\" alt=\"20140907 Antonov 11-12-33 041\" width=\"120\" height=\"79\" style=\"max-width:120px;max-height:79px\" src=\"https:\/\/ottoschaefer.de\/birds_and_nature\/wp-content\/gallery\/bilder\/thumbs\/thumbs_20140907-Antonov-11-12-33-041.jpg\" srcset=\"https:\/\/ottoschaefer.de\/birds_and_nature\/wp-content\/gallery\/bilder\/thumbs\/thumbs_20140907-Antonov-11-12-33-041.jpg\" \/><\/picture>\t\t\t\t\t\t\t<\/a><div class='ngg-trigger-buttons'><i class='fa ngg-trigger nextgen_pro_lightbox fa-share-square' data-nplmodal-gallery-id='e554c849446dc49fffa6c520ea49c110' data-image-id='513'><\/i><\/div>\t\t\t\t\t<\/div><div id=\"ngg-image-6\" class=\"image-wrapper\"><a href=\"https:\/\/ottoschaefer.de\/birds_and_nature\/wp-content\/gallery\/bilder\/20140907-Antonov-11-37-40-047.jpg\"\n\t\t\t\t\t\t\t\ttitle=\"Rundflug Antonov AN-2\"\n\t\t\t\t\t\t\t\tdata-src=\"https:\/\/ottoschaefer.de\/birds_and_nature\/wp-content\/gallery\/bilder\/20140907-Antonov-11-37-40-047.jpg\"\n\t\t\t\t\t\t\t\tdata-thumbnail=\"https:\/\/ottoschaefer.de\/birds_and_nature\/wp-content\/gallery\/bilder\/thumbs\/thumbs_20140907-Antonov-11-37-40-047.jpg\"\n\t\t\t\t\t\t\t\tdata-image-id=\"514\"\n\t\t\t\t\t\t\t\tdata-title=\"20140907 Antonov 11-37-40 047\"\n\t\t\t\t\t\t\t\tdata-description=\"Rundflug Antonov AN-2\"\n\t\t\t\t\t\t\t\t\t\t\t\t\t\t\t\t\t\t\t\t\t\t\t\t\t\t\t\t\t\t\t\t\t\t\t\t\t\t\tclass='nextgen_pro_lightbox' data-nplmodal-gallery-id='e554c849446dc49fffa6c520ea49c110'><picture><source srcset='https:\/\/ottoschaefer.de\/birds_and_nature\/wp-content\/gallery\/bilder\/thumbs\/thumbs_20140907-Antonov-11-37-40-047.jpg'><img class=\"nextgen_pro_film_image\" title=\"20140907 Antonov 11-37-40 047\" alt=\"20140907 Antonov 11-37-40 047\" width=\"120\" height=\"79\" style=\"max-width:120px;max-height:79px\" src=\"https:\/\/ottoschaefer.de\/birds_and_nature\/wp-content\/gallery\/bilder\/thumbs\/thumbs_20140907-Antonov-11-37-40-047.jpg\" srcset=\"https:\/\/ottoschaefer.de\/birds_and_nature\/wp-content\/gallery\/bilder\/thumbs\/thumbs_20140907-Antonov-11-37-40-047.jpg\" \/><\/picture>\t\t\t\t\t\t\t<\/a><div class='ngg-trigger-buttons'><i class='fa ngg-trigger nextgen_pro_lightbox fa-share-square' data-nplmodal-gallery-id='e554c849446dc49fffa6c520ea49c110' data-image-id='514'><\/i><\/div>\t\t\t\t\t<\/div><div id=\"ngg-image-7\" class=\"image-wrapper\"><a href=\"https:\/\/ottoschaefer.de\/birds_and_nature\/wp-content\/gallery\/bilder\/20140907-Antonov-11-37-54-048.jpg\"\n\t\t\t\t\t\t\t\ttitle=\"Rundflug Antonov AN-2\"\n\t\t\t\t\t\t\t\tdata-src=\"https:\/\/ottoschaefer.de\/birds_and_nature\/wp-content\/gallery\/bilder\/20140907-Antonov-11-37-54-048.jpg\"\n\t\t\t\t\t\t\t\tdata-thumbnail=\"https:\/\/ottoschaefer.de\/birds_and_nature\/wp-content\/gallery\/bilder\/thumbs\/thumbs_20140907-Antonov-11-37-54-048.jpg\"\n\t\t\t\t\t\t\t\tdata-image-id=\"515\"\n\t\t\t\t\t\t\t\tdata-title=\"20140907 Antonov 11-37-54 048\"\n\t\t\t\t\t\t\t\tdata-description=\"Rundflug Antonov AN-2\"\n\t\t\t\t\t\t\t\t\t\t\t\t\t\t\t\t\t\t\t\t\t\t\t\t\t\t\t\t\t\t\t\t\t\t\t\t\t\t\tclass='nextgen_pro_lightbox' data-nplmodal-gallery-id='e554c849446dc49fffa6c520ea49c110'><picture><source srcset='https:\/\/ottoschaefer.de\/birds_and_nature\/wp-content\/gallery\/bilder\/thumbs\/thumbs_20140907-Antonov-11-37-54-048.jpg'><img class=\"nextgen_pro_film_image\" title=\"20140907 Antonov 11-37-54 048\" alt=\"20140907 Antonov 11-37-54 048\" width=\"120\" height=\"79\" style=\"max-width:120px;max-height:79px\" src=\"https:\/\/ottoschaefer.de\/birds_and_nature\/wp-content\/gallery\/bilder\/thumbs\/thumbs_20140907-Antonov-11-37-54-048.jpg\" srcset=\"https:\/\/ottoschaefer.de\/birds_and_nature\/wp-content\/gallery\/bilder\/thumbs\/thumbs_20140907-Antonov-11-37-54-048.jpg\" \/><\/picture>\t\t\t\t\t\t\t<\/a><div class='ngg-trigger-buttons'><i class='fa ngg-trigger nextgen_pro_lightbox fa-share-square' data-nplmodal-gallery-id='e554c849446dc49fffa6c520ea49c110' data-image-id='515'><\/i><\/div>\t\t\t\t\t<\/div><div id=\"ngg-image-8\" class=\"image-wrapper\"><a href=\"https:\/\/ottoschaefer.de\/birds_and_nature\/wp-content\/gallery\/bilder\/20140907-Antonov-11-38-06-049.jpg\"\n\t\t\t\t\t\t\t\ttitle=\"Rundflug Antonov AN-2\"\n\t\t\t\t\t\t\t\tdata-src=\"https:\/\/ottoschaefer.de\/birds_and_nature\/wp-content\/gallery\/bilder\/20140907-Antonov-11-38-06-049.jpg\"\n\t\t\t\t\t\t\t\tdata-thumbnail=\"https:\/\/ottoschaefer.de\/birds_and_nature\/wp-content\/gallery\/bilder\/thumbs\/thumbs_20140907-Antonov-11-38-06-049.jpg\"\n\t\t\t\t\t\t\t\tdata-image-id=\"516\"\n\t\t\t\t\t\t\t\tdata-title=\"20140907 Antonov 11-38-06 049\"\n\t\t\t\t\t\t\t\tdata-description=\"Rundflug Antonov AN-2\"\n\t\t\t\t\t\t\t\t\t\t\t\t\t\t\t\t\t\t\t\t\t\t\t\t\t\t\t\t\t\t\t\t\t\t\t\t\t\t\tclass='nextgen_pro_lightbox' data-nplmodal-gallery-id='e554c849446dc49fffa6c520ea49c110'><picture><source srcset='https:\/\/ottoschaefer.de\/birds_and_nature\/wp-content\/gallery\/bilder\/thumbs\/thumbs_20140907-Antonov-11-38-06-049.jpg'><img class=\"nextgen_pro_film_image\" title=\"20140907 Antonov 11-38-06 049\" alt=\"20140907 Antonov 11-38-06 049\" width=\"120\" height=\"79\" style=\"max-width:120px;max-height:79px\" src=\"https:\/\/ottoschaefer.de\/birds_and_nature\/wp-content\/gallery\/bilder\/thumbs\/thumbs_20140907-Antonov-11-38-06-049.jpg\" srcset=\"https:\/\/ottoschaefer.de\/birds_and_nature\/wp-content\/gallery\/bilder\/thumbs\/thumbs_20140907-Antonov-11-38-06-049.jpg\" \/><\/picture>\t\t\t\t\t\t\t<\/a><div class='ngg-trigger-buttons'><i class='fa ngg-trigger nextgen_pro_lightbox fa-share-square' data-nplmodal-gallery-id='e554c849446dc49fffa6c520ea49c110' data-image-id='516'><\/i><\/div>\t\t\t\t\t<\/div><div id=\"ngg-image-9\" class=\"image-wrapper\"><a href=\"https:\/\/ottoschaefer.de\/birds_and_nature\/wp-content\/gallery\/bilder\/20140907-Antonov-11-38-29-051.jpg\"\n\t\t\t\t\t\t\t\ttitle=\"Rundflug Antonov AN-2\"\n\t\t\t\t\t\t\t\tdata-src=\"https:\/\/ottoschaefer.de\/birds_and_nature\/wp-content\/gallery\/bilder\/20140907-Antonov-11-38-29-051.jpg\"\n\t\t\t\t\t\t\t\tdata-thumbnail=\"https:\/\/ottoschaefer.de\/birds_and_nature\/wp-content\/gallery\/bilder\/thumbs\/thumbs_20140907-Antonov-11-38-29-051.jpg\"\n\t\t\t\t\t\t\t\tdata-image-id=\"517\"\n\t\t\t\t\t\t\t\tdata-title=\"20140907 Antonov 11-38-29 051\"\n\t\t\t\t\t\t\t\tdata-description=\"Rundflug Antonov AN-2\"\n\t\t\t\t\t\t\t\t\t\t\t\t\t\t\t\t\t\t\t\t\t\t\t\t\t\t\t\t\t\t\t\t\t\t\t\t\t\t\tclass='nextgen_pro_lightbox' data-nplmodal-gallery-id='e554c849446dc49fffa6c520ea49c110'><picture><source srcset='https:\/\/ottoschaefer.de\/birds_and_nature\/wp-content\/gallery\/bilder\/thumbs\/thumbs_20140907-Antonov-11-38-29-051.jpg'><img class=\"nextgen_pro_film_image\" title=\"20140907 Antonov 11-38-29 051\" alt=\"20140907 Antonov 11-38-29 051\" width=\"120\" height=\"79\" style=\"max-width:120px;max-height:79px\" src=\"https:\/\/ottoschaefer.de\/birds_and_nature\/wp-content\/gallery\/bilder\/thumbs\/thumbs_20140907-Antonov-11-38-29-051.jpg\" srcset=\"https:\/\/ottoschaefer.de\/birds_and_nature\/wp-content\/gallery\/bilder\/thumbs\/thumbs_20140907-Antonov-11-38-29-051.jpg\" \/><\/picture>\t\t\t\t\t\t\t<\/a><div class='ngg-trigger-buttons'><i class='fa ngg-trigger nextgen_pro_lightbox fa-share-square' data-nplmodal-gallery-id='e554c849446dc49fffa6c520ea49c110' data-image-id='517'><\/i><\/div>\t\t\t\t\t<\/div><\/div><div class='ngg-navigation'><span class='current'>1<\/span><a class='page-numbers' data-pageid='2' href='https:\/\/ottoschaefer.de\/birds_and_nature\/antonov\/nggallery\/page\/2'>2<\/a><a class='prev' href='https:\/\/ottoschaefer.de\/birds_and_nature\/antonov\/nggallery\/page\/2' data-pageid=\"2\">&#9658;<\/a><\/div>\n<\/p>\n","protected":false},"excerpt":{"rendered":"<p>Rundflug mit der Antonov AN-2 Ein Alpenrundflug mit der Antonov AN-2 als &#8222;Copilot&#8220; vom Flugplatz Bad W\u00f6rishofen \u00fcber den Forggensee Richtung Schlo\u00df Neuschwanstein und zur\u00fcck. 12&#9658;<\/p>\n","protected":false},"author":1,"featured_media":0,"parent":0,"menu_order":0,"comment_status":"closed","ping_status":"closed","template":"template-page-no-title.php","meta":{"ngg_post_thumbnail":0,"footnotes":""},"class_list":["post-1165","page","type-page","status-publish","hentry","entry"],"_links":{"self":[{"href":"https:\/\/ottoschaefer.de\/birds_and_nature\/wp-json\/wp\/v2\/pages\/1165","targetHints":{"allow":["GET"]}}],"collection":[{"href":"https:\/\/ottoschaefer.de\/birds_and_nature\/wp-json\/wp\/v2\/pages"}],"about":[{"href":"https:\/\/ottoschaefer.de\/birds_and_nature\/wp-json\/wp\/v2\/types\/page"}],"author":[{"embeddable":true,"href":"https:\/\/ottoschaefer.de\/birds_and_nature\/wp-json\/wp\/v2\/users\/1"}],"replies":[{"embeddable":true,"href":"https:\/\/ottoschaefer.de\/birds_and_nature\/wp-json\/wp\/v2\/comments?post=1165"}],"version-history":[{"count":1,"href":"https:\/\/ottoschaefer.de\/birds_and_nature\/wp-json\/wp\/v2\/pages\/1165\/revisions"}],"predecessor-version":[{"id":1167,"href":"https:\/\/ottoschaefer.de\/birds_and_nature\/wp-json\/wp\/v2\/pages\/1165\/revisions\/1167"}],"wp:attachment":[{"href":"https:\/\/ottoschaefer.de\/birds_and_nature\/wp-json\/wp\/v2\/media?parent=1165"}],"curies":[{"name":"wp","href":"https:\/\/api.w.org\/{rel}","templated":true}]}}